{"id":585536,"date":"2026-04-18T10:15:30","date_gmt":"2026-04-18T08:15:30","guid":{"rendered":"https:\/\/allhom.com\/shop\/tuya-wifi-floor-heating-thermostat-16a-3a-smart-home-underfloor-thermoregulator-with-alexa-google-yandex-temperature-control\/"},"modified":"2026-04-18T10:15:35","modified_gmt":"2026-04-18T08:15:35","slug":"tuya-wifi-floor-heating-thermostat-16a-3a-smart-home-underfloor-thermoregulator-with-alexa-google-yandex-temperature-control","status":"publish","type":"product","link":"https:\/\/allhom.com\/cs\/shop\/tuya-wifi-floor-heating-thermostat-16a-3a-smart-home-underfloor-thermoregulator-with-alexa-google-yandex-temperature-control\/","title":{"rendered":"Tuya WIFI Floor Heating Thermostat 16A 3A Smart Home Underfloor Thermoregulator with Alexa Google Yandex Temperature Control"},"content":{"rendered":"<div class=\"product-specs-list-container\">\n<ul class=\"product-specs-list util-clearfix\">\n<li class=\"product-prop line-limit-length\"><span class=\"property-title\">Vysoce rizikov\u00e1 chemik\u00e1lie:&nbsp;<\/span><span class=\"property-desc line-limit-length\">\u017d\u00e1dn\u00fd<\/span>\n                            <\/li>\n<li class=\"product-prop line-limit-length\"><span class=\"property-title\">\u010c\u00edslo modelu:&nbsp;<\/span><span class=\"property-desc line-limit-length\">AE-710D<\/span>\n                            <\/li>\n<li class=\"product-prop line-limit-length\"><span class=\"property-title\">Wattage:&nbsp;<\/span><span class=\"property-desc line-limit-length\">&lt;1W<\/span>\n                            <\/li>\n<li class=\"product-prop line-limit-length\"><span class=\"property-title\">N\u00e1zev zna\u010dky:&nbsp;<\/span><span class=\"property-desc line-limit-length\">ACMELEC<\/span>\n                            <\/li>\n<li class=\"product-prop line-limit-length\"><span class=\"property-title\">ACMELEC Model:&nbsp;<\/span><span class=\"property-desc line-limit-length\">AE-710D<\/span>\n                            <\/li>\n<li class=\"product-prop line-limit-length\"><span class=\"property-title\">P\u016fvod:&nbsp;<\/span><span class=\"property-desc line-limit-length\">Pevninsk\u00e1 \u010c\u00edna<\/span>\n                            <\/li>\n<li class=\"product-prop line-limit-length\"><span class=\"property-title\">Product name:&nbsp;<\/span><span class=\"property-desc line-limit-length\">Home Heating thermostat<\/span>\n                            <\/li>\n<li class=\"product-prop line-limit-length\"><span class=\"property-title\">APP:&nbsp;<\/span><span class=\"property-desc line-limit-length\">Tuya or Smart Life<\/span>\n                            <\/li>\n<li class=\"product-prop line-limit-length\"><span class=\"property-title\">Feature:&nbsp;<\/span><span class=\"property-desc line-limit-length\">Faster Installation<\/span>\n                            <\/li>\n<li class=\"product-prop line-limit-length\"><span class=\"property-title\">Craft:&nbsp;<\/span><span class=\"property-desc line-limit-length\">2.5D Curved Glass<\/span>\n                            <\/li>\n<li class=\"product-prop line-limit-length\"><span class=\"property-title\">Screen type:&nbsp;<\/span><span class=\"property-desc line-limit-length\">LCD Screen<\/span>\n                            <\/li>\n<li class=\"product-prop line-limit-length\"><span class=\"property-title\">Certifications:&nbsp;<\/span><span class=\"property-desc line-limit-length\">CE<\/span>\n                            <\/li>\n<li class=\"product-prop line-limit-length\"><span class=\"property-title\">Sensor:&nbsp;<\/span><span class=\"property-desc line-limit-length\">Built-in NTC Sensor<\/span>\n                            <\/li>\n<li class=\"product-prop line-limit-length\"><span class=\"property-title\">Current Load:&nbsp;<\/span><span class=\"property-desc line-limit-length\">3A\/16A(Electric Heating)<\/span>\n                            <\/li>\n<li class=\"product-prop line-limit-length\"><span class=\"property-title\">Material:&nbsp;<\/span><span class=\"property-desc line-limit-length\">ABS<\/span>\n                            <\/li>\n<li class=\"product-prop line-limit-length\"><span class=\"property-title\">Set the temperature range.:&nbsp;<\/span><span class=\"property-desc line-limit-length\">5-35\u2103 Adjustable<\/span>\n                            <\/li>\n<li class=\"product-prop line-limit-length\"><span class=\"property-title\">Color:&nbsp;<\/span><span class=\"property-desc line-limit-length\">Default Black<\/span>\n                            <\/li>\n<\/ul><\/div>\n<div class=\"detailmodule_image\"><img decoding=\"async\" class=\"detail-desc-decorate-image\" src=\"https:\/\/ae01.alicdn.com\/kf\/S465dc93e400f457aa33e20a089d630f3B.jpg\" \/><img decoding=\"async\" class=\"detail-desc-decorate-image\" src=\"https:\/\/ae01.alicdn.com\/kf\/S15639f9dbef74c34a9f8607963ceb47fY.jpg\" \/><img decoding=\"async\" class=\"detail-desc-decorate-image\" src=\"https:\/\/ae01.alicdn.com\/kf\/S92d50d7eea4c4c2dbe4d662b13d920c2W.jpg\" \/><img decoding=\"async\" class=\"detail-desc-decorate-image\" src=\"https:\/\/ae01.alicdn.com\/kf\/Sbc9dc938cbcf432c8532cfc328712ecdt.jpg\" \/><img decoding=\"async\" class=\"detail-desc-decorate-image\" src=\"https:\/\/ae01.alicdn.com\/kf\/S0d2843c261a74551a93fb8ac22fc13b4b.jpg\" \/><img decoding=\"async\" class=\"detail-desc-decorate-image\" src=\"https:\/\/ae01.alicdn.com\/kf\/S7ce9e4663a744a5782d5a02436b6e5daC.jpg\" \/><img decoding=\"async\" class=\"detail-desc-decorate-image\" src=\"https:\/\/ae01.alicdn.com\/kf\/S2e70155d48bf4f8aaf30a496e517caa9e.jpg\" \/><img decoding=\"async\" class=\"detail-desc-decorate-image\" src=\"https:\/\/ae01.alicdn.com\/kf\/Sb8fc8cb1d68f46068769fe69c5da6205M.jpg\" \/><img decoding=\"async\" class=\"detail-desc-decorate-image\" src=\"https:\/\/ae01.alicdn.com\/kf\/Sa143a28030344ffa93f199dfa7f20ac4g.jpg\" \/><\/div>\n<div class=\"detailmodule_image\"><img decoding=\"async\" class=\"detail-desc-decorate-image\" src=\"https:\/\/ae01.alicdn.com\/kf\/Aff69c2b4ffeb46faa9f77bcf85735ef8x.jpg\" \/><img decoding=\"async\" class=\"detail-desc-decorate-image\" src=\"https:\/\/ae01.alicdn.com\/kf\/Sa1dbfd9a1dfc4e93af324a51e8ed50b5D.jpg\" \/><img decoding=\"async\" class=\"detail-desc-decorate-image\" src=\"https:\/\/ae01.alicdn.com\/kf\/S030d80c53599401e883eae3d3f928416l.jpg\" \/><\/div>\n<div class=\"detailmodule_image\"><img decoding=\"async\" class=\"detail-desc-decorate-image\" src=\"https:\/\/ae01.alicdn.com\/kf\/S9be69efb047945b684ca75a95ce1dd409.jpg\" \/><img decoding=\"async\" class=\"detail-desc-decorate-image\" src=\"https:\/\/ae01.alicdn.com\/kf\/Se0e295b9873344bda573d8c594f46007I.jpg\" \/><\/div>\n<p><\/p>","protected":false},"excerpt":{"rendered":"<p>High-concerned chemical:&nbsp;None Model Number:&nbsp;AE-710D Wattage:&nbsp;&lt;1W Brand Name:&nbsp;ACMELEC ACMELEC Model:&nbsp;AE-710D Origin:&nbsp;Mainland China Product name:&nbsp;Home Heating thermostat APP:&nbsp;Tuya or Smart Life Feature:&nbsp;Faster Installation Craft:&nbsp;2.5D Curved Glass Screen type:&nbsp;LCD Screen Certifications:&nbsp;CE Sensor:&nbsp;Built-in NTC Sensor Current Load:&nbsp;3A\/16A(Electric Heating) Material:&nbsp;ABS Set the temperature&#8230;<\/p>","protected":false},"featured_media":585537,"comment_status":"open","ping_status":"closed","template":"","meta":[],"etheme_brands":[],"product_brand":[],"product_cat":[28069,28068],"product_tag":[28072],"class_list":{"0":"post-585536","1":"product","2":"type-product","3":"status-publish","4":"has-post-thumbnail","6":"product_cat-family-intelligence-system","7":"product_cat-home-improvement","8":"product_tag-smart-home","10":"first","11":"instock","12":"taxable","13":"shipping-taxable","14":"purchasable","15":"product-type-variable"},"_links":{"self":[{"href":"https:\/\/allhom.com\/cs\/wp-json\/wp\/v2\/product\/585536","targetHints":{"allow":["GET"]}}],"collection":[{"href":"https:\/\/allhom.com\/cs\/wp-json\/wp\/v2\/product"}],"about":[{"href":"https:\/\/allhom.com\/cs\/wp-json\/wp\/v2\/types\/product"}],"replies":[{"embeddable":true,"href":"https:\/\/allhom.com\/cs\/wp-json\/wp\/v2\/comments?post=585536"}],"version-history":[{"count":0,"href":"https:\/\/allhom.com\/cs\/wp-json\/wp\/v2\/product\/585536\/revisions"}],"wp:featuredmedia":[{"embeddable":true,"href":"https:\/\/allhom.com\/cs\/wp-json\/wp\/v2\/media\/585537"}],"wp:attachment":[{"href":"https:\/\/allhom.com\/cs\/wp-json\/wp\/v2\/media?parent=585536"}],"wp:term":[{"taxonomy":"brand","embeddable":true,"href":"https:\/\/allhom.com\/cs\/wp-json\/wp\/v2\/etheme_brands?post=585536"},{"taxonomy":"product_brand","embeddable":true,"href":"https:\/\/allhom.com\/cs\/wp-json\/wp\/v2\/product_brand?post=585536"},{"taxonomy":"product_cat","embeddable":true,"href":"https:\/\/allhom.com\/cs\/wp-json\/wp\/v2\/product_cat?post=585536"},{"taxonomy":"product_tag","embeddable":true,"href":"https:\/\/allhom.com\/cs\/wp-json\/wp\/v2\/product_tag?post=585536"}],"curies":[{"name":"wp","href":"https:\/\/api.w.org\/{rel}","templated":true}]}}