{"id":579963,"date":"2026-04-14T16:38:09","date_gmt":"2026-04-14T14:38:09","guid":{"rendered":"https:\/\/allhom.com\/shop\/garden-furniture-set-outdoor-corner-sofa-plastic-armrests-galvanized-steel-pipes-coffee-table-garden-sofa-leisure-sofa\/"},"modified":"2026-04-14T18:31:37","modified_gmt":"2026-04-14T16:31:37","slug":"garden-furniture-set-outdoor-corner-sofa-plastic-armrests-galvanized-steel-pipes-coffee-table-garden-sofa-leisure-sofa","status":"publish","type":"product","link":"https:\/\/allhom.com\/en\/shop\/garden-furniture-set-outdoor-corner-sofa-plastic-armrests-galvanized-steel-pipes-coffee-table-garden-sofa-leisure-sofa\/","title":{"rendered":"Garden furniture set, outdoor corner sofa, plastic armrests, galvanized steel pipes, coffee table, garden sofa. Leisure sofa"},"content":{"rendered":"\n<div class=\"product-specs-list-container\">\n<ul class=\"product-specs-list util-clearfix\">\n<li class=\"product-prop line-limit-length\"><span class=\"property-title\">Frame Material:&nbsp;<\/span><span class=\"property-desc line-limit-length\">Metal<\/span>\n                            <\/li>\n<li class=\"product-prop line-limit-length\"><span class=\"property-title\">Installation Method:&nbsp;<\/span><span class=\"property-desc line-limit-length\">Assembly<\/span>\n                            <\/li>\n<li class=\"product-prop line-limit-length\"><span class=\"property-title\">General Use:&nbsp;<\/span><span class=\"property-desc line-limit-length\">Outdoor Furniture<\/span>\n                            <\/li>\n<li class=\"product-prop line-limit-length\"><span class=\"property-title\">Specific Use:&nbsp;<\/span><span class=\"property-desc line-limit-length\">Garden Set<\/span>\n                            <\/li>\n<\/ul><\/div>\n<ul style=\"font-family:Arial, Roboto, Helvetica, sans-serif;font-size:14px;font-weight:400;letter-spacing:normal;text-align:start;white-space:normal;margin-bottom:10px;margin-top:0px;padding-left:18px\">\n<li style=\"margin-top:12px\">\n<ul style=\"font-family:Arial, Roboto, Helvetica, sans-serif;font-size:14px;font-weight:400;letter-spacing:normal;text-align:start;white-space:normal;margin-bottom:10px;margin-top:0px;padding-left:18px\">\n<li style=\"margin-top:12px\">\n<ul style=\"font-family:Arial, Roboto, Helvetica, sans-serif;font-size:14px;font-weight:400;letter-spacing:normal;text-align:start;white-space:normal;margin-bottom:10px;margin-top:0px;padding-left:18px\">\n<li style=\"margin-top:12px\">\n<ul style=\"font-family:Arial, Roboto, Helvetica, sans-serif;font-size:14px;font-weight:400;letter-spacing:normal;text-align:start;white-space:normal;margin-bottom:10px;margin-top:0px;padding-left:18px\">\n<li style=\"margin-top:12px\">\n<ul style=\"font-family:Arial, Roboto, Helvetica, sans-serif;font-size:14px;font-weight:400;letter-spacing:normal;text-align:start;white-space:normal;margin-bottom:10px;margin-top:0px;padding-left:18px\">\n<li style=\"margin-top:12px\">\n<ul style=\"font-family:Arial, Roboto, Helvetica, sans-serif;font-size:14px;font-weight:400;letter-spacing:normal;text-align:start;white-space:normal;margin-bottom:10px;margin-top:0px;padding-left:18px\">\n<li style=\"margin-top:12px\">\n<p>Gro\u00dfz\u00fcgiges 7-Sitzer-Set, bestehend aus einem 5-sitzigen Ecksofa inklusive Ecke, einem Einzelsessel und einem Hocker, bietet Platz f\u00fcr bis zu 7 Personen und eignet sich ideal f\u00fcr gesellige Stunden im Garten.<\/p>\n<\/li>\n<li style=\"margin-top:12px\">\n<p>Beige Polster mit khakifarbenem Gestell, die harmonische Farbkombination wirkt modern, hochwertig und l\u00e4sst sich vielseitig mit unterschiedlichen Gartenstilen kombinieren.<\/p>\n<\/li>\n<li style=\"margin-top:12px\">\n<p>Armlehnen mit WPC-Platten, im Vergleich zu Metall heizen sich diese bei direkter Sonneneinstrahlung weniger auf und sch\u00fctzen zuverl\u00e4ssig vor hei\u00dfen Oberfl\u00e4chen im Sommer.<\/p>\n<\/li>\n<li style=\"margin-top:12px\">\n<p>Schlichtes und modernes Design, klare Linien und eine zeitlose Form sorgen f\u00fcr eine elegante Optik und langfristige Stilbest\u00e4ndigkeit.<\/p>\n<\/li>\n<li style=\"margin-top:12px\">\n<p>Inklusive passendem Couchtisch, bietet praktischen Platz f\u00fcr Getr\u00e4nke, Snacks oder Dekoration und rundet den Outdoor-Wohnbereich perfekt ab.<\/p>\n<\/li>\n<li style=\"margin-top:12px\">\n<p><img wpfc-lazyload-disable=\"true\" decoding=\"async\" src=\"https:\/\/allhom.com\/wp-content\/uploads\/2026\/04\/Garden-furniture-set-outdoor-corner-sofa-plastic-armrests-galvanized-steel-pipes-coffee-table-garden-sofa.-Leisure-sofa-4.webp\" \/><img wpfc-lazyload-disable=\"true\" decoding=\"async\" src=\"https:\/\/allhom.com\/wp-content\/uploads\/2026\/04\/Garden-furniture-set-outdoor-corner-sofa-plastic-armrests-galvanized-steel-pipes-coffee-table-garden-sofa.-Leisure-sofa-3.webp\" \/><img wpfc-lazyload-disable=\"true\" decoding=\"async\" src=\"https:\/\/allhom.com\/wp-content\/uploads\/2026\/04\/Garden-furniture-set-outdoor-corner-sofa-plastic-armrests-galvanized-steel-pipes-coffee-table-garden-sofa.-Leisure-sofa-2.webp\" \/><img wpfc-lazyload-disable=\"true\" decoding=\"async\" src=\"https:\/\/allhom.com\/wp-content\/uploads\/2026\/04\/Garden-furniture-set-outdoor-corner-sofa-plastic-armrests-galvanized-steel-pipes-coffee-table-garden-sofa.-Leisure-sofa-1.webp\" \/><img wpfc-lazyload-disable=\"true\" decoding=\"async\" src=\"https:\/\/allhom.com\/wp-content\/uploads\/2026\/04\/Garden-furniture-set-outdoor-corner-sofa-plastic-armrests-galvanized-steel-pipes-coffee-table-garden-sofa.-Leisure-sofa.webp\" \/><img wpfc-lazyload-disable=\"true\" decoding=\"async\" src=\"https:\/\/allhom.com\/wp-content\/uploads\/2026\/04\/Garden-furniture-set-outdoor-corner-sofa-plastic-armrests-galvanized-steel-pipes-coffee-table-garden-sofa.-Leisure-sofa-5.webp\" \/><img wpfc-lazyload-disable=\"true\" decoding=\"async\" src=\"https:\/\/allhom.com\/wp-content\/uploads\/2026\/04\/Garden-furniture-set-outdoor-corner-sofa-plastic-armrests-galvanized-steel-pipes-coffee-table-garden-sofa.-Leisure-sofa-6.webp\" \/><img wpfc-lazyload-disable=\"true\" decoding=\"async\" src=\"https:\/\/allhom.com\/wp-content\/uploads\/2026\/04\/Garden-furniture-set-outdoor-corner-sofa-plastic-armrests-galvanized-steel-pipes-coffee-table-garden-sofa.-Leisure-sofa-7.webp\" \/><img wpfc-lazyload-disable=\"true\" decoding=\"async\" src=\"https:\/\/allhom.com\/wp-content\/uploads\/2026\/04\/Garden-furniture-set-outdoor-corner-sofa-plastic-armrests-galvanized-steel-pipes-coffee-table-garden-sofa.-Leisure-sofa-8.webp\" \/><img wpfc-lazyload-disable=\"true\" decoding=\"async\" src=\"https:\/\/allhom.com\/wp-content\/uploads\/2026\/04\/Garden-furniture-set-outdoor-corner-sofa-plastic-armrests-galvanized-steel-pipes-coffee-table-garden-sofa.-Leisure-sofa-9.webp\" \/><img wpfc-lazyload-disable=\"true\" decoding=\"async\" src=\"https:\/\/allhom.com\/wp-content\/uploads\/2026\/04\/Garden-furniture-set-outdoor-corner-sofa-plastic-armrests-galvanized-steel-pipes-coffee-table-garden-sofa.-Leisure-sofa-10.webp\" \/><img wpfc-lazyload-disable=\"true\" decoding=\"async\" src=\"https:\/\/allhom.com\/wp-content\/uploads\/2026\/04\/Garden-furniture-set-outdoor-corner-sofa-plastic-armrests-galvanized-steel-pipes-coffee-table-garden-sofa.-Leisure-sofa-11.webp\" \/><img wpfc-lazyload-disable=\"true\" decoding=\"async\" src=\"https:\/\/allhom.com\/wp-content\/uploads\/2026\/04\/Garden-furniture-set-outdoor-corner-sofa-plastic-armrests-galvanized-steel-pipes-coffee-table-garden-sofa.-Leisure-sofa-12.webp\" \/><img wpfc-lazyload-disable=\"true\" decoding=\"async\" src=\"https:\/\/allhom.com\/wp-content\/uploads\/2026\/04\/Garden-furniture-set-outdoor-corner-sofa-plastic-armrests-galvanized-steel-pipes-coffee-table-garden-sofa.-Leisure-sofa-13.webp\" \/><img wpfc-lazyload-disable=\"true\" decoding=\"async\" src=\"https:\/\/allhom.com\/wp-content\/uploads\/2026\/04\/Garden-furniture-set-outdoor-corner-sofa-plastic-armrests-galvanized-steel-pipes-coffee-table-garden-sofa.-Leisure-sofa-14.webp\" \/><\/p>\n<\/li>\n<\/ul>\n<p><\/p>\n<\/li>\n<\/ul>\n<\/li>\n<\/ul>\n<\/li>\n<\/ul>\n<\/li>\n<\/ul>\n<\/li>\n<\/ul>\n","protected":false},"excerpt":{"rendered":"<p>Frame Material:&nbsp;Metal Installation Method:&nbsp;Assembly General Use:&nbsp;Outdoor Furniture Specific Use:&nbsp;Garden Set Gro\u00dfz\u00fcgiges 7-Sitzer-Set, bestehend aus einem 5-sitzigen Ecksofa inklusive Ecke, einem Einzelsessel und einem Hocker, bietet Platz f\u00fcr bis zu 7 Personen und eignet sich ideal f\u00fcr gesellige Stunden&#8230;<\/p>\n","protected":false},"featured_media":579964,"comment_status":"open","ping_status":"closed","template":"","meta":[],"etheme_brands":[],"product_brand":[],"product_cat":[21973,27719],"product_tag":[27844],"class_list":{"0":"post-579963","1":"product","2":"type-product","3":"status-publish","4":"has-post-thumbnail","6":"product_cat-furniture","7":"product_cat-outdoor-furniture","8":"product_tag-furniture","10":"first","11":"instock","12":"taxable","13":"shipping-taxable","14":"purchasable","15":"product-type-variable"},"_links":{"self":[{"href":"https:\/\/allhom.com\/en\/wp-json\/wp\/v2\/product\/579963","targetHints":{"allow":["GET"]}}],"collection":[{"href":"https:\/\/allhom.com\/en\/wp-json\/wp\/v2\/product"}],"about":[{"href":"https:\/\/allhom.com\/en\/wp-json\/wp\/v2\/types\/product"}],"replies":[{"embeddable":true,"href":"https:\/\/allhom.com\/en\/wp-json\/wp\/v2\/comments?post=579963"}],"version-history":[{"count":15,"href":"https:\/\/allhom.com\/en\/wp-json\/wp\/v2\/product\/579963\/revisions"}],"predecessor-version":[{"id":580729,"href":"https:\/\/allhom.com\/en\/wp-json\/wp\/v2\/product\/579963\/revisions\/580729"}],"wp:featuredmedia":[{"embeddable":true,"href":"https:\/\/allhom.com\/en\/wp-json\/wp\/v2\/media\/579964"}],"wp:attachment":[{"href":"https:\/\/allhom.com\/en\/wp-json\/wp\/v2\/media?parent=579963"}],"wp:term":[{"taxonomy":"brand","embeddable":true,"href":"https:\/\/allhom.com\/en\/wp-json\/wp\/v2\/etheme_brands?post=579963"},{"taxonomy":"product_brand","embeddable":true,"href":"https:\/\/allhom.com\/en\/wp-json\/wp\/v2\/product_brand?post=579963"},{"taxonomy":"product_cat","embeddable":true,"href":"https:\/\/allhom.com\/en\/wp-json\/wp\/v2\/product_cat?post=579963"},{"taxonomy":"product_tag","embeddable":true,"href":"https:\/\/allhom.com\/en\/wp-json\/wp\/v2\/product_tag?post=579963"}],"curies":[{"name":"wp","href":"https:\/\/api.w.org\/{rel}","templated":true}]}}