{"id":579984,"date":"2026-04-14T16:46:59","date_gmt":"2026-04-14T14:46:59","guid":{"rendered":"https:\/\/allhom.com\/shop\/large-table-equipped-with-wooden-railings-chairs-and-cushions-outdoor-sofa-garden-leisure-sofa-set-8-seater-furniture-set\/"},"modified":"2026-04-14T18:39:50","modified_gmt":"2026-04-14T16:39:50","slug":"large-table-equipped-with-wooden-railings-chairs-and-cushions-outdoor-sofa-garden-leisure-sofa-set-8-seater-furniture-set","status":"publish","type":"product","link":"https:\/\/allhom.com\/en\/shop\/large-table-equipped-with-wooden-railings-chairs-and-cushions-outdoor-sofa-garden-leisure-sofa-set-8-seater-furniture-set\/","title":{"rendered":"large table, equipped with wooden railings, chairs and cushions, outdoor sofa.Garden leisure sofa set, 8-seater. Furniture set,"},"content":{"rendered":"\n<div class=\"product-specs-list-container\">\n<ul class=\"product-specs-list util-clearfix\">\n<li class=\"product-prop line-limit-length\"><span class=\"property-title\">Frame Material:&nbsp;<\/span><span class=\"property-desc line-limit-length\">Metal<\/span>\n                            <\/li>\n<li class=\"product-prop line-limit-length\"><span class=\"property-title\">Installation Method:&nbsp;<\/span><span class=\"property-desc line-limit-length\">Assembly<\/span>\n                            <\/li>\n<li class=\"product-prop line-limit-length\"><span class=\"property-title\">General Use:&nbsp;<\/span><span class=\"property-desc line-limit-length\">Outdoor Furniture<\/span>\n                            <\/li>\n<li class=\"product-prop line-limit-length\"><span class=\"property-title\">Specific Use:&nbsp;<\/span><span class=\"property-desc line-limit-length\">Garden Set<\/span>\n                            <\/li>\n<\/ul><\/div>\n<ul style=\"font-family:Arial, Roboto, Helvetica, sans-serif;font-size:14px;font-weight:400;letter-spacing:normal;text-align:start;white-space:normal;margin-bottom:10px;margin-top:0px;padding-left:18px\">\n<li style=\"margin-top:12px\">\n<p>Produktgr\u00f6\u00dfe: gro\u00dfes Sofa*1:234*69*86cm (BxTxH) kleines Sofa*1:115*69*86cm (BxTxH) Einzelsofa*2:65*63*63cm (BxTxH) Tisch:100*60*72cm (BxTxH). Das Einzelsofa kann 150kg tragen, der Tisch 60kg.<\/p>\n<\/li>\n<li style=\"margin-top:12px\">\n<p>Leichte, verzinkte Eisenrahmen: Wir behandeln das Eisen mit einer speziellen Beschichtung oder Lackierung, um es zus\u00e4tzlich zu sch\u00fctzen. Diese Beschichtung verhindert, dass das Eisen mit Feuchtigkeit in Ber\u00fchrung kommt und somit im Laufe der Zeit nicht rostet.<\/p>\n<\/li>\n<li style=\"margin-top:12px\">\n<p>Hochwertige Materialien: die Armlehnen des Sitzes sind mit Seil geflochten, das ist sch\u00f6ner und praktischer: es kann Regen, Sonne, Wind und anderen \u00e4u\u00dferen Einfl\u00fcssen widerstehen.<\/p>\n<\/li>\n<li style=\"margin-top:12px\">\n<p>DETAILREICH: Der Tisch und die St\u00fchle sind mit verstellbaren Beinen ausgestattet, die sie auch auf unebenen B\u00f6den stabil halten und den Boden vor Kratzern durch die St\u00fchle sch\u00fctzen. Das Set aus Tisch und St\u00fchlen umfasst au\u00dferdem R\u00fccken- und Sitzkissen mit einer Dicke, die ein bequemes Sitzen gew\u00e4hrleistet.<\/p>\n<\/li>\n<li style=\"margin-top:12px\">\n<p>Bitte beachten Sie: Dieses Produkt besteht aus 3 Paketen und es kann sein, dass nicht alle 3 Pakete am selben Tag ankommen.<\/p>\n<\/li>\n<li style=\"margin-top:12px\">\n<p><img wpfc-lazyload-disable=\"true\" decoding=\"async\" src=\"https:\/\/allhom.com\/wp-content\/uploads\/2026\/04\/large-table-equipped-with-wooden-railings-chairs-and-cushions-outdoor-sofa.Garden-leisure-sofa-set-8-seater.-Furniture-set-5.webp\" \/><img wpfc-lazyload-disable=\"true\" decoding=\"async\" src=\"https:\/\/allhom.com\/wp-content\/uploads\/2026\/04\/large-table-equipped-with-wooden-railings-chairs-and-cushions-outdoor-sofa.Garden-leisure-sofa-set-8-seater.-Furniture-set-6.webp\" \/><img wpfc-lazyload-disable=\"true\" decoding=\"async\" src=\"https:\/\/allhom.com\/wp-content\/uploads\/2026\/04\/large-table-equipped-with-wooden-railings-chairs-and-cushions-outdoor-sofa.Garden-leisure-sofa-set-8-seater.-Furniture-set-4.webp\" \/><img wpfc-lazyload-disable=\"true\" decoding=\"async\" src=\"https:\/\/allhom.com\/wp-content\/uploads\/2026\/04\/large-table-equipped-with-wooden-railings-chairs-and-cushions-outdoor-sofa.Garden-leisure-sofa-set-8-seater.-Furniture-set-3.webp\" \/><img wpfc-lazyload-disable=\"true\" decoding=\"async\" src=\"https:\/\/allhom.com\/wp-content\/uploads\/2026\/04\/large-table-equipped-with-wooden-railings-chairs-and-cushions-outdoor-sofa.Garden-leisure-sofa-set-8-seater.-Furniture-set-7.webp\" \/><img wpfc-lazyload-disable=\"true\" decoding=\"async\" src=\"https:\/\/allhom.com\/wp-content\/uploads\/2026\/04\/large-table-equipped-with-wooden-railings-chairs-and-cushions-outdoor-sofa.Garden-leisure-sofa-set-8-seater.-Furniture-set-8.webp\" \/><img wpfc-lazyload-disable=\"true\" decoding=\"async\" src=\"https:\/\/allhom.com\/wp-content\/uploads\/2026\/04\/large-table-equipped-with-wooden-railings-chairs-and-cushions-outdoor-sofa.Garden-leisure-sofa-set-8-seater.-Furniture-set-1.webp\" \/><img wpfc-lazyload-disable=\"true\" decoding=\"async\" src=\"https:\/\/allhom.com\/wp-content\/uploads\/2026\/04\/large-table-equipped-with-wooden-railings-chairs-and-cushions-outdoor-sofa.Garden-leisure-sofa-set-8-seater.-Furniture-set-2.webp\" \/><img wpfc-lazyload-disable=\"true\" decoding=\"async\" src=\"https:\/\/allhom.com\/wp-content\/uploads\/2026\/04\/large-table-equipped-with-wooden-railings-chairs-and-cushions-outdoor-sofa.Garden-leisure-sofa-set-8-seater.-Furniture-set-3.webp\" \/><img wpfc-lazyload-disable=\"true\" decoding=\"async\" src=\"https:\/\/allhom.com\/wp-content\/uploads\/2026\/04\/large-table-equipped-with-wooden-railings-chairs-and-cushions-outdoor-sofa.Garden-leisure-sofa-set-8-seater.-Furniture-set-6.webp\" \/><img wpfc-lazyload-disable=\"true\" decoding=\"async\" src=\"https:\/\/allhom.com\/wp-content\/uploads\/2026\/04\/large-table-equipped-with-wooden-railings-chairs-and-cushions-outdoor-sofa.Garden-leisure-sofa-set-8-seater.-Furniture-set-9.webp\" \/><img wpfc-lazyload-disable=\"true\" decoding=\"async\" src=\"https:\/\/allhom.com\/wp-content\/uploads\/2026\/04\/large-table-equipped-with-wooden-railings-chairs-and-cushions-outdoor-sofa.Garden-leisure-sofa-set-8-seater.-Furniture-set-10.webp\" \/><img wpfc-lazyload-disable=\"true\" decoding=\"async\" src=\"https:\/\/allhom.com\/wp-content\/uploads\/2026\/04\/large-table-equipped-with-wooden-railings-chairs-and-cushions-outdoor-sofa.Garden-leisure-sofa-set-8-seater.-Furniture-set-11.webp\" \/><img wpfc-lazyload-disable=\"true\" decoding=\"async\" src=\"https:\/\/allhom.com\/wp-content\/uploads\/2026\/04\/large-table-equipped-with-wooden-railings-chairs-and-cushions-outdoor-sofa.Garden-leisure-sofa-set-8-seater.-Furniture-set-12.webp\" \/><img wpfc-lazyload-disable=\"true\" decoding=\"async\" src=\"https:\/\/allhom.com\/wp-content\/uploads\/2026\/04\/large-table-equipped-with-wooden-railings-chairs-and-cushions-outdoor-sofa.Garden-leisure-sofa-set-8-seater.-Furniture-set-13.webp\" \/><img wpfc-lazyload-disable=\"true\" decoding=\"async\" src=\"https:\/\/allhom.com\/wp-content\/uploads\/2026\/04\/large-table-equipped-with-wooden-railings-chairs-and-cushions-outdoor-sofa.Garden-leisure-sofa-set-8-seater.-Furniture-set-14.webp\" \/><img wpfc-lazyload-disable=\"true\" decoding=\"async\" src=\"https:\/\/allhom.com\/wp-content\/uploads\/2026\/04\/large-table-equipped-with-wooden-railings-chairs-and-cushions-outdoor-sofa.Garden-leisure-sofa-set-8-seater.-Furniture-set-15.webp\" \/><img wpfc-lazyload-disable=\"true\" decoding=\"async\" src=\"https:\/\/allhom.com\/wp-content\/uploads\/2026\/04\/large-table-equipped-with-wooden-railings-chairs-and-cushions-outdoor-sofa.Garden-leisure-sofa-set-8-seater.-Furniture-set-16.webp\" \/><img wpfc-lazyload-disable=\"true\" decoding=\"async\" src=\"https:\/\/allhom.com\/wp-content\/uploads\/2026\/04\/large-table-equipped-with-wooden-railings-chairs-and-cushions-outdoor-sofa.Garden-leisure-sofa-set-8-seater.-Furniture-set-17.webp\" \/><\/p>\n<\/li>\n<\/ul>\n<p><\/p>\n","protected":false},"excerpt":{"rendered":"<p>Frame Material:&nbsp;Metal Installation Method:&nbsp;Assembly General Use:&nbsp;Outdoor Furniture Specific Use:&nbsp;Garden Set Produktgr\u00f6\u00dfe: gro\u00dfes Sofa*1:234*69*86cm (BxTxH) kleines Sofa*1:115*69*86cm (BxTxH) Einzelsofa*2:65*63*63cm (BxTxH) Tisch:100*60*72cm (BxTxH). Das Einzelsofa kann 150kg tragen, der Tisch 60kg. Leichte, verzinkte Eisenrahmen: Wir behandeln das Eisen mit einer&#8230;<\/p>\n","protected":false},"featured_media":579985,"comment_status":"open","ping_status":"closed","template":"","meta":[],"etheme_brands":[],"product_brand":[],"product_cat":[21973,27719],"product_tag":[27844],"class_list":{"0":"post-579984","1":"product","2":"type-product","3":"status-publish","4":"has-post-thumbnail","6":"product_cat-furniture","7":"product_cat-outdoor-furniture","8":"product_tag-furniture","10":"first","11":"instock","12":"taxable","13":"shipping-taxable","14":"purchasable","15":"product-type-variable"},"_links":{"self":[{"href":"https:\/\/allhom.com\/en\/wp-json\/wp\/v2\/product\/579984","targetHints":{"allow":["GET"]}}],"collection":[{"href":"https:\/\/allhom.com\/en\/wp-json\/wp\/v2\/product"}],"about":[{"href":"https:\/\/allhom.com\/en\/wp-json\/wp\/v2\/types\/product"}],"replies":[{"embeddable":true,"href":"https:\/\/allhom.com\/en\/wp-json\/wp\/v2\/comments?post=579984"}],"version-history":[{"count":17,"href":"https:\/\/allhom.com\/en\/wp-json\/wp\/v2\/product\/579984\/revisions"}],"predecessor-version":[{"id":580832,"href":"https:\/\/allhom.com\/en\/wp-json\/wp\/v2\/product\/579984\/revisions\/580832"}],"wp:featuredmedia":[{"embeddable":true,"href":"https:\/\/allhom.com\/en\/wp-json\/wp\/v2\/media\/579985"}],"wp:attachment":[{"href":"https:\/\/allhom.com\/en\/wp-json\/wp\/v2\/media?parent=579984"}],"wp:term":[{"taxonomy":"brand","embeddable":true,"href":"https:\/\/allhom.com\/en\/wp-json\/wp\/v2\/etheme_brands?post=579984"},{"taxonomy":"product_brand","embeddable":true,"href":"https:\/\/allhom.com\/en\/wp-json\/wp\/v2\/product_brand?post=579984"},{"taxonomy":"product_cat","embeddable":true,"href":"https:\/\/allhom.com\/en\/wp-json\/wp\/v2\/product_cat?post=579984"},{"taxonomy":"product_tag","embeddable":true,"href":"https:\/\/allhom.com\/en\/wp-json\/wp\/v2\/product_tag?post=579984"}],"curies":[{"name":"wp","href":"https:\/\/api.w.org\/{rel}","templated":true}]}}