{"id":578346,"date":"2026-04-13T23:58:48","date_gmt":"2026-04-13T21:58:48","guid":{"rendered":"https:\/\/allhom.com\/shop\/lc11-girls-gamer-chair-ergonomic-bucket-office-chair-pink-comfortable-stylish-room\/"},"modified":"2026-04-14T01:18:53","modified_gmt":"2026-04-13T23:18:53","slug":"lc11-girls-gamer-chair-ergonomic-bucket-office-chair-pink-comfortable-stylish-room","status":"publish","type":"product","link":"https:\/\/allhom.com\/es\/shop\/lc11-girls-gamer-chair-ergonomic-bucket-office-chair-pink-comfortable-stylish-room\/","title":{"rendered":"Silla gamer LC11 para ni\u00f1as, silla de oficina ergon\u00f3mica tipo cubo, color rosa, c\u00f3moda y elegante para la habitaci\u00f3n."},"content":{"rendered":"<div class=\"product-specs-list-container\">\n<ul class=\"product-specs-list util-clearfix\">\n<li class=\"product-prop line-limit-length\"><span class=\"property-title\">Installation Method:&nbsp;<\/span><span class=\"property-desc line-limit-length\">self-contained<\/span>\n                            <\/li>\n<li class=\"product-prop line-limit-length\"><span class=\"property-title\">Origen:&nbsp;<\/span><span class=\"property-desc line-limit-length\">China continental<\/span>\n                            <\/li>\n<li class=\"product-prop line-limit-length\"><span class=\"property-title\">General Use:&nbsp;<\/span><span class=\"property-desc line-limit-length\">Commercial Furniture<\/span>\n                            <\/li>\n<li class=\"product-prop line-limit-length\"><span class=\"property-title\">Specific Use:&nbsp;<\/span><span class=\"property-desc line-limit-length\">Office Chair<\/span>\n                            <\/li>\n<li class=\"product-prop line-limit-length\"><span class=\"property-title\">Type:&nbsp;<\/span><span class=\"property-desc line-limit-length\">Muebles de oficina<\/span>\n                            <\/li>\n<\/ul><\/div>\n<div class=\"detailmodule_html\">\n<div class=\"detail-desc-decorate-richtext\"><\/p>\n<div style=\", sans-serif;font-size:medium;font-weight:400;letter-spacing:normal;text-align:start;white-space:normal\" align=\"start\">\n<div style=\"border:var(--border-width) solid transparent;margin:0px 15px;margin-bottom:0px;margin-top:0px;margin-left:15px;margin-right:15px\" class=\"section-container\">\n<div style=\"padding:15px 0px;padding-bottom:15px;padding-top:15px;padding-left:0px;padding-right:0px;width:1165.56px\" class=\"section\">\n<div style=\"padding-left:15px;padding-right:15px;min-height:1px;width:1165.56px;position:relative;float:left\" class=\"item item-12\">\n<div style=\"border:var(--border-width) dotted transparent;width:1135.56px;height:169.844px\" class=\"image-item-container\">\n<div class=\"image-item\"><img decoding=\"async\" style=\"margin-left:auto;margin-right:auto;max-width:100%;width:1133.33px\" width=\"1133.33px\" src=\"https:\/\/a.allegroimg.com\/s1440\/111483\/8d4bacef4815a1ed78b26b76f78d\" \/><\/div>\n<\/div>\n<\/div>\n<\/div>\n<\/div>\n<\/div>\n<div style=\", sans-serif;font-size:medium;font-weight:400;letter-spacing:normal;text-align:start;white-space:normal\" align=\"start\">\n<div style=\"border:var(--border-width) solid transparent;margin:0px 15px;margin-bottom:0px;margin-top:0px;margin-left:15px;margin-right:15px\" class=\"section-container\">\n<div style=\"padding:15px 0px;padding-bottom:15px;padding-top:15px;padding-left:0px;padding-right:0px;width:1165.56px\" class=\"section\">\n<div style=\"padding-left:15px;padding-right:15px;min-height:1px;width:1165.56px;position:relative;float:left\" class=\"item item-12\">\n<div style=\"font-family:var(--font-family);background-color:var(--m-color-card);width:1135.56px;height:43.9931px\" class=\"text-item\">\n<div>\n<div style=\"font-family:var(--font-family);font-size:16px;line-height:22px;color:var(--m-color-text);width:1135.56px;height:43.9931px\" class=\"text-content\">\n<h1>GAMING SEAT FOR GIRL GIRLS CUP OFFICE CHAIR LC11<\/h1>\n<\/div>\n<\/div>\n<\/div>\n<\/div>\n<\/div>\n<\/div>\n<\/div>\n<div style=\", sans-serif;font-size:medium;font-weight:400;letter-spacing:normal;text-align:start;white-space:normal\" align=\"start\">\n<div style=\"border:var(--border-width) solid transparent;margin:0px 15px;margin-bottom:0px;margin-top:0px;margin-left:15px;margin-right:15px\" class=\"section-container\">\n<div style=\"padding:15px 0px;padding-bottom:15px;padding-top:15px;padding-left:0px;padding-right:0px;width:1165.56px\" class=\"section\">\n<div style=\"padding-left:15px;padding-right:15px;min-height:1px;width:582.778px;position:relative;float:left\" class=\"item item-6\">\n<div style=\"border:var(--border-width) dotted transparent;width:552.778px;height:552.778px\" class=\"image-item-container\">\n<div class=\"image-item\"><img decoding=\"async\" style=\"margin-left:auto;margin-right:auto;max-width:100%;width:550.556px\" width=\"550.556px\" src=\"https:\/\/a.allegroimg.com\/s1440\/11d386\/25f809ee45f0ba3be83cb53a8b0c\" \/><\/div>\n<\/div>\n<\/div>\n<div style=\"padding-left:15px;padding-right:15px;min-height:1px;width:582.778px;position:relative;float:left\" class=\"item item-6\">\n<div style=\"font-family:var(--font-family);background-color:var(--m-color-card);width:552.778px;height:267.934px\" class=\"text-item\">\n<div>\n<div style=\"font-family:var(--font-family);font-size:16px;line-height:22px;color:var(--m-color-text);width:552.778px;height:267.934px\" class=\"text-content\">\n<p><strong>LC11 Pink Ergonomic Child Chair<\/strong><\/p>\n<p>Meet the unique LC11 children&#8217;s chair in cute colors<span>\u00a0<\/span><strong>Pink and White<\/strong>! This is the perfect piece of furniture for any girl&#8217;s room, who likes to comfortably learn, draw, play or just relax. The armchair has been designed with the<span>\u00a0<\/span><strong>Comfort and healthy posture<\/strong>Therefore, it will be great both at the school desk and in the relaxation area.<\/p>\n<p><strong>Convenience and safety<\/strong><\/p>\n<p>The soft seat, profiled backrest and special cushions for the neck and loins provide excellent support for the spine. This allows the child to spend time at the desk in a comfortable and healthy<\/p>\n<\/div>\n<\/div>\n<\/div>\n<\/div>\n<\/div>\n<\/div>\n<\/div>\n<div style=\", sans-serif;font-size:medium;font-weight:400;letter-spacing:normal;text-align:start;white-space:normal\" align=\"start\">\n<div style=\"border:var(--border-width) solid transparent;margin:0px 15px;margin-bottom:0px;margin-top:0px;margin-left:15px;margin-right:15px\" class=\"section-container\">\n<div style=\"padding:15px 0px;padding-bottom:15px;padding-top:15px;padding-left:0px;padding-right:0px;width:1165.56px\" class=\"section\">\n<div style=\"padding-left:15px;padding-right:15px;min-height:1px;width:1165.56px;position:relative;float:left\" class=\"item item-12\">\n<div style=\"border:var(--border-width) dotted transparent;width:1135.56px;height:39.9826px\" class=\"image-item-container\">\n<div class=\"image-item\"><img decoding=\"async\" style=\"margin-left:auto;margin-right:auto;max-width:100%;width:1133.33px\" width=\"1133.33px\" src=\"https:\/\/a.allegroimg.com\/s1440\/113a8c\/9f2f4d134fa7b1ce3d9288bf5ccd\" \/><\/div>\n<\/div>\n<\/div>\n<\/div>\n<\/div>\n<\/div>\n<div style=\", sans-serif;font-size:medium;font-weight:400;letter-spacing:normal;text-align:start;white-space:normal\" align=\"start\">\n<div style=\"border:var(--border-width) solid transparent;margin:0px 15px;margin-bottom:0px;margin-top:0px;margin-left:15px;margin-right:15px\" class=\"section-container\">\n<div style=\"padding:15px 0px;padding-bottom:15px;padding-top:15px;padding-left:0px;padding-right:0px;width:1165.56px\" class=\"section\">\n<div style=\"padding-left:15px;padding-right:15px;min-height:1px;width:582.778px;position:relative;float:left\" class=\"item item-6\">\n<div style=\"border:var(--border-width) dotted transparent;width:552.778px;height:552.778px\" class=\"image-item-container\">\n<div class=\"image-item\"><img decoding=\"async\" style=\"margin-left:auto;margin-right:auto;max-width:100%;width:550.556px\" width=\"550.556px\" src=\"https:\/\/a.allegroimg.com\/s1440\/11e198\/db4f4bca4bc1bef3e9df1f22471d\" \/><\/div>\n<\/div>\n<\/div>\n<div style=\"padding-left:15px;padding-right:15px;min-height:1px;width:582.778px;position:relative;float:left\" class=\"item item-6\">\n<div style=\"font-family:var(--font-family);background-color:var(--m-color-card);width:552.778px;height:363.767px\" class=\"text-item\">\n<div>\n<div style=\"font-family:var(--font-family);font-size:16px;line-height:22px;color:var(--m-color-text);width:552.778px;height:363.767px\" class=\"text-content\">\n<p><strong>Highlights:<\/strong><\/p>\n<ul>\n<li>\n<p>Ergonomic shape to fit the needs of children<\/p>\n<\/li>\n<li>\n<p>Soft pillows under the neck and loins<\/p>\n<\/li>\n<li>\n<p>Height and back adjustment<\/p>\n<\/li>\n<li>\n<p>The function of rocking<\/p>\n<\/li>\n<li>\n<p>Quiet, stable plastic base<\/p>\n<\/li>\n<li>\n<p>Easy installation (manual and tools included)<\/p>\n<\/li>\n<li>\n<p>Maximum load: 120 kg<\/p>\n<\/li>\n<li>\n<p>Colour: pink-white<\/p>\n<\/li>\n<\/ul>\n<h2>\u2615Cradle Mechanism!<\/h2>\n<p>The Cradle function gives you the ability to quickly position the back at any angle, with the ability to unfold completely. LC11 users can afford a moment of complete relaxation, muscle relaxation and even a nap on the chair.<\/p>\n<\/div>\n<\/div>\n<\/div>\n<\/div>\n<\/div>\n<\/div>\n<\/div>\n<div style=\", sans-serif;font-size:medium;font-weight:400;letter-spacing:normal;text-align:start;white-space:normal\" align=\"start\">\n<div style=\"border:var(--border-width) solid transparent;margin:0px 15px;margin-bottom:0px;margin-top:0px;margin-left:15px;margin-right:15px\" class=\"section-container\">\n<div style=\"padding:15px 0px;padding-bottom:15px;padding-top:15px;padding-left:0px;padding-right:0px;width:1165.56px\" class=\"section\">\n<div style=\"padding-left:15px;padding-right:15px;min-height:1px;width:1165.56px;position:relative;float:left\" class=\"item item-12\">\n<div style=\"border:var(--border-width) dotted transparent;width:1135.56px;height:39.9826px\" class=\"image-item-container\">\n<div class=\"image-item\"><img decoding=\"async\" style=\"margin-left:auto;margin-right:auto;max-width:100%;width:1133.33px\" width=\"1133.33px\" src=\"https:\/\/a.allegroimg.com\/s1440\/113a8c\/9f2f4d134fa7b1ce3d9288bf5ccd\" \/><\/div>\n<\/div>\n<\/div>\n<\/div>\n<\/div>\n<\/div>\n<div style=\", sans-serif;font-size:medium;font-weight:400;letter-spacing:normal;text-align:start;white-space:normal\" align=\"start\">\n<div style=\"border:var(--border-width) solid transparent;margin:0px 15px;margin-bottom:0px;margin-top:0px;margin-left:15px;margin-right:15px\" class=\"section-container\">\n<div style=\"padding:15px 0px;padding-bottom:15px;padding-top:15px;padding-left:0px;padding-right:0px;width:1165.56px\" class=\"section\">\n<div style=\"padding-left:15px;padding-right:15px;min-height:1px;width:582.778px;position:relative;float:left\" class=\"item item-6\">\n<div style=\"border:var(--border-width) dotted transparent;width:552.778px;height:552.778px\" class=\"image-item-container\">\n<div class=\"image-item\"><img decoding=\"async\" style=\"margin-left:auto;margin-right:auto;max-width:100%;width:550.556px\" width=\"550.556px\" src=\"https:\/\/a.allegroimg.com\/s1440\/11242b\/2d3c8563405bacba03ab2d3628fb\" \/><\/div>\n<\/div>\n<\/div>\n<div style=\"padding-left:15px;padding-right:15px;min-height:1px;width:582.778px;position:relative;float:left\" class=\"item item-6\">\n<div style=\"font-family:var(--font-family);background-color:var(--m-color-card);width:552.778px;height:223.941px\" class=\"text-item\">\n<div>\n<div style=\"font-family:var(--font-family);font-size:16px;line-height:22px;color:var(--m-color-text);width:552.778px;height:223.941px\" class=\"text-content\">\n<p><strong>Regulation and relaxation<\/strong><\/p>\n<p>The armchair has<span>\u00a0<\/span><strong>Function of rocking (Cradle)<\/strong>So you can sit on it comfortably or even take a short nap after studying. Height adjustment allows you to adjust the chair to the desk and the height of the child.<\/p>\n<p><strong>The color and style you will love!<\/strong><\/p>\n<p>The pink and white color scheme and delicate finishes make the armchair blend wonderfully with the children&#8217;s room, adding coziness and charm.<\/p>\n<\/div>\n<\/div>\n<\/div>\n<\/div>\n<\/div>\n<\/div>\n<\/div>\n<div style=\", sans-serif;font-size:medium;font-weight:400;letter-spacing:normal;text-align:start;white-space:normal\" align=\"start\">\n<div style=\"border:var(--border-width) solid transparent;margin:0px 15px;margin-bottom:0px;margin-top:0px;margin-left:15px;margin-right:15px\" class=\"section-container\">\n<div style=\"padding:15px 0px;padding-bottom:15px;padding-top:15px;padding-left:0px;padding-right:0px;width:1165.56px\" class=\"section\">\n<div style=\"padding-left:15px;padding-right:15px;min-height:1px;width:1165.56px;position:relative;float:left\" class=\"item item-12\">\n<div style=\"border:var(--border-width) dotted transparent;width:1135.56px;height:39.9826px\" class=\"image-item-container\">\n<div class=\"image-item\"><img decoding=\"async\" style=\"margin-left:auto;margin-right:auto;max-width:100%;width:1133.33px\" width=\"1133.33px\" src=\"https:\/\/a.allegroimg.com\/s1440\/113a8c\/9f2f4d134fa7b1ce3d9288bf5ccd\" \/><\/div>\n<\/div>\n<\/div>\n<\/div>\n<\/div>\n<\/div>\n<div style=\", sans-serif;font-size:medium;font-weight:400;letter-spacing:normal;text-align:start;white-space:normal\" align=\"start\">\n<div style=\"border:var(--border-width) solid transparent;margin:0px 15px;margin-bottom:0px;margin-top:0px;margin-left:15px;margin-right:15px\" class=\"section-container\">\n<div style=\"padding:15px 0px;padding-bottom:15px;padding-top:15px;padding-left:0px;padding-right:0px;width:1165.56px\" class=\"section\">\n<div style=\"padding-left:15px;padding-right:15px;min-height:1px;width:582.778px;position:relative;float:left\" class=\"item item-6\">\n<div style=\"border:var(--border-width) dotted transparent;width:552.778px;height:552.778px\" class=\"image-item-container\">\n<div class=\"image-item\"><img decoding=\"async\" style=\"margin-left:auto;margin-right:auto;max-width:100%;width:550.556px\" width=\"550.556px\" src=\"https:\/\/a.allegroimg.com\/s1440\/116c7f\/1ec48a3c42c6b1b23c0b1217bd86\" \/><\/div>\n<\/div>\n<\/div>\n<div style=\"padding-left:15px;padding-right:15px;min-height:1px;width:582.778px;position:relative;float:left\" class=\"item item-6\">\n<div style=\"font-family:var(--font-family);background-color:var(--m-color-card);width:552.778px;height:167.882px\" class=\"text-item\">\n<div>\n<div style=\"font-family:var(--font-family);font-size:16px;line-height:22px;color:var(--m-color-text);width:552.778px;height:167.882px\" class=\"text-content\">\n<h2>\u231bSupport for the neck and lumbar muscles<\/h2>\n<p>The profiled headrest is great as a cushion and support for the neck muscles. You will forget about neck pain even during hours of playing or working on the computer.<\/p>\n<p>The pillow under the loins will ensure that it does not stop ripping you in the cross during long hours of playing.<\/p>\n<\/div>\n<\/div>\n<\/div>\n<\/div>\n<\/div>\n<\/div>\n<\/div>\n<div style=\", sans-serif;font-size:medium;font-weight:400;letter-spacing:normal;text-align:start;white-space:normal\" align=\"start\">\n<div style=\"border:var(--border-width) solid transparent;margin:0px 15px;margin-bottom:0px;margin-top:0px;margin-left:15px;margin-right:15px\" class=\"section-container\">\n<div style=\"padding:15px 0px;padding-bottom:15px;padding-top:15px;padding-left:0px;padding-right:0px;width:1165.56px\" class=\"section\">\n<div style=\"padding-left:15px;padding-right:15px;min-height:1px;width:1165.56px;position:relative;float:left\" class=\"item item-12\">\n<div style=\"border:var(--border-width) dotted transparent;width:1135.56px;height:39.9826px\" class=\"image-item-container\">\n<div class=\"image-item\"><img decoding=\"async\" style=\"margin-left:auto;margin-right:auto;max-width:100%;width:1133.33px\" width=\"1133.33px\" src=\"https:\/\/a.allegroimg.com\/s1440\/113a8c\/9f2f4d134fa7b1ce3d9288bf5ccd\" \/><\/div>\n<\/div>\n<\/div>\n<\/div>\n<\/div>\n<\/div>\n<div style=\", sans-serif;font-size:medium;font-weight:400;letter-spacing:normal;text-align:start;white-space:normal\" align=\"start\">\n<div style=\"border:var(--border-width) solid transparent;margin:0px 15px;margin-bottom:0px;margin-top:0px;margin-left:15px;margin-right:15px\" class=\"section-container\">\n<div style=\"padding:15px 0px;padding-bottom:15px;padding-top:15px;padding-left:0px;padding-right:0px;width:1165.56px\" class=\"section\">\n<div style=\"padding-left:15px;padding-right:15px;min-height:1px;width:582.778px;position:relative;float:left\" class=\"item item-6\">\n<div style=\"border:var(--border-width) dotted transparent;width:552.778px;height:552.778px\" class=\"image-item-container\">\n<div class=\"image-item\"><img decoding=\"async\" style=\"margin-left:auto;margin-right:auto;max-width:100%;width:550.556px\" width=\"550.556px\" src=\"https:\/\/a.allegroimg.com\/s1440\/112a7a\/040b7e9e4989b91cf1475f779771\" \/><\/div>\n<\/div>\n<\/div>\n<div style=\"padding-left:15px;padding-right:15px;min-height:1px;width:582.778px;position:relative;float:left\" class=\"item item-6\">\n<div style=\"font-family:var(--font-family);background-color:var(--m-color-card);width:552.778px;height:455.677px\" class=\"text-item\">\n<div>\n<div style=\"font-family:var(--font-family);font-size:16px;line-height:22px;color:var(--m-color-text);width:552.778px;height:455.677px\" class=\"text-content\">\n<h2>\u2699\ufe0f Technical data:<\/h2>\n<ul>\n<li>\n<p>Contoured armrests:<span>\u00a0<\/span><strong>Yes<\/strong><\/p>\n<\/li>\n<li>\n<p>Contoured seat:<span>\u00a0<\/span><strong>Yes<\/strong><\/p>\n<\/li>\n<li>\n<p>Cradle Mechanism:<strong><span>\u00a0<\/span><\/strong><strong>Yes<\/strong><\/p>\n<\/li>\n<li>\n<p>Contoured seat back:<span>\u00a0<\/span><strong>Yes<\/strong><\/p>\n<\/li>\n<li>\n<p>Smooth height adjustment:<span>\u00a0<\/span><strong>Yes<\/strong><\/p>\n<\/li>\n<li>\n<p>Instruction attached to the box:<span>\u00a0<\/span><strong>Yes<\/strong><\/p>\n<\/li>\n<li>\n<p>Assembly tools:<span>\u00a0<\/span><strong>Yes<\/strong><\/p>\n<\/li>\n<li>\n<p>Simple Assembly:<strong><span>\u00a0<\/span><\/strong><strong>Yes<\/strong><\/p>\n<\/li>\n<li>\n<p>Footrest:<strong><span>\u00a0<\/span><\/strong><strong>Not<\/strong><\/p>\n<\/li>\n<li>\n<p>Quantity Of Pillows:<span>\u00a0<\/span><strong>2 pcs<\/strong><\/p>\n<\/li>\n<li>\n<p>Seat Lift:<span>\u00a0<\/span><strong>Gas<\/strong><span>\u00a0<\/span>(Extreme Durable Lift Premium System)<\/p>\n<\/li>\n<li>\n<p>Chair Base:<span>\u00a0<\/span><strong>Plastic<\/strong><\/p>\n<\/li>\n<li>\n<p>Maximum Load:<span>\u00a0<\/span><strong>120kg<\/strong><\/p>\n<\/li>\n<\/ul>\n<h2>\u2757\ufe0f Instruction:<\/h2>\n<ol>\n<li>\n<p><strong>Open the packaging (\u2757\ufe0f DO NOT use the knife to not damage the seat\u2757\ufe0f).<\/strong><\/p>\n<\/li>\n<li>\n<p><strong>Fold the chair according to the picture instructions in the box.<\/strong><\/p>\n<\/li>\n<\/ol>\n<\/div>\n<\/div>\n<\/div>\n<\/div>\n<\/div>\n<\/div>\n<\/div>\n<div style=\", sans-serif;font-size:medium;font-weight:400;letter-spacing:normal;text-align:start;white-space:normal\" align=\"start\">\n<div style=\"border:var(--border-width) solid transparent;margin:0px 15px;margin-bottom:0px;margin-top:0px;margin-left:15px;margin-right:15px\" class=\"section-container\">\n<div style=\"padding:15px 0px;padding-bottom:15px;padding-top:15px;padding-left:0px;padding-right:0px;width:1165.56px\" class=\"section\">\n<div style=\"padding-left:15px;padding-right:15px;min-height:1px;width:1165.56px;position:relative;float:left\" class=\"item item-12\">\n<div style=\"border:var(--border-width) dotted transparent;width:1135.56px;height:39.9826px\" class=\"image-item-container\">\n<div class=\"image-item\"><img decoding=\"async\" style=\"margin-left:auto;margin-right:auto;max-width:100%;width:1133.33px\" width=\"1133.33px\" src=\"https:\/\/a.allegroimg.com\/s1440\/113a8c\/9f2f4d134fa7b1ce3d9288bf5ccd\" \/><\/div>\n<\/div>\n<\/div>\n<\/div>\n<\/div>\n<\/div>\n<div style=\", sans-serif;font-size:medium;font-weight:400;letter-spacing:normal;text-align:start;white-space:normal\" align=\"start\">\n<div style=\"border:var(--border-width) solid transparent;margin:0px 15px;margin-bottom:0px;margin-top:0px;margin-left:15px;margin-right:15px\" class=\"section-container\">\n<div style=\"padding:15px 0px;padding-bottom:15px;padding-top:15px;padding-left:0px;padding-right:0px;width:1165.56px\" class=\"section\">\n<div style=\"padding-left:15px;padding-right:15px;min-height:1px;width:1165.56px;position:relative;float:left\" class=\"item item-12\">\n<div style=\"border:var(--border-width) dotted transparent;width:1135.56px;height:1135.56px\" class=\"image-item-container\">\n<div class=\"image-item\"><img decoding=\"async\" style=\"margin-left:auto;margin-right:auto;max-width:100%;width:1133.33px\" width=\"1133.33px\" src=\"https:\/\/a.allegroimg.com\/s1440\/113774\/3f85ee41462783532df15d900839\" \/><\/div>\n<\/div>\n<\/div>\n<\/div>\n<\/div>\n<\/div>\n<div style=\", sans-serif;font-size:medium;font-weight:400;letter-spacing:normal;text-align:start;white-space:normal\" align=\"start\">\n<div style=\"border:var(--border-width) solid transparent;margin:0px 15px;margin-bottom:0px;margin-top:0px;margin-left:15px;margin-right:15px\" class=\"section-container\">\n<div style=\"padding:15px 0px;padding-bottom:15px;padding-top:15px;padding-left:0px;padding-right:0px;width:1165.56px\" class=\"section\">\n<div style=\"padding-left:15px;padding-right:15px;min-height:1px;width:1165.56px;position:relative;float:left\" class=\"item item-12\">\n<div style=\"border:var(--border-width) dotted transparent;width:1135.56px;height:1134.76px\" class=\"image-item-container\">\n<div class=\"image-item\"><img decoding=\"async\" style=\"margin-left:auto;margin-right:auto;max-width:100%;width:1133.33px\" width=\"1133.33px\" src=\"https:\/\/a.allegroimg.com\/s1440\/11092f\/f0daeded4cd7a4e3d30006389a13\" \/><\/div>\n<\/div>\n<\/div>\n<\/div>\n<\/div>\n<\/div>\n<div style=\", sans-serif;font-size:medium;font-weight:400;letter-spacing:normal;text-align:start;white-space:normal\" align=\"start\">\n<div style=\"border:var(--border-width) solid transparent;margin:0px 15px;margin-bottom:0px;margin-top:0px;margin-left:15px;margin-right:15px\" class=\"section-container\">\n<div style=\"padding:15px 0px;padding-bottom:15px;padding-top:15px;padding-left:0px;padding-right:0px;width:1165.56px\" class=\"section\">\n<div style=\"padding-left:15px;padding-right:15px;min-height:1px;width:1165.56px;position:relative;float:left\" class=\"item item-12\">\n<div style=\"border:var(--border-width) dotted transparent;width:1135.56px;height:1135.56px\" class=\"image-item-container\">\n<div class=\"image-item\"><img decoding=\"async\" style=\"margin-left:auto;margin-right:auto;max-width:100%;width:1133.33px\" width=\"1133.33px\" src=\"https:\/\/a.allegroimg.com\/s1440\/11105a\/0358a384475cb586826a24f2ecbe\" \/><\/div>\n<\/div>\n<\/div>\n<\/div>\n<\/div>\n<\/div>\n<div style=\", sans-serif;font-size:medium;font-weight:400;letter-spacing:normal;text-align:start;white-space:normal\" align=\"start\">\n<div style=\"border:var(--border-width) solid transparent;margin:0px 15px;margin-bottom:0px;margin-top:0px;margin-left:15px;margin-right:15px\" class=\"section-container\">\n<div style=\"padding:15px 0px;padding-bottom:15px;padding-top:15px;padding-left:0px;padding-right:0px;width:1165.56px\" class=\"section\">\n<div style=\"padding-left:15px;padding-right:15px;min-height:1px;width:1165.56px;position:relative;float:left\" class=\"item item-12\">\n<div style=\"border:var(--border-width) dotted transparent;width:1135.56px;height:1135.56px\" class=\"image-item-container\">\n<div class=\"image-item\"><img decoding=\"async\" style=\"margin-left:auto;margin-right:auto;max-width:100%;width:1133.33px\" width=\"1133.33px\" src=\"https:\/\/a.allegroimg.com\/s1440\/11d46c\/e69a645347c28d3e778e78ac6e15\" \/><\/div>\n<\/div>\n<\/div>\n<\/div>\n<\/div>\n<\/div>\n<div style=\", sans-serif;font-size:medium;font-weight:400;letter-spacing:normal;text-align:start;white-space:normal;padding-left:16px;max-width:100%;width:1197.78px\" class=\"mpof_ki mr3m_1 mjyo_6x gel0f g1s2l myre_zn\" align=\"start\"><\/div>\n<p><\/div>\n<\/div>","protected":false},"excerpt":{"rendered":"<p>Installation Method:&nbsp;self-contained Origin:&nbsp;Mainland China General Use:&nbsp;Commercial Furniture Specific Use:&nbsp;Office Chair Type:&nbsp;Office Furniture GAMING SEAT FOR GIRL GIRLS CUP OFFICE CHAIR LC11 LC11 Pink Ergonomic Child Chair Meet the unique LC11 children&#8217;s chair in cute colors\u00a0Pink and White! This&#8230;<\/p>","protected":false},"featured_media":578347,"comment_status":"open","ping_status":"closed","template":"","meta":[],"etheme_brands":[],"product_brand":[],"product_cat":[21973,22397],"product_tag":[27844],"class_list":{"0":"post-578346","1":"product","2":"type-product","3":"status-publish","4":"has-post-thumbnail","6":"product_cat-furniture","7":"product_cat-office-furniture","8":"product_tag-furniture","10":"first","11":"instock","12":"taxable","13":"shipping-taxable","14":"purchasable","15":"product-type-variable"},"_links":{"self":[{"href":"https:\/\/allhom.com\/es\/wp-json\/wp\/v2\/product\/578346","targetHints":{"allow":["GET"]}}],"collection":[{"href":"https:\/\/allhom.com\/es\/wp-json\/wp\/v2\/product"}],"about":[{"href":"https:\/\/allhom.com\/es\/wp-json\/wp\/v2\/types\/product"}],"replies":[{"embeddable":true,"href":"https:\/\/allhom.com\/es\/wp-json\/wp\/v2\/comments?post=578346"}],"version-history":[{"count":0,"href":"https:\/\/allhom.com\/es\/wp-json\/wp\/v2\/product\/578346\/revisions"}],"wp:featuredmedia":[{"embeddable":true,"href":"https:\/\/allhom.com\/es\/wp-json\/wp\/v2\/media\/578347"}],"wp:attachment":[{"href":"https:\/\/allhom.com\/es\/wp-json\/wp\/v2\/media?parent=578346"}],"wp:term":[{"taxonomy":"brand","embeddable":true,"href":"https:\/\/allhom.com\/es\/wp-json\/wp\/v2\/etheme_brands?post=578346"},{"taxonomy":"product_brand","embeddable":true,"href":"https:\/\/allhom.com\/es\/wp-json\/wp\/v2\/product_brand?post=578346"},{"taxonomy":"product_cat","embeddable":true,"href":"https:\/\/allhom.com\/es\/wp-json\/wp\/v2\/product_cat?post=578346"},{"taxonomy":"product_tag","embeddable":true,"href":"https:\/\/allhom.com\/es\/wp-json\/wp\/v2\/product_tag?post=578346"}],"curies":[{"name":"wp","href":"https:\/\/api.w.org\/{rel}","templated":true}]}}