{"id":579492,"date":"2026-04-14T06:53:47","date_gmt":"2026-04-14T04:53:47","guid":{"rendered":"https:\/\/allhom.com\/shop\/oversized-swing-chair-exterior-egg-shaped-swing-chair-w-footrests-thick-cushion-for-indoor-outdoor-living-room-garden-terrace\/"},"modified":"2026-04-14T07:24:15","modified_gmt":"2026-04-14T05:24:15","slug":"oversized-swing-chair-exterior-egg-shaped-swing-chair-w-footrests-thick-cushion-for-indoor-outdoor-living-room-garden-terrace","status":"publish","type":"product","link":"https:\/\/allhom.com\/es\/shop\/oversized-swing-chair-exterior-egg-shaped-swing-chair-w-footrests-thick-cushion-for-indoor-outdoor-living-room-garden-terrace\/","title":{"rendered":"Silla colgante extragrande, silla colgante exterior con forma de huevo con reposapi\u00e9s, coj\u00edn grueso para interior, exterior, sala de estar, jard\u00edn o terraza."},"content":{"rendered":"<div class=\"product-specs-list-container\">\n<ul class=\"product-specs-list util-clearfix\">\n<li class=\"product-prop line-limit-length\"><span class=\"property-title\">Sustancia qu\u00edmica de alta preocupaci\u00f3n:&nbsp;<\/span><span class=\"property-desc line-limit-length\">Ninguno<\/span>\n                            <\/li>\n<li class=\"product-prop line-limit-length\"><span class=\"property-title\">Installation Method:&nbsp;<\/span><span class=\"property-desc line-limit-length\">Assembly<\/span>\n                            <\/li>\n<li class=\"product-prop line-limit-length\"><span class=\"property-title\">With Handrails:&nbsp;<\/span><span class=\"property-desc line-limit-length\">No<\/span>\n                            <\/li>\n<li class=\"product-prop line-limit-length\"><span class=\"property-title\">Style:&nbsp;<\/span><span class=\"property-desc line-limit-length\">Minimalist Modern<\/span>\n                            <\/li>\n<li class=\"product-prop line-limit-length\"><span class=\"property-title\">General Use:&nbsp;<\/span><span class=\"property-desc line-limit-length\">Muebles de exterior<\/span>\n                            <\/li>\n<li class=\"product-prop line-limit-length\"><span class=\"property-title\">Origen:&nbsp;<\/span><span class=\"property-desc line-limit-length\">China continental<\/span>\n                            <\/li>\n<li class=\"product-prop line-limit-length\"><span class=\"property-title\">Nombre de marca:&nbsp;<\/span><span class=\"property-desc line-limit-length\">TWISTER.CK<\/span>\n                            <\/li>\n<li class=\"product-prop line-limit-length\"><span class=\"property-title\">Metal Type:&nbsp;<\/span><span class=\"property-desc line-limit-length\">Iron<\/span>\n                            <\/li>\n<li class=\"product-prop line-limit-length\"><span class=\"property-title\">Folded:&nbsp;<\/span><span class=\"property-desc line-limit-length\">No<\/span>\n                            <\/li>\n<li class=\"product-prop line-limit-length\"><span class=\"property-title\">Material:&nbsp;<\/span><span class=\"property-desc line-limit-length\">Metal<\/span>\n                            <\/li>\n<li class=\"product-prop line-limit-length\"><span class=\"property-title\">Specific Use:&nbsp;<\/span><span class=\"property-desc line-limit-length\">Garden Chair<\/span>\n                            <\/li>\n<\/ul><\/div>\n<h5>&#8212;\tModern outdoor rocking chair for relaxing comfort This stylish garden rocking chair combines a modern design with a gentle swing movement and provides perfect comfort for the balcony, terrace, garden or porch.<br \/>\n<\/h5>\n<h5>&#8212;\tThe powder coated steel frame is weather-resistant, corrosion-resistant and ideal for long-term outdoor use, even in changing weather conditions.<br \/>\n<\/h5>\n<h5>&#8212;\tSoft seat cushion for added comfort The thick, comfortable cushion provides a soft seating feel and additional support. The case is breathable and easy to clean, perfect for long moments of relaxation outdoors.<br \/>\n<\/h5>\n<h5>&#8212;\tErgonomic design with stable swing movement The slightly curved base allows for quiet and controlled swing movement. The ergonomic seat supports the back and hips for lasting comfort.<br \/>\n<\/h5>\n<h5>&#8212;\tOptional: Only swing chair or swing chair with footstool.<br \/>\n<\/h5>\n<h5>&#8212;\tVersatile: ideal for balcony, terrace and garden. Whether as a reading chair, terrace chair or balcony rocking chair, this model fits perfectly into modern outdoor areas and creates a relaxing and elegant atmosphere.<br \/>\n<\/h5>\n<p><img wpfc-lazyload-disable=\"true\" decoding=\"async\" src=\"https:\/\/allhom.com\/wp-content\/uploads\/2026\/04\/Oversized-Swing-Chair-Exterior-Egg-Shaped-Swing-Chair-w-Footrests-Thick-Cushion-for-Indoor-Outdoor-Living-Room-Garden-Terrace-6.webp\" \/><img wpfc-lazyload-disable=\"true\" decoding=\"async\" src=\"https:\/\/allhom.com\/wp-content\/uploads\/2026\/04\/Oversized-Swing-Chair-Exterior-Egg-Shaped-Swing-Chair-w-Footrests-Thick-Cushion-for-Indoor-Outdoor-Living-Room-Garden-Terrace-4.webp\" \/><img wpfc-lazyload-disable=\"true\" decoding=\"async\" src=\"https:\/\/allhom.com\/wp-content\/uploads\/2026\/04\/Oversized-Swing-Chair-Exterior-Egg-Shaped-Swing-Chair-w-Footrests-Thick-Cushion-for-Indoor-Outdoor-Living-Room-Garden-Terrace-5.webp\" \/><img wpfc-lazyload-disable=\"true\" decoding=\"async\" src=\"https:\/\/allhom.com\/wp-content\/uploads\/2026\/04\/Oversized-Swing-Chair-Exterior-Egg-Shaped-Swing-Chair-w-Footrests-Thick-Cushion-for-Indoor-Outdoor-Living-Room-Garden-Terrace-7.webp\" \/><img wpfc-lazyload-disable=\"true\" decoding=\"async\" src=\"https:\/\/allhom.com\/wp-content\/uploads\/2026\/04\/Oversized-Swing-Chair-Exterior-Egg-Shaped-Swing-Chair-w-Footrests-Thick-Cushion-for-Indoor-Outdoor-Living-Room-Garden-Terrace-8.webp\" \/><img wpfc-lazyload-disable=\"true\" decoding=\"async\" src=\"https:\/\/allhom.com\/wp-content\/uploads\/2026\/04\/Oversized-Swing-Chair-Exterior-Egg-Shaped-Swing-Chair-w-Footrests-Thick-Cushion-for-Indoor-Outdoor-Living-Room-Garden-Terrace-9.webp\" \/><img wpfc-lazyload-disable=\"true\" decoding=\"async\" src=\"https:\/\/allhom.com\/wp-content\/uploads\/2026\/04\/Oversized-Swing-Chair-Exterior-Egg-Shaped-Swing-Chair-w-Footrests-Thick-Cushion-for-Indoor-Outdoor-Living-Room-Garden-Terrace-2.webp\" \/><img wpfc-lazyload-disable=\"true\" decoding=\"async\" src=\"https:\/\/allhom.com\/wp-content\/uploads\/2026\/04\/Oversized-Swing-Chair-Exterior-Egg-Shaped-Swing-Chair-w-Footrests-Thick-Cushion-for-Indoor-Outdoor-Living-Room-Garden-Terrace-1.webp\" \/><img wpfc-lazyload-disable=\"true\" decoding=\"async\" src=\"https:\/\/allhom.com\/wp-content\/uploads\/2026\/04\/Oversized-Swing-Chair-Exterior-Egg-Shaped-Swing-Chair-w-Footrests-Thick-Cushion-for-Indoor-Outdoor-Living-Room-Garden-Terrace-10.webp\" \/><img wpfc-lazyload-disable=\"true\" decoding=\"async\" src=\"https:\/\/allhom.com\/wp-content\/uploads\/2026\/04\/Oversized-Swing-Chair-Exterior-Egg-Shaped-Swing-Chair-w-Footrests-Thick-Cushion-for-Indoor-Outdoor-Living-Room-Garden-Terrace-11.webp\" \/><img wpfc-lazyload-disable=\"true\" decoding=\"async\" src=\"https:\/\/allhom.com\/wp-content\/uploads\/2026\/04\/Oversized-Swing-Chair-Exterior-Egg-Shaped-Swing-Chair-w-Footrests-Thick-Cushion-for-Indoor-Outdoor-Living-Room-Garden-Terrace-3.webp\" \/><img wpfc-lazyload-disable=\"true\" decoding=\"async\" src=\"https:\/\/allhom.com\/wp-content\/uploads\/2026\/04\/Oversized-Swing-Chair-Exterior-Egg-Shaped-Swing-Chair-w-Footrests-Thick-Cushion-for-Indoor-Outdoor-Living-Room-Garden-Terrace-12.webp\" \/><img wpfc-lazyload-disable=\"true\" decoding=\"async\" src=\"https:\/\/allhom.com\/wp-content\/uploads\/2026\/04\/Oversized-Swing-Chair-Exterior-Egg-Shaped-Swing-Chair-w-Footrests-Thick-Cushion-for-Indoor-Outdoor-Living-Room-Garden-Terrace-13.webp\" \/><img wpfc-lazyload-disable=\"true\" decoding=\"async\" src=\"https:\/\/allhom.com\/wp-content\/uploads\/2026\/04\/Oversized-Swing-Chair-Exterior-Egg-Shaped-Swing-Chair-w-Footrests-Thick-Cushion-for-Indoor-Outdoor-Living-Room-Garden-Terrace-14.webp\" \/><img wpfc-lazyload-disable=\"true\" decoding=\"async\" src=\"https:\/\/allhom.com\/wp-content\/uploads\/2026\/04\/Oversized-Swing-Chair-Exterior-Egg-Shaped-Swing-Chair-w-Footrests-Thick-Cushion-for-Indoor-Outdoor-Living-Room-Garden-Terrace-15.webp\" \/><img wpfc-lazyload-disable=\"true\" decoding=\"async\" src=\"https:\/\/allhom.com\/wp-content\/uploads\/2026\/04\/Oversized-Swing-Chair-Exterior-Egg-Shaped-Swing-Chair-w-Footrests-Thick-Cushion-for-Indoor-Outdoor-Living-Room-Garden-Terrace-16.webp\" \/><img wpfc-lazyload-disable=\"true\" decoding=\"async\" src=\"https:\/\/allhom.com\/wp-content\/uploads\/2026\/04\/Oversized-Swing-Chair-Exterior-Egg-Shaped-Swing-Chair-w-Footrests-Thick-Cushion-for-Indoor-Outdoor-Living-Room-Garden-Terrace-17.webp\" \/><\/p>","protected":false},"excerpt":{"rendered":"<p>High-concerned chemical:&nbsp;None Installation Method:&nbsp;Assembly With Handrails:&nbsp;No Style:&nbsp;Minimalist Modern General Use:&nbsp;Outdoor Furniture Origin:&nbsp;Mainland China Brand Name:&nbsp;TWISTER.CK Metal Type:&nbsp;Iron Folded:&nbsp;No Material:&nbsp;Metal Specific Use:&nbsp;Garden Chair &#8212; Modern outdoor rocking chair for relaxing comfort This stylish garden rocking chair combines a modern&#8230;<\/p>","protected":false},"featured_media":579493,"comment_status":"open","ping_status":"closed","template":"","meta":[],"etheme_brands":[],"product_brand":[],"product_cat":[21973,27719],"product_tag":[27844],"class_list":{"0":"post-579492","1":"product","2":"type-product","3":"status-publish","4":"has-post-thumbnail","6":"product_cat-furniture","7":"product_cat-outdoor-furniture","8":"product_tag-furniture","10":"first","11":"instock","12":"taxable","13":"shipping-taxable","14":"purchasable","15":"product-type-variable"},"_links":{"self":[{"href":"https:\/\/allhom.com\/es\/wp-json\/wp\/v2\/product\/579492","targetHints":{"allow":["GET"]}}],"collection":[{"href":"https:\/\/allhom.com\/es\/wp-json\/wp\/v2\/product"}],"about":[{"href":"https:\/\/allhom.com\/es\/wp-json\/wp\/v2\/types\/product"}],"replies":[{"embeddable":true,"href":"https:\/\/allhom.com\/es\/wp-json\/wp\/v2\/comments?post=579492"}],"version-history":[{"count":17,"href":"https:\/\/allhom.com\/es\/wp-json\/wp\/v2\/product\/579492\/revisions"}],"predecessor-version":[{"id":579764,"href":"https:\/\/allhom.com\/es\/wp-json\/wp\/v2\/product\/579492\/revisions\/579764"}],"wp:featuredmedia":[{"embeddable":true,"href":"https:\/\/allhom.com\/es\/wp-json\/wp\/v2\/media\/579493"}],"wp:attachment":[{"href":"https:\/\/allhom.com\/es\/wp-json\/wp\/v2\/media?parent=579492"}],"wp:term":[{"taxonomy":"brand","embeddable":true,"href":"https:\/\/allhom.com\/es\/wp-json\/wp\/v2\/etheme_brands?post=579492"},{"taxonomy":"product_brand","embeddable":true,"href":"https:\/\/allhom.com\/es\/wp-json\/wp\/v2\/product_brand?post=579492"},{"taxonomy":"product_cat","embeddable":true,"href":"https:\/\/allhom.com\/es\/wp-json\/wp\/v2\/product_cat?post=579492"},{"taxonomy":"product_tag","embeddable":true,"href":"https:\/\/allhom.com\/es\/wp-json\/wp\/v2\/product_tag?post=579492"}],"curies":[{"name":"wp","href":"https:\/\/api.w.org\/{rel}","templated":true}]}}