{"id":579924,"date":"2026-04-14T16:31:52","date_gmt":"2026-04-14T14:31:52","guid":{"rendered":"https:\/\/allhom.com\/shop\/outdoor-sofa-set-garden-furniture-l-shaped-garden-sofa-set-wooden-armrests-iron-recliner-wooden-table-armchair-cushion\/"},"modified":"2026-04-14T18:14:38","modified_gmt":"2026-04-14T16:14:38","slug":"outdoor-sofa-set-garden-furniture-l-shaped-garden-sofa-set-wooden-armrests-iron-recliner-wooden-table-armchair-cushion","status":"publish","type":"product","link":"https:\/\/allhom.com\/es\/shop\/outdoor-sofa-set-garden-furniture-l-shaped-garden-sofa-set-wooden-armrests-iron-recliner-wooden-table-armchair-cushion\/","title":{"rendered":"Conjunto de sof\u00e1s para exteriores. Muebles de jard\u00edn: conjunto de sof\u00e1s en forma de L, reposabrazos de madera, sill\u00f3n reclinable de hierro, mesa de madera, sill\u00f3n y coj\u00edn."},"content":{"rendered":"<div class=\"product-specs-list-container\">\n<ul class=\"product-specs-list util-clearfix\">\n<li class=\"product-prop line-limit-length\"><span class=\"property-title\">Material del marco:&nbsp;<\/span><span class=\"property-desc line-limit-length\">Metal<\/span>\n                            <\/li>\n<li class=\"product-prop line-limit-length\"><span class=\"property-title\">M\u00e9todo de instalaci\u00f3n:&nbsp;<\/span><span class=\"property-desc line-limit-length\">Asamblea<\/span>\n                            <\/li>\n<li class=\"product-prop line-limit-length\"><span class=\"property-title\">Uso general:&nbsp;<\/span><span class=\"property-desc line-limit-length\">Muebles de exterior<\/span>\n                            <\/li>\n<li class=\"product-prop line-limit-length\"><span class=\"property-title\">Uso espec\u00edfico:&nbsp;<\/span><span class=\"property-desc line-limit-length\">Conjunto de jard\u00edn<\/span>\n                            <\/li>\n<\/ul><\/div>\n<ul style=\"font-family:Arial, Roboto, Helvetica, sans-serif;font-size:14px;font-weight:400;letter-spacing:normal;text-align:start;white-space:normal;margin-bottom:10px;margin-top:0px;padding-left:18px\">\n<li style=\"margin-top:12px\">\n<ul style=\"font-family:Arial, Roboto, Helvetica, sans-serif;font-size:14px;font-weight:400;letter-spacing:normal;text-align:start;white-space:normal;margin-bottom:10px;margin-top:0px;padding-left:18px\">\n<li style=\"margin-top:12px\">\n<ul style=\"font-family:Arial, Roboto, Helvetica, sans-serif;font-size:14px;font-weight:400;letter-spacing:normal;text-align:start;white-space:normal;margin-bottom:10px;margin-top:0px;padding-left:18px\">\n<li style=\"margin-top:12px\">\n<ul style=\"font-family:Arial, Roboto, Helvetica, sans-serif;font-size:14px;font-weight:400;letter-spacing:normal;text-align:start;white-space:normal;margin-bottom:10px;margin-top:0px;padding-left:18px\">\n<li style=\"margin-top:12px\">\n<div><\/div>\n<div style=\"font-family:Arial, Roboto, Helvetica, sans-serif;font-size:14px;font-weight:400;letter-spacing:normal;text-align:start;white-space:normal;margin-top:16px\" class=\"mt-16px\" align=\"start\">\n<div style=\"margin-top:4px\" class=\"mt-4px\">\n<div>\n<ul style=\"margin-bottom:10px;margin-top:0px;padding-left:18px\">\n<li style=\"margin-top:12px\">\n<p>Platz f\u00fcr bis zu 7 Personen: Enth\u00e4lt zwei elegante Mehrpersonen-Sofas, ein Ecksofa, einen Einzelsessel ohne Armlehne, eine Bank und einen praktischen Couchtisch. 10 cm dicke Sitzpolster garantieren komfortablen Sitzgenuss. Das elegante Erscheinungsbild eignet sich perfekt f\u00fcr die Nutzung im Garten, auf der Terrasse oder dem Balkon.<\/p>\n<\/li>\n<li style=\"margin-top:12px\">\n<p>Leichtes, feuerverzinktes und pulverbeschichtetes Eisengestell: Unser Eisengestell wird durch eine Pulverbeschichtung zus\u00e4tzlich gesch\u00fctzt, die den Kontakt des Eisens mit Feuchtigkeit verhindert und so Rostbildung bei langfristiger Nutzung vermeidet. Zwei integrierte Holzaufs\u00e4tze dienen als Armlehnen, die den Armen Halt und Entspannung bieten. Diese Auflagen k\u00f6nnen gleichzeitig als praktische Ablagefl\u00e4chen oder Mini-Seitentische genutzt werden (bitte verwenden Sie bei hei\u00dfen Getr\u00e4nken stets Unte<\/p>\n<\/li>\n<li style=\"margin-top:12px\">\n<p>Couchtisch aus Holz: Der Couchtisch besteht aus hochwertigem WPC (Wood-Plastic Composite) und harmoniert perfekt mit den Sofas. Er ist \u00e4sthetisch, funktional, leicht zu reinigen und f\u00fcr den t\u00e4glichen Gebrauch geeignet.<\/p>\n<\/li>\n<li style=\"margin-top:12px\">\n<p>Schaumstoffpolster: 10 cm dicke Sitzpolster und verst\u00e4rkte R\u00fcckenkissen aus Schaumstoff sorgen f\u00fcr au\u00dfergew\u00f6hnlichen Komfort. Die abnehmbaren und waschbaren Polsterbez\u00fcge sind langlebig und pflegeleicht.<\/p>\n<\/li>\n<li style=\"margin-top:12px\">\n<p>Produktma\u00dfe: Zweisitzer-Sofa: 110 x 62 x 75 cm (LxBxH); Ecksofa: 67 x 67 x 75 cm (LxBxH); Einzelsessel (ohne Armlehne): 55 x 62 x 75 cm (LxBxH); Hocker: 55 x 55 x 37 cm (LxBxH); Couchtisch: 55 x 55 x 30.5 cm (LxBxH). Lieferumfang: 5 Sitzkissen und 6 R\u00fcckenkissen.<\/p>\n<\/li>\n<\/ul>\n<\/div>\n<\/div>\n<\/div>\n<p><\/p>\n<\/li>\n<li style=\"margin-top:12px\">\n<p><img wpfc-lazyload-disable=\"true\" decoding=\"async\" src=\"https:\/\/allhom.com\/wp-content\/uploads\/2026\/04\/Outdoor-sofa-set.-Garden-furniture-L-shaped-garden-sofa-set-wooden-armrests-iron-recliner-wooden-table-armchair-cushion-1.webp\" \/><img wpfc-lazyload-disable=\"true\" decoding=\"async\" src=\"https:\/\/allhom.com\/wp-content\/uploads\/2026\/04\/Outdoor-sofa-set.-Garden-furniture-L-shaped-garden-sofa-set-wooden-armrests-iron-recliner-wooden-table-armchair-cushion-2.webp\" \/><img wpfc-lazyload-disable=\"true\" decoding=\"async\" src=\"https:\/\/allhom.com\/wp-content\/uploads\/2026\/04\/Outdoor-sofa-set.-Garden-furniture-L-shaped-garden-sofa-set-wooden-armrests-iron-recliner-wooden-table-armchair-cushion.webp\" \/><img wpfc-lazyload-disable=\"true\" decoding=\"async\" src=\"https:\/\/allhom.com\/wp-content\/uploads\/2026\/04\/Outdoor-sofa-set.-Garden-furniture-L-shaped-garden-sofa-set-wooden-armrests-iron-recliner-wooden-table-armchair-cushion-3.webp\" \/><img wpfc-lazyload-disable=\"true\" decoding=\"async\" src=\"https:\/\/allhom.com\/wp-content\/uploads\/2026\/04\/Outdoor-sofa-set.-Garden-furniture-L-shaped-garden-sofa-set-wooden-armrests-iron-recliner-wooden-table-armchair-cushion-4.webp\" \/><img wpfc-lazyload-disable=\"true\" decoding=\"async\" src=\"https:\/\/allhom.com\/wp-content\/uploads\/2026\/04\/Outdoor-sofa-set.-Garden-furniture-L-shaped-garden-sofa-set-wooden-armrests-iron-recliner-wooden-table-armchair-cushion-5.webp\" \/><img wpfc-lazyload-disable=\"true\" decoding=\"async\" src=\"https:\/\/allhom.com\/wp-content\/uploads\/2026\/04\/Outdoor-sofa-set.-Garden-furniture-L-shaped-garden-sofa-set-wooden-armrests-iron-recliner-wooden-table-armchair-cushion-6.webp\" \/><img wpfc-lazyload-disable=\"true\" decoding=\"async\" src=\"https:\/\/allhom.com\/wp-content\/uploads\/2026\/04\/Outdoor-sofa-set.-Garden-furniture-L-shaped-garden-sofa-set-wooden-armrests-iron-recliner-wooden-table-armchair-cushion-7.webp\" \/><img wpfc-lazyload-disable=\"true\" decoding=\"async\" src=\"https:\/\/allhom.com\/wp-content\/uploads\/2026\/04\/Outdoor-sofa-set.-Garden-furniture-L-shaped-garden-sofa-set-wooden-armrests-iron-recliner-wooden-table-armchair-cushion-8.webp\" \/><img wpfc-lazyload-disable=\"true\" decoding=\"async\" src=\"https:\/\/allhom.com\/wp-content\/uploads\/2026\/04\/Outdoor-sofa-set.-Garden-furniture-L-shaped-garden-sofa-set-wooden-armrests-iron-recliner-wooden-table-armchair-cushion-9.webp\" \/><img wpfc-lazyload-disable=\"true\" decoding=\"async\" src=\"https:\/\/allhom.com\/wp-content\/uploads\/2026\/04\/Outdoor-sofa-set.-Garden-furniture-L-shaped-garden-sofa-set-wooden-armrests-iron-recliner-wooden-table-armchair-cushion-10.webp\" \/><img wpfc-lazyload-disable=\"true\" decoding=\"async\" src=\"https:\/\/allhom.com\/wp-content\/uploads\/2026\/04\/Outdoor-sofa-set.-Garden-furniture-L-shaped-garden-sofa-set-wooden-armrests-iron-recliner-wooden-table-armchair-cushion-11.webp\" \/><img wpfc-lazyload-disable=\"true\" decoding=\"async\" src=\"https:\/\/allhom.com\/wp-content\/uploads\/2026\/04\/Outdoor-sofa-set.-Garden-furniture-L-shaped-garden-sofa-set-wooden-armrests-iron-recliner-wooden-table-armchair-cushion-12.webp\" \/><img wpfc-lazyload-disable=\"true\" decoding=\"async\" src=\"https:\/\/allhom.com\/wp-content\/uploads\/2026\/04\/Outdoor-sofa-set.-Garden-furniture-L-shaped-garden-sofa-set-wooden-armrests-iron-recliner-wooden-table-armchair-cushion-13.webp\" \/><img wpfc-lazyload-disable=\"true\" decoding=\"async\" src=\"https:\/\/allhom.com\/wp-content\/uploads\/2026\/04\/Outdoor-sofa-set.-Garden-furniture-L-shaped-garden-sofa-set-wooden-armrests-iron-recliner-wooden-table-armchair-cushion-14.webp\" \/><img wpfc-lazyload-disable=\"true\" decoding=\"async\" src=\"https:\/\/allhom.com\/wp-content\/uploads\/2026\/04\/Outdoor-sofa-set.-Garden-furniture-L-shaped-garden-sofa-set-wooden-armrests-iron-recliner-wooden-table-armchair-cushion-15.webp\" \/><\/p>\n<\/li>\n<\/ul>\n<\/li>\n<\/ul>\n<\/li>\n<\/ul>\n<\/li>\n<\/ul>\n<p><\/p>","protected":false},"excerpt":{"rendered":"<p>Frame Material:&nbsp;Metal Installation Method:&nbsp;Assembly General Use:&nbsp;Outdoor Furniture Specific Use:&nbsp;Garden Set Platz f\u00fcr bis zu 7 Personen: Enth\u00e4lt zwei elegante Mehrpersonen-Sofas, ein Ecksofa, einen Einzelsessel ohne Armlehne, eine Bank und einen praktischen Couchtisch. 10 cm dicke Sitzpolster garantieren komfortablen&#8230;<\/p>","protected":false},"featured_media":579925,"comment_status":"open","ping_status":"closed","template":"","meta":[],"etheme_brands":[],"product_brand":[],"product_cat":[21973,27719],"product_tag":[27844],"class_list":{"0":"post-579924","1":"product","2":"type-product","3":"status-publish","4":"has-post-thumbnail","6":"product_cat-furniture","7":"product_cat-outdoor-furniture","8":"product_tag-furniture","10":"first","11":"instock","12":"taxable","13":"shipping-taxable","14":"purchasable","15":"product-type-variable"},"_links":{"self":[{"href":"https:\/\/allhom.com\/es\/wp-json\/wp\/v2\/product\/579924","targetHints":{"allow":["GET"]}}],"collection":[{"href":"https:\/\/allhom.com\/es\/wp-json\/wp\/v2\/product"}],"about":[{"href":"https:\/\/allhom.com\/es\/wp-json\/wp\/v2\/types\/product"}],"replies":[{"embeddable":true,"href":"https:\/\/allhom.com\/es\/wp-json\/wp\/v2\/comments?post=579924"}],"version-history":[{"count":16,"href":"https:\/\/allhom.com\/es\/wp-json\/wp\/v2\/product\/579924\/revisions"}],"predecessor-version":[{"id":580561,"href":"https:\/\/allhom.com\/es\/wp-json\/wp\/v2\/product\/579924\/revisions\/580561"}],"wp:featuredmedia":[{"embeddable":true,"href":"https:\/\/allhom.com\/es\/wp-json\/wp\/v2\/media\/579925"}],"wp:attachment":[{"href":"https:\/\/allhom.com\/es\/wp-json\/wp\/v2\/media?parent=579924"}],"wp:term":[{"taxonomy":"brand","embeddable":true,"href":"https:\/\/allhom.com\/es\/wp-json\/wp\/v2\/etheme_brands?post=579924"},{"taxonomy":"product_brand","embeddable":true,"href":"https:\/\/allhom.com\/es\/wp-json\/wp\/v2\/product_brand?post=579924"},{"taxonomy":"product_cat","embeddable":true,"href":"https:\/\/allhom.com\/es\/wp-json\/wp\/v2\/product_cat?post=579924"},{"taxonomy":"product_tag","embeddable":true,"href":"https:\/\/allhom.com\/es\/wp-json\/wp\/v2\/product_tag?post=579924"}],"curies":[{"name":"wp","href":"https:\/\/api.w.org\/{rel}","templated":true}]}}