{"id":579984,"date":"2026-04-14T16:46:59","date_gmt":"2026-04-14T14:46:59","guid":{"rendered":"https:\/\/allhom.com\/shop\/large-table-equipped-with-wooden-railings-chairs-and-cushions-outdoor-sofa-garden-leisure-sofa-set-8-seater-furniture-set\/"},"modified":"2026-04-14T18:39:50","modified_gmt":"2026-04-14T16:39:50","slug":"large-table-equipped-with-wooden-railings-chairs-and-cushions-outdoor-sofa-garden-leisure-sofa-set-8-seater-furniture-set","status":"publish","type":"product","link":"https:\/\/allhom.com\/es\/shop\/large-table-equipped-with-wooden-railings-chairs-and-cushions-outdoor-sofa-garden-leisure-sofa-set-8-seater-furniture-set\/","title":{"rendered":"Mesa grande, equipada con barandillas de madera, sillas y cojines, sof\u00e1 de exterior. Conjunto de sof\u00e1 de ocio para jard\u00edn, 8 plazas. Conjunto de muebles,"},"content":{"rendered":"<div class=\"product-specs-list-container\">\n<ul class=\"product-specs-list util-clearfix\">\n<li class=\"product-prop line-limit-length\"><span class=\"property-title\">Material del marco:&nbsp;<\/span><span class=\"property-desc line-limit-length\">Metal<\/span>\n                            <\/li>\n<li class=\"product-prop line-limit-length\"><span class=\"property-title\">M\u00e9todo de instalaci\u00f3n:&nbsp;<\/span><span class=\"property-desc line-limit-length\">Asamblea<\/span>\n                            <\/li>\n<li class=\"product-prop line-limit-length\"><span class=\"property-title\">Uso general:&nbsp;<\/span><span class=\"property-desc line-limit-length\">Muebles de exterior<\/span>\n                            <\/li>\n<li class=\"product-prop line-limit-length\"><span class=\"property-title\">Uso espec\u00edfico:&nbsp;<\/span><span class=\"property-desc line-limit-length\">Conjunto de jard\u00edn<\/span>\n                            <\/li>\n<\/ul><\/div>\n<ul style=\"font-family:Arial, Roboto, Helvetica, sans-serif;font-size:14px;font-weight:400;letter-spacing:normal;text-align:start;white-space:normal;margin-bottom:10px;margin-top:0px;padding-left:18px\">\n<li style=\"margin-top:12px\">\n<p>Dimensiones del producto: Sof\u00e1 grande*1: 234*69*86 cm (ancho x profundidad x alto) Sof\u00e1 peque\u00f1o*1: 115*69*86 cm (ancho x profundidad x alto) Sof\u00e1 individual*2: 65*63*63 cm (ancho x profundidad x alto) Mesa: 100*60*72 cm (ancho x profundidad x alto). El sof\u00e1 individual soporta 150 kg y la mesa 60 kg.<\/p>\n<\/li>\n<li style=\"margin-top:12px\">\n<p>Estructuras ligeras de hierro galvanizado: Tratamos el hierro con un recubrimiento o pintura especial para mayor protecci\u00f3n. Este recubrimiento evita que el hierro entre en contacto con la humedad y, por lo tanto, que se oxide con el tiempo.<\/p>\n<\/li>\n<li style=\"margin-top:12px\">\n<p>Materiales de alta calidad: los reposabrazos del asiento est\u00e1n tejidos con cuerda, lo que los hace m\u00e1s est\u00e9ticos y pr\u00e1cticos, ya que resisten la lluvia, el sol, el viento y otras inclemencias del tiempo.<\/p>\n<\/li>\n<li style=\"margin-top:12px\">\n<p>DETALLES: La mesa y las sillas cuentan con patas ajustables que les brindan estabilidad incluso en suelos irregulares y protegen el piso de rayones. El conjunto incluye cojines para el respaldo y el asiento con un grosor que garantiza una sentada c\u00f3moda.<\/p>\n<\/li>\n<li style=\"margin-top:12px\">\n<p>Tenga en cuenta: Este producto consta de 3 paquetes y es posible que no todos lleguen el mismo d\u00eda.<\/p>\n<\/li>\n<li style=\"margin-top:12px\">\n<p><img wpfc-lazyload-disable=\"true\" decoding=\"async\" src=\"https:\/\/allhom.com\/wp-content\/uploads\/2026\/04\/large-table-equipped-with-wooden-railings-chairs-and-cushions-outdoor-sofa.Garden-leisure-sofa-set-8-seater.-Furniture-set-5.webp\" \/><img wpfc-lazyload-disable=\"true\" decoding=\"async\" src=\"https:\/\/allhom.com\/wp-content\/uploads\/2026\/04\/large-table-equipped-with-wooden-railings-chairs-and-cushions-outdoor-sofa.Garden-leisure-sofa-set-8-seater.-Furniture-set-6.webp\" \/><img wpfc-lazyload-disable=\"true\" decoding=\"async\" src=\"https:\/\/allhom.com\/wp-content\/uploads\/2026\/04\/large-table-equipped-with-wooden-railings-chairs-and-cushions-outdoor-sofa.Garden-leisure-sofa-set-8-seater.-Furniture-set-4.webp\" \/><img wpfc-lazyload-disable=\"true\" decoding=\"async\" src=\"https:\/\/allhom.com\/wp-content\/uploads\/2026\/04\/large-table-equipped-with-wooden-railings-chairs-and-cushions-outdoor-sofa.Garden-leisure-sofa-set-8-seater.-Furniture-set-3.webp\" \/><img wpfc-lazyload-disable=\"true\" decoding=\"async\" src=\"https:\/\/allhom.com\/wp-content\/uploads\/2026\/04\/large-table-equipped-with-wooden-railings-chairs-and-cushions-outdoor-sofa.Garden-leisure-sofa-set-8-seater.-Furniture-set-7.webp\" \/><img wpfc-lazyload-disable=\"true\" decoding=\"async\" src=\"https:\/\/allhom.com\/wp-content\/uploads\/2026\/04\/large-table-equipped-with-wooden-railings-chairs-and-cushions-outdoor-sofa.Garden-leisure-sofa-set-8-seater.-Furniture-set-8.webp\" \/><img wpfc-lazyload-disable=\"true\" decoding=\"async\" src=\"https:\/\/allhom.com\/wp-content\/uploads\/2026\/04\/large-table-equipped-with-wooden-railings-chairs-and-cushions-outdoor-sofa.Garden-leisure-sofa-set-8-seater.-Furniture-set-1.webp\" \/><img wpfc-lazyload-disable=\"true\" decoding=\"async\" src=\"https:\/\/allhom.com\/wp-content\/uploads\/2026\/04\/large-table-equipped-with-wooden-railings-chairs-and-cushions-outdoor-sofa.Garden-leisure-sofa-set-8-seater.-Furniture-set-2.webp\" \/><img wpfc-lazyload-disable=\"true\" decoding=\"async\" src=\"https:\/\/allhom.com\/wp-content\/uploads\/2026\/04\/large-table-equipped-with-wooden-railings-chairs-and-cushions-outdoor-sofa.Garden-leisure-sofa-set-8-seater.-Furniture-set-3.webp\" \/><img wpfc-lazyload-disable=\"true\" decoding=\"async\" src=\"https:\/\/allhom.com\/wp-content\/uploads\/2026\/04\/large-table-equipped-with-wooden-railings-chairs-and-cushions-outdoor-sofa.Garden-leisure-sofa-set-8-seater.-Furniture-set-6.webp\" \/><img wpfc-lazyload-disable=\"true\" decoding=\"async\" src=\"https:\/\/allhom.com\/wp-content\/uploads\/2026\/04\/large-table-equipped-with-wooden-railings-chairs-and-cushions-outdoor-sofa.Garden-leisure-sofa-set-8-seater.-Furniture-set-9.webp\" \/><img wpfc-lazyload-disable=\"true\" decoding=\"async\" src=\"https:\/\/allhom.com\/wp-content\/uploads\/2026\/04\/large-table-equipped-with-wooden-railings-chairs-and-cushions-outdoor-sofa.Garden-leisure-sofa-set-8-seater.-Furniture-set-10.webp\" \/><img wpfc-lazyload-disable=\"true\" decoding=\"async\" src=\"https:\/\/allhom.com\/wp-content\/uploads\/2026\/04\/large-table-equipped-with-wooden-railings-chairs-and-cushions-outdoor-sofa.Garden-leisure-sofa-set-8-seater.-Furniture-set-11.webp\" \/><img wpfc-lazyload-disable=\"true\" decoding=\"async\" src=\"https:\/\/allhom.com\/wp-content\/uploads\/2026\/04\/large-table-equipped-with-wooden-railings-chairs-and-cushions-outdoor-sofa.Garden-leisure-sofa-set-8-seater.-Furniture-set-12.webp\" \/><img wpfc-lazyload-disable=\"true\" decoding=\"async\" src=\"https:\/\/allhom.com\/wp-content\/uploads\/2026\/04\/large-table-equipped-with-wooden-railings-chairs-and-cushions-outdoor-sofa.Garden-leisure-sofa-set-8-seater.-Furniture-set-13.webp\" \/><img wpfc-lazyload-disable=\"true\" decoding=\"async\" src=\"https:\/\/allhom.com\/wp-content\/uploads\/2026\/04\/large-table-equipped-with-wooden-railings-chairs-and-cushions-outdoor-sofa.Garden-leisure-sofa-set-8-seater.-Furniture-set-14.webp\" \/><img wpfc-lazyload-disable=\"true\" decoding=\"async\" src=\"https:\/\/allhom.com\/wp-content\/uploads\/2026\/04\/large-table-equipped-with-wooden-railings-chairs-and-cushions-outdoor-sofa.Garden-leisure-sofa-set-8-seater.-Furniture-set-15.webp\" \/><img wpfc-lazyload-disable=\"true\" decoding=\"async\" src=\"https:\/\/allhom.com\/wp-content\/uploads\/2026\/04\/large-table-equipped-with-wooden-railings-chairs-and-cushions-outdoor-sofa.Garden-leisure-sofa-set-8-seater.-Furniture-set-16.webp\" \/><img wpfc-lazyload-disable=\"true\" decoding=\"async\" src=\"https:\/\/allhom.com\/wp-content\/uploads\/2026\/04\/large-table-equipped-with-wooden-railings-chairs-and-cushions-outdoor-sofa.Garden-leisure-sofa-set-8-seater.-Furniture-set-17.webp\" \/><\/p>\n<\/li>\n<\/ul>\n<p><\/p>","protected":false},"excerpt":{"rendered":"<p>Frame Material:&nbsp;Metal Installation Method:&nbsp;Assembly General Use:&nbsp;Outdoor Furniture Specific Use:&nbsp;Garden Set Produktgr\u00f6\u00dfe: gro\u00dfes Sofa*1:234*69*86cm (BxTxH) kleines Sofa*1:115*69*86cm (BxTxH) Einzelsofa*2:65*63*63cm (BxTxH) Tisch:100*60*72cm (BxTxH). Das Einzelsofa kann 150kg tragen, der Tisch 60kg. Leichte, verzinkte Eisenrahmen: Wir behandeln das Eisen mit einer&#8230;<\/p>","protected":false},"featured_media":579985,"comment_status":"open","ping_status":"closed","template":"","meta":[],"etheme_brands":[],"product_brand":[],"product_cat":[21973,27719],"product_tag":[27844],"class_list":{"0":"post-579984","1":"product","2":"type-product","3":"status-publish","4":"has-post-thumbnail","6":"product_cat-furniture","7":"product_cat-outdoor-furniture","8":"product_tag-furniture","10":"first","11":"instock","12":"taxable","13":"shipping-taxable","14":"purchasable","15":"product-type-variable"},"_links":{"self":[{"href":"https:\/\/allhom.com\/es\/wp-json\/wp\/v2\/product\/579984","targetHints":{"allow":["GET"]}}],"collection":[{"href":"https:\/\/allhom.com\/es\/wp-json\/wp\/v2\/product"}],"about":[{"href":"https:\/\/allhom.com\/es\/wp-json\/wp\/v2\/types\/product"}],"replies":[{"embeddable":true,"href":"https:\/\/allhom.com\/es\/wp-json\/wp\/v2\/comments?post=579984"}],"version-history":[{"count":17,"href":"https:\/\/allhom.com\/es\/wp-json\/wp\/v2\/product\/579984\/revisions"}],"predecessor-version":[{"id":580832,"href":"https:\/\/allhom.com\/es\/wp-json\/wp\/v2\/product\/579984\/revisions\/580832"}],"wp:featuredmedia":[{"embeddable":true,"href":"https:\/\/allhom.com\/es\/wp-json\/wp\/v2\/media\/579985"}],"wp:attachment":[{"href":"https:\/\/allhom.com\/es\/wp-json\/wp\/v2\/media?parent=579984"}],"wp:term":[{"taxonomy":"brand","embeddable":true,"href":"https:\/\/allhom.com\/es\/wp-json\/wp\/v2\/etheme_brands?post=579984"},{"taxonomy":"product_brand","embeddable":true,"href":"https:\/\/allhom.com\/es\/wp-json\/wp\/v2\/product_brand?post=579984"},{"taxonomy":"product_cat","embeddable":true,"href":"https:\/\/allhom.com\/es\/wp-json\/wp\/v2\/product_cat?post=579984"},{"taxonomy":"product_tag","embeddable":true,"href":"https:\/\/allhom.com\/es\/wp-json\/wp\/v2\/product_tag?post=579984"}],"curies":[{"name":"wp","href":"https:\/\/api.w.org\/{rel}","templated":true}]}}