{"id":562994,"date":"2026-04-06T16:05:26","date_gmt":"2026-04-06T14:05:26","guid":{"rendered":"https:\/\/allhom.com\/shop\/grain-coffee-1kg-speciality-100-arabica-freshly-roasted-free\/"},"modified":"2026-04-06T16:53:10","modified_gmt":"2026-04-06T14:53:10","slug":"grain-coffee-1kg-speciality-100-arabica-freshly-roasted-free","status":"publish","type":"product","link":"https:\/\/allhom.com\/pl\/shop\/grain-coffee-1kg-speciality-100-arabica-freshly-roasted-free\/","title":{"rendered":"Kawa zbo\u017cowa 1kg SPECJALNO\u015a\u0106 100% ARABICA \u015awie\u017co palona + GRATIS"},"content":{"rendered":"<div class=\"product-specs-list-container\">\n<ul class=\"product-specs-list util-clearfix\">\n<li class=\"product-prop line-limit-length\"><span class=\"property-title\">Nazwa marki:&nbsp;<\/span><span class=\"property-desc line-limit-length\">SKIMA COFFEE<\/span>\n                            <\/li>\n<li class=\"product-prop line-limit-length\"><span class=\"property-title\">Pochodzenie:&nbsp;<\/span><span class=\"property-desc line-limit-length\">PL(Pochodzenie)<\/span>\n                            <\/li>\n<\/ul><\/div>\n<div class=\"detailmodule_html\">\n<div class=\"detail-desc-decorate-richtext\">\n<section class=\"section\">\n<div class=\"item item-12\">\n<section class=\"text-item\">\n<h1>Kawa zbo\u017cowa 1kg SPECJALNO\u015a\u0106 100% ARABICA \u015awie\u017co palona + GRATIS<\/h1>\n<\/section>\n<\/div>\n<\/section>\n<section class=\"section\">\n<div class=\"item item-12\">\n<section class=\"text-item\">\n<ul>\n<li><b>Skima Coffee Roaster<\/b>Is a place where coffee becomes a real art. Our offer focuses on grains<b>Top quality,<\/b>Which are carefully<b>Selected<\/b>And rated at least<b>82 SCA points<\/b>(Specialty Coffee Association)<b>.<\/b>Only<b>Few<\/b>Grains in the world reach such a level, which makes each cup it<b>Unique experience,<\/b>\u2615<\/li>\n<\/ul>\n<ul>\n<li><b>Freshness<\/b>Is for us<b>Priority<\/b>-The coffee we offer is roasted<b>Up to 5 days before shipping (as a rule, 24-48h).<\/b>So you can enjoy<b>Intense taste and aroma<\/b>Which are on<b>Arm&#8217;s length,<\/b>\u2615<\/li>\n<\/ul>\n<ul>\n<li>In<b>Skima Coffee<\/b>We believe that every coffee is not just a drink, but<b>Also history.<\/b>We want you to explore<b>New flavors and savored<\/b>A moment that makes<b>Coffee becomes a pleasure every day.<\/b>\u2615<\/li>\n<\/ul>\n<\/section>\n<\/div>\n<\/section>\n<section class=\"section\">\n<div class=\"item item-12\">\n<section class=\"image-item\"><img wpfc-lazyload-disable=\"true\" decoding=\"async\" src=\"https:\/\/allhom.com\/wp-content\/uploads\/2026\/04\/Grain-coffee-1kg-BRAZIL-PARANA-Freshly-Roasted-for-machine-FREE-2.webp\" \/><\/section>\n<\/div>\n<\/section>\n<section class=\"section\">\n<div class=\"item item-6\">\n<section class=\"image-item\"><img wpfc-lazyload-disable=\"true\" decoding=\"async\" src=\"https:\/\/allhom.com\/wp-content\/uploads\/2026\/04\/Grain-coffee-1kg-SPECIALITY-100-ARABICA-Freshly-Roasted-FREE.webp\" \/><\/section>\n<\/div>\n<div class=\"item item-6\">\n<section class=\"text-item\">\n<h2>SKIMA COFFEE COSTARY ARABICA 100%\u2615<\/h2>\n<h2>Freshly fired\u2615<\/h2>\n<h2>\u2705SCA score: Above 85 points (SPECIALITY VERSION)<\/h2>\n<ul>\n<li><b>Packaging:<\/b>1 kg<\/li>\n<li><b>Typ:<\/b>Coffee beans<\/li>\n<li><b>Species:<\/b>100% Arabica<\/li>\n<li><b>Degree of Burnout:<\/b>4\/5<\/li>\n<li><b>Intensity of taste<\/b>: 5\/5<\/li>\n<li><b>Acidity:<\/b>2\/5<\/li>\n<li><b>Bitterness:<\/b>1.5\/5<\/li>\n<\/ul>\n<h2>\u2705About our coffee:<\/h2>\n<ul>\n<li><b>Country of origin:<\/b>Costa Rica Specialty 85 + SCA Points<\/li>\n<li><b>Kategoria:<\/b>Speciality +<\/li>\n<li><b>Acquisition method:<\/b>Wet<\/li>\n<li><b>Crop Height:<\/b>1000-1500 m above sea level<\/li>\n<li><b>Harvest:<\/b>May-July<\/li>\n<\/ul>\n<\/section>\n<\/div>\n<\/section>\n<section class=\"section\">\n<div class=\"item item-6\">\n<section class=\"image-item\"><img wpfc-lazyload-disable=\"true\" decoding=\"async\" src=\"https:\/\/allhom.com\/wp-content\/uploads\/2026\/04\/Grain-coffee-1kg-BRAZIL-PARANA-Freshly-Roasted-for-machine-FREE-3.webp\" \/><\/section>\n<\/div>\n<div class=\"item item-6\">\n<section class=\"text-item\">\n<p><b>\u27a1\ufe0f Taste notes and characteristics:<\/b><\/p>\n<ul>\n<li><b>Acidity:<\/b>Low<\/li>\n<li><b>Body\/flesh:<\/b>Medium<\/li>\n<li><b>Bitterness:<\/b>Low +<\/li>\n<li><b>Smoking profile:<\/b>Medium<\/li>\n<li><b>Flavor notes:<\/b>Cocoa, Caramel, Honey<\/li>\n<li><b>Aroma:<\/b>Sweet, very intense<\/li>\n<\/ul>\n<p><b>\u2705Our coffee is not enriched with artificial aromas. The flavor notes we describe are fully natural and result from where the grains come from, the way they are processed and the roasting process that highlights their natural characteristics. This makes it ideal for all brewing methods.\u2615<\/b><\/p>\n<\/section>\n<\/div>\n<\/section>\n<section class=\"section\">\n<div class=\"item item-6\">\n<section class=\"image-item\"><img wpfc-lazyload-disable=\"true\" decoding=\"async\" src=\"https:\/\/allhom.com\/wp-content\/uploads\/2026\/04\/Grain-coffee-1kg-BRAZIL-PARANA-Freshly-Roasted-for-machine-FREE-4.webp\" \/><\/section>\n<\/div>\n<div class=\"item item-6\">\n<section class=\"text-item\">\n<p><b>\u27a1\ufe0f Recommended brewing methods:<\/b><\/p>\n<ul>\n<li><b>Automatic coffee machine,<\/b><\/li>\n<li><b>Flask Express,<\/b><\/li>\n<li><b>Transfer Express,<\/b><\/li>\n<li><b>French press,<\/b><\/li>\n<li><b>Coffee maker,<\/b><\/li>\n<li><b>Alternative methods,<\/b><\/li>\n<li><b>Manual coffee grinder.<\/b><\/li>\n<\/ul>\n<\/section>\n<\/div>\n<\/section>\n<section class=\"section\">\n<div class=\"item item-12\">\n<section class=\"image-item\"><img wpfc-lazyload-disable=\"true\" decoding=\"async\" src=\"https:\/\/allhom.com\/wp-content\/uploads\/2026\/04\/Grain-coffee-1kg-BRAZIL-PARANA-Freshly-Roasted-for-machine-FREE-5.webp\" \/><\/section>\n<\/div>\n<\/section>\n<section class=\"section\">\n<div class=\"item item-12\">\n<section class=\"text-item\">\n<h2>\u2757\u2757We add a unique cup pad to every order in our smoking room! It&#8217;s a stylish accessory that will protect your surfaces and amuse your moments with our coffee.\u2615<\/h2>\n<\/section>\n<\/div>\n<\/section>\n<section class=\"section\">\n<div class=\"item item-6\">\n<section class=\"image-item\"><img wpfc-lazyload-disable=\"true\" decoding=\"async\" src=\"https:\/\/allhom.com\/wp-content\/uploads\/2026\/04\/Grain-coffee-1kg-BRAZIL-PARANA-Freshly-Roasted-for-machine-FREE-6.webp\" \/><\/section>\n<\/div>\n<div class=\"item item-6\">\n<section class=\"text-item\">\n<p><b>\u27a1\ufe0f<\/b>In<b>SkimaCoffee Smoking House<\/b>Coffee roasting is not just a process, but a real one<b>Art<\/b>Into which we put<b>All our heart and knowledge<\/b>. Long experience allows us to<b>Creating unique flavor profiles.<\/b>We carry out regularly<b>Tastings,<\/b>That help us in<b>Perfect match of smoking methods to each type of grain.\u2615<\/b><\/p>\n<p><b>\u2705Our priority is quality, from the moment we take the raw grains, to smoking them, to packing, the whole process is carefully planned. So we can guarantee that the coffee you get is as fresh as possible and full of rich flavor.\u2615<\/b><\/p>\n<\/section>\n<\/div>\n<\/section>\n<section class=\"section\">\n<div class=\"item item-6\">\n<section class=\"image-item\"><img wpfc-lazyload-disable=\"true\" decoding=\"async\" src=\"https:\/\/allhom.com\/wp-content\/uploads\/2026\/04\/Grain-coffee-1kg-BRAZIL-PARANA-Freshly-Roasted-for-machine-FREE-7.webp\" \/><\/section>\n<\/div>\n<div class=\"item item-6\">\n<section class=\"text-item\">\n<p><b>\u27a1\ufe0f SMOKING OF OUR KAWS:<\/b><\/p>\n<ul>\n<li>Our coffees are roasted in<b>Medium degree,<\/b>According to<b>SCA standards<\/b>, Which means that the grains in the package are<b>Completely dry, matte and have a slightly brown color,\u2615<\/b><\/li>\n<li>Smoking in a medium degree is<b>Carefully thought-out process,<\/b>Which allows for behavior<b>Natural properties of grains, which is crucial for obtaining a unique taste.\u2615<\/b><\/li>\n<\/ul>\n<\/section>\n<\/div>\n<\/section>\n<section class=\"section\">\n<div class=\"item item-12\">\n<section class=\"image-item\"><img wpfc-lazyload-disable=\"true\" decoding=\"async\" src=\"https:\/\/allhom.com\/wp-content\/uploads\/2026\/04\/Grain-coffee-1kg-BRAZIL-PARANA-Freshly-Roasted-for-machine-FREE-2.webp\" \/><\/section>\n<\/div>\n<\/section>\n<section class=\"section\">\n<div class=\"item item-6\">\n<section class=\"text-item\">\n<p><b>\u27a1\ufe0f Packaging matters, our packaging has:<\/b><\/p>\n<ul>\n<li><b>\u2705ZIPP closing system,<\/b><\/li>\n<\/ul>\n<p>Thanks to which the coffee is<b>Protected from drying,<\/b>Keeping<b>Freshness for longer.<\/b>Ideal solutions for storing coffee in your home, there are<\/p>\n<ul>\n<li><b>\u2705Equipped with a valve,<\/b><\/li>\n<\/ul>\n<p>Which helps<b>Degassing the grains.<\/b>That&#8217;s key because freshly roasted coffee produces<b>Large amounts of carbon dioxide.<\/b><\/p>\n<ul>\n<li><b>\u2705Unique design.<\/b><\/li>\n<\/ul>\n<p>Thanks to which our coffee will be<b>Real work of art<\/b> <b>On your shelf!<\/b>\u2615<\/p>\n<\/section>\n<\/div>\n<div class=\"item item-6\">\n<section class=\"image-item\"><img wpfc-lazyload-disable=\"true\" decoding=\"async\" src=\"https:\/\/allhom.com\/wp-content\/uploads\/2026\/04\/Grain-coffee-1kg-BRAZIL-PARANA-Freshly-Roasted-for-machine-FREE-8.webp\" \/><\/section>\n<\/div>\n<\/section>\n<section class=\"section\">\n<div class=\"item item-12\">\n<section class=\"image-item\"><img wpfc-lazyload-disable=\"true\" decoding=\"async\" src=\"https:\/\/allhom.com\/wp-content\/uploads\/2026\/04\/Grain-coffee-1kg-BRAZIL-PARANA-Freshly-Roasted-for-machine-FREE-5.webp\" \/><\/section>\n<\/div>\n<\/section>\n<section class=\"section\">\n<div class=\"item item-12\">\n<section class=\"text-item\">\n<h2>\u2615Coffee is health-Wonderful properties of coffee!<\/h2>\n<ul>\n<li>Coffee affects<b>Mood improvement,<\/b>Thanks to the caffeine content, which<b>Stimulates the secretion of dopamine, the hormone of happiness,<\/b><\/li>\n<li>Drinking coffee regularly can therefore help<b>Reduction of symptoms of depression and improve overall well-being,<\/b><\/li>\n<li>Coffee contains<b>Powerful antioxidants that help in the fight against free radicals,<\/b>Which can contribute to<b>Slowing down the aging process of the body.<\/b>Thanks to this, drinking coffee can be<b>Beneficial for the health of the skin, improving its appearance and elasticity,<\/b><\/li>\n<li>In addition, coffee can<b>Increase metabolism, which promotes weight loss.<\/b>Studies show that<b>Caffeine can accelerate fat burning,<\/b>What makes her<b>A popular ingredient in weight loss supplements,<\/b><\/li>\n<li>Coffee also has<b>Positive effect on cognitive functions.<\/b>Regular consumption of coffee can<b>Reduce the risk of Alzheimer&#8217;s and Parkinson&#8217;s disease,<\/b>Which is related to its neuroprotective effect,<\/li>\n<li>What&#8217;s more,<b>Coffee can support the immune system, thanks to the content of nutrients, T<\/b>Akich as<b>Vitamins B2 (riboflavin) and B3 (niacin),<\/b>Which are necessary for<b>The proper functioning of the body.<\/b><\/li>\n<\/ul>\n<h2>\u2615Coffee is not only a drink, but also a source of many health benefits that are worth using in your daily diet!<\/h2>\n<\/section>\n<\/div>\n<\/section>\n<section class=\"section\">\n<div class=\"item item-12\">\n<section class=\"image-item\"><img wpfc-lazyload-disable=\"true\" decoding=\"async\" src=\"https:\/\/allhom.com\/wp-content\/uploads\/2026\/04\/Grain-coffee-1kg-BRAZIL-PARANA-Freshly-Roasted-for-machine-FREE-2.webp\" \/><\/section>\n<\/div>\n<\/section>\n<section class=\"section\">\n<div class=\"item item-12\">\n<section class=\"image-item\"><img wpfc-lazyload-disable=\"true\" decoding=\"async\" src=\"https:\/\/allhom.com\/wp-content\/uploads\/2026\/04\/Grain-coffee-1kg-SPECIALITY-100-ARABICA-Freshly-Roasted-FREE-1.webp\" \/><\/section>\n<\/div>\n<\/section>\n<section class=\"section\">\n<div class=\"item item-12\">\n<section class=\"image-item\"><img wpfc-lazyload-disable=\"true\" decoding=\"async\" src=\"https:\/\/allhom.com\/wp-content\/uploads\/2026\/04\/Grain-coffee-1kg-BRAZIL-PARANA-Freshly-Roasted-for-machine-FREE-2.webp\" \/><\/section>\n<\/div>\n<\/section>\n<\/div>\n<\/div>","protected":false},"excerpt":{"rendered":"<p>Brand Name:&nbsp;SKIMA COFFEE Origin:&nbsp;PL(Origin) Grain coffee 1kg SPECIALITY 100% ARABICA Freshly Roasted + FREE Skima Coffee RoasterIs a place where coffee becomes a real art. Our offer focuses on grainsTop quality,Which are carefullySelectedAnd rated at least82 SCA points(Specialty&#8230;<\/p>","protected":false},"featured_media":562995,"comment_status":"open","ping_status":"closed","template":"","meta":[],"etheme_brands":[],"product_brand":[],"product_cat":[27165,26716],"product_tag":[26715],"class_list":{"0":"post-562994","1":"product","2":"type-product","3":"status-publish","4":"has-post-thumbnail","6":"product_cat-coffee","7":"product_cat-food","8":"product_tag-food","10":"first","11":"instock","12":"taxable","13":"shipping-taxable","14":"purchasable","15":"product-type-simple"},"_links":{"self":[{"href":"https:\/\/allhom.com\/pl\/wp-json\/wp\/v2\/product\/562994","targetHints":{"allow":["GET"]}}],"collection":[{"href":"https:\/\/allhom.com\/pl\/wp-json\/wp\/v2\/product"}],"about":[{"href":"https:\/\/allhom.com\/pl\/wp-json\/wp\/v2\/types\/product"}],"replies":[{"embeddable":true,"href":"https:\/\/allhom.com\/pl\/wp-json\/wp\/v2\/comments?post=562994"}],"version-history":[{"count":0,"href":"https:\/\/allhom.com\/pl\/wp-json\/wp\/v2\/product\/562994\/revisions"}],"wp:featuredmedia":[{"embeddable":true,"href":"https:\/\/allhom.com\/pl\/wp-json\/wp\/v2\/media\/562995"}],"wp:attachment":[{"href":"https:\/\/allhom.com\/pl\/wp-json\/wp\/v2\/media?parent=562994"}],"wp:term":[{"taxonomy":"brand","embeddable":true,"href":"https:\/\/allhom.com\/pl\/wp-json\/wp\/v2\/etheme_brands?post=562994"},{"taxonomy":"product_brand","embeddable":true,"href":"https:\/\/allhom.com\/pl\/wp-json\/wp\/v2\/product_brand?post=562994"},{"taxonomy":"product_cat","embeddable":true,"href":"https:\/\/allhom.com\/pl\/wp-json\/wp\/v2\/product_cat?post=562994"},{"taxonomy":"product_tag","embeddable":true,"href":"https:\/\/allhom.com\/pl\/wp-json\/wp\/v2\/product_tag?post=562994"}],"curies":[{"name":"wp","href":"https:\/\/api.w.org\/{rel}","templated":true}]}}