{"id":578334,"date":"2026-04-13T23:57:40","date_gmt":"2026-04-13T21:57:40","guid":{"rendered":"https:\/\/allhom.com\/shop\/ergonomic-office-chair-computer-desk-chair-comfy-with-flip-up-armrestscomfortable-lumbar-support-chairs-for-bedroom\/"},"modified":"2026-04-14T00:52:23","modified_gmt":"2026-04-13T22:52:23","slug":"ergonomic-office-chair-computer-desk-chair-comfy-with-flip-up-armrestscomfortable-lumbar-support-chairs-for-bedroom","status":"publish","type":"product","link":"https:\/\/allhom.com\/pl\/shop\/ergonomic-office-chair-computer-desk-chair-comfy-with-flip-up-armrestscomfortable-lumbar-support-chairs-for-bedroom\/","title":{"rendered":"Ergonomiczne krzes\u0142o biurowe, krzes\u0142o do biurka komputerowego, wygodne z podnoszonymi pod\u0142okietnikami, wygodne krzes\u0142a z podparciem l\u0119d\u017awiowym do sypialni"},"content":{"rendered":"<div class=\"product-specs-list-container\">\n<ul class=\"product-specs-list util-clearfix\">\n<li class=\"product-prop line-limit-length\"><span class=\"property-title\">Adjustable height:&nbsp;<\/span><span class=\"property-desc line-limit-length\">Tak<\/span>\n                            <\/li>\n<li class=\"product-prop line-limit-length\"><span class=\"property-title\">Substancja chemiczna budz\u0105ca du\u017ce obawy:&nbsp;<\/span><span class=\"property-desc line-limit-length\">Nic<\/span>\n                            <\/li>\n<li class=\"product-prop line-limit-length\"><span class=\"property-title\">Whether Cushioned:&nbsp;<\/span><span class=\"property-desc line-limit-length\">Tak<\/span>\n                            <\/li>\n<li class=\"product-prop line-limit-length\"><span class=\"property-title\">Metoda instalacji:&nbsp;<\/span><span class=\"property-desc line-limit-length\">Monta\u017c<\/span>\n                            <\/li>\n<li class=\"product-prop line-limit-length\"><span class=\"property-title\">Is Rotatable:&nbsp;<\/span><span class=\"property-desc line-limit-length\">Tak<\/span>\n                            <\/li>\n<li class=\"product-prop line-limit-length\"><span class=\"property-title\">Frame Material:&nbsp;<\/span><span class=\"property-desc line-limit-length\">Metal<\/span>\n                            <\/li>\n<li class=\"product-prop line-limit-length\"><span class=\"property-title\">Pochodzenie:&nbsp;<\/span><span class=\"property-desc line-limit-length\">Chiny kontynentalne<\/span>\n                            <\/li>\n<li class=\"product-prop line-limit-length\"><span class=\"property-title\">Zastosowanie og\u00f3lne:&nbsp;<\/span><span class=\"property-desc line-limit-length\">Meble komercyjne<\/span>\n                            <\/li>\n<li class=\"product-prop line-limit-length\"><span class=\"property-title\">Nazwa marki:&nbsp;<\/span><span class=\"property-desc line-limit-length\">HiMISS<\/span>\n                            <\/li>\n<li class=\"product-prop line-limit-length\"><span class=\"property-title\">Konkretne zastosowanie:&nbsp;<\/span><span class=\"property-desc line-limit-length\">Office Chair<\/span>\n                            <\/li>\n<li class=\"product-prop line-limit-length\"><span class=\"property-title\">Typ:&nbsp;<\/span><span class=\"property-desc line-limit-length\">Meble biurowe<\/span>\n                            <\/li>\n<\/ul><\/div>\n<p><img wpfc-lazyload-disable=\"true\" decoding=\"async\" src=\"https:\/\/allhom.com\/wp-content\/uploads\/2026\/04\/Ergonomic-Office-Chair-Computer-Desk-Chair-Comfy-with-Flip-Up-ArmrestsComfortable-Lumbar-Support-Chairs-for-Bedroom-6.webp\" \/><img wpfc-lazyload-disable=\"true\" decoding=\"async\" src=\"https:\/\/allhom.com\/wp-content\/uploads\/2026\/04\/Ergonomic-Office-Chair-Computer-Desk-Chair-Comfy-with-Flip-Up-ArmrestsComfortable-Lumbar-Support-Chairs-for-Bedroom-7.webp\" \/><img wpfc-lazyload-disable=\"true\" decoding=\"async\" src=\"https:\/\/allhom.com\/wp-content\/uploads\/2026\/04\/Ergonomic-Office-Chair-Computer-Desk-Chair-Comfy-with-Flip-Up-ArmrestsComfortable-Lumbar-Support-Chairs-for-Bedroom-5.webp\" \/><img wpfc-lazyload-disable=\"true\" decoding=\"async\" src=\"https:\/\/allhom.com\/wp-content\/uploads\/2026\/04\/Ergonomic-Office-Chair-Computer-Desk-Chair-Comfy-with-Flip-Up-ArmrestsComfortable-Lumbar-Support-Chairs-for-Bedroom-1.webp\" \/><img wpfc-lazyload-disable=\"true\" decoding=\"async\" src=\"https:\/\/allhom.com\/wp-content\/uploads\/2026\/04\/Ergonomic-Office-Chair-Computer-Desk-Chair-Comfy-with-Flip-Up-ArmrestsComfortable-Lumbar-Support-Chairs-for-Bedroom-8.webp\" \/><img wpfc-lazyload-disable=\"true\" decoding=\"async\" src=\"https:\/\/allhom.com\/wp-content\/uploads\/2026\/04\/Ergonomic-Office-Chair-Computer-Desk-Chair-Comfy-with-Flip-Up-ArmrestsComfortable-Lumbar-Support-Chairs-for-Bedroom-2.webp\" \/><img wpfc-lazyload-disable=\"true\" decoding=\"async\" src=\"https:\/\/allhom.com\/wp-content\/uploads\/2026\/04\/Ergonomic-Office-Chair-Computer-Desk-Chair-Comfy-with-Flip-Up-ArmrestsComfortable-Lumbar-Support-Chairs-for-Bedroom-9.webp\" \/><img wpfc-lazyload-disable=\"true\" decoding=\"async\" src=\"https:\/\/allhom.com\/wp-content\/uploads\/2026\/04\/Ergonomic-Office-Chair-Computer-Desk-Chair-Comfy-with-Flip-Up-ArmrestsComfortable-Lumbar-Support-Chairs-for-Bedroom-3.webp\" \/><img wpfc-lazyload-disable=\"true\" decoding=\"async\" src=\"https:\/\/allhom.com\/wp-content\/uploads\/2026\/04\/Ergonomic-Office-Chair-Computer-Desk-Chair-Comfy-with-Flip-Up-ArmrestsComfortable-Lumbar-Support-Chairs-for-Bedroom-4.webp\" \/><img wpfc-lazyload-disable=\"true\" decoding=\"async\" src=\"https:\/\/allhom.com\/wp-content\/uploads\/2026\/04\/Ergonomic-Office-Chair-Computer-Desk-Chair-Comfy-with-Flip-Up-ArmrestsComfortable-Lumbar-Support-Chairs-for-Bedroom.webp\" \/><img wpfc-lazyload-disable=\"true\" decoding=\"async\" src=\"https:\/\/allhom.com\/wp-content\/uploads\/2026\/04\/Ergonomic-Office-Chair-Computer-Desk-Chair-Comfy-with-Flip-Up-ArmrestsComfortable-Lumbar-Support-Chairs-for-Bedroom-10.webp\" \/><\/p>","protected":false},"excerpt":{"rendered":"<p>Adjustable height:&nbsp;Yes High-concerned chemical:&nbsp;None Whether Cushioned:&nbsp;Yes Installation Method:&nbsp;Assembly Is Rotatable:&nbsp;Yes Frame Material:&nbsp;Metal Origin:&nbsp;Mainland China General Use:&nbsp;Commercial Furniture Brand Name:&nbsp;HiMISS Specific Use:&nbsp;Office Chair Type:&nbsp;Office Furniture<\/p>","protected":false},"featured_media":578335,"comment_status":"open","ping_status":"closed","template":"","meta":[],"etheme_brands":[],"product_brand":[],"product_cat":[21973,22397],"product_tag":[27844],"class_list":{"0":"post-578334","1":"product","2":"type-product","3":"status-publish","4":"has-post-thumbnail","6":"product_cat-furniture","7":"product_cat-office-furniture","8":"product_tag-furniture","10":"first","11":"instock","12":"taxable","13":"shipping-taxable","14":"purchasable","15":"product-type-variable"},"_links":{"self":[{"href":"https:\/\/allhom.com\/pl\/wp-json\/wp\/v2\/product\/578334","targetHints":{"allow":["GET"]}}],"collection":[{"href":"https:\/\/allhom.com\/pl\/wp-json\/wp\/v2\/product"}],"about":[{"href":"https:\/\/allhom.com\/pl\/wp-json\/wp\/v2\/types\/product"}],"replies":[{"embeddable":true,"href":"https:\/\/allhom.com\/pl\/wp-json\/wp\/v2\/comments?post=578334"}],"version-history":[{"count":11,"href":"https:\/\/allhom.com\/pl\/wp-json\/wp\/v2\/product\/578334\/revisions"}],"predecessor-version":[{"id":578669,"href":"https:\/\/allhom.com\/pl\/wp-json\/wp\/v2\/product\/578334\/revisions\/578669"}],"wp:featuredmedia":[{"embeddable":true,"href":"https:\/\/allhom.com\/pl\/wp-json\/wp\/v2\/media\/578335"}],"wp:attachment":[{"href":"https:\/\/allhom.com\/pl\/wp-json\/wp\/v2\/media?parent=578334"}],"wp:term":[{"taxonomy":"brand","embeddable":true,"href":"https:\/\/allhom.com\/pl\/wp-json\/wp\/v2\/etheme_brands?post=578334"},{"taxonomy":"product_brand","embeddable":true,"href":"https:\/\/allhom.com\/pl\/wp-json\/wp\/v2\/product_brand?post=578334"},{"taxonomy":"product_cat","embeddable":true,"href":"https:\/\/allhom.com\/pl\/wp-json\/wp\/v2\/product_cat?post=578334"},{"taxonomy":"product_tag","embeddable":true,"href":"https:\/\/allhom.com\/pl\/wp-json\/wp\/v2\/product_tag?post=578334"}],"curies":[{"name":"wp","href":"https:\/\/api.w.org\/{rel}","templated":true}]}}