{"id":578338,"date":"2026-04-13T23:57:57","date_gmt":"2026-04-13T21:57:57","guid":{"rendered":"https:\/\/allhom.com\/shop\/ergonomic-mesh-office-chair-adjustable-heightflip-up-armrest-and-lumbar-support-360-swivel-wheels-for-home-office\/"},"modified":"2026-04-14T00:59:25","modified_gmt":"2026-04-13T22:59:25","slug":"ergonomic-mesh-office-chair-adjustable-heightflip-up-armrest-and-lumbar-support-360-swivel-wheels-for-home-office","status":"publish","type":"product","link":"https:\/\/allhom.com\/pl\/shop\/ergonomic-mesh-office-chair-adjustable-heightflip-up-armrest-and-lumbar-support-360-swivel-wheels-for-home-office\/","title":{"rendered":"Ergonomiczny fotel biurowy z siatki, regulowana wysoko\u015b\u0107, podnoszony pod\u0142okietnik i podparcie odcinka l\u0119d\u017awiowego, k\u00f3\u0142ka obrotowe 360\u00b0 do biura domowego"},"content":{"rendered":"<div class=\"product-specs-list-container\">\n<ul class=\"product-specs-list util-clearfix\">\n<li class=\"product-prop line-limit-length\"><span class=\"property-title\">Adjustable height:&nbsp;<\/span><span class=\"property-desc line-limit-length\">Tak<\/span>\n                            <\/li>\n<li class=\"product-prop line-limit-length\"><span class=\"property-title\">Ergonomics:&nbsp;<\/span><span class=\"property-desc line-limit-length\">Tak<\/span>\n                            <\/li>\n<li class=\"product-prop line-limit-length\"><span class=\"property-title\">Substancja chemiczna budz\u0105ca du\u017ce obawy:&nbsp;<\/span><span class=\"property-desc line-limit-length\">Nic<\/span>\n                            <\/li>\n<li class=\"product-prop line-limit-length\"><span class=\"property-title\">Whether Cushioned:&nbsp;<\/span><span class=\"property-desc line-limit-length\">Tak<\/span>\n                            <\/li>\n<li class=\"product-prop line-limit-length\"><span class=\"property-title\">Metoda instalacji:&nbsp;<\/span><span class=\"property-desc line-limit-length\">Monta\u017c<\/span>\n                            <\/li>\n<li class=\"product-prop line-limit-length\"><span class=\"property-title\">Is Rotatable:&nbsp;<\/span><span class=\"property-desc line-limit-length\">Tak<\/span>\n                            <\/li>\n<li class=\"product-prop line-limit-length\"><span class=\"property-title\">Frame Material:&nbsp;<\/span><span class=\"property-desc line-limit-length\">Plastikowy<\/span>\n                            <\/li>\n<li class=\"product-prop line-limit-length\"><span class=\"property-title\">With Handrails:&nbsp;<\/span><span class=\"property-desc line-limit-length\">Tak<\/span>\n                            <\/li>\n<li class=\"product-prop line-limit-length\"><span class=\"property-title\">Backrest Height:&nbsp;<\/span><span class=\"property-desc line-limit-length\"><=125mm<\/span>\n                            <\/li>\n<li class=\"product-prop line-limit-length\"><span class=\"property-title\">With Rollers:&nbsp;<\/span><span class=\"property-desc line-limit-length\">Tak<\/span>\n                            <\/li>\n<li class=\"product-prop line-limit-length\"><span class=\"property-title\">Pochodzenie:&nbsp;<\/span><span class=\"property-desc line-limit-length\">Chiny kontynentalne<\/span>\n                            <\/li>\n<li class=\"product-prop line-limit-length\"><span class=\"property-title\">Zastosowanie og\u00f3lne:&nbsp;<\/span><span class=\"property-desc line-limit-length\">Meble komercyjne<\/span>\n                            <\/li>\n<li class=\"product-prop line-limit-length\"><span class=\"property-title\">Nazwa marki:&nbsp;<\/span><span class=\"property-desc line-limit-length\">HiMISS<\/span>\n                            <\/li>\n<li class=\"product-prop line-limit-length\"><span class=\"property-title\">Konkretne zastosowanie:&nbsp;<\/span><span class=\"property-desc line-limit-length\">Office Chair<\/span>\n                            <\/li>\n<li class=\"product-prop line-limit-length\"><span class=\"property-title\">Typ:&nbsp;<\/span><span class=\"property-desc line-limit-length\">Meble biurowe<\/span>\n                            <\/li>\n<li class=\"product-prop line-limit-length\"><span class=\"property-title\">Tworzywo:&nbsp;<\/span><span class=\"property-desc line-limit-length\">Leather<\/span>\n                            <\/li>\n<li class=\"product-prop line-limit-length\"><span class=\"property-title\">Styl:&nbsp;<\/span><span class=\"property-desc line-limit-length\">Swivel Chair,Lift Chair<\/span>\n                            <\/li>\n<\/ul><\/div>\n<p><span style=\"font-size:18px\">Ergonomic Mesh Desk Chair: Designed for long hours, this office chair features a breathable mesh back, adjustable lumbar support, and a cushioned seat for best comfort and posture.<\/span><\/p>\n<p><span style=\"font-size:18px\"><br \/>Customizable Comfort: Enjoy a large adjustable headrest, 5cm lumbar support range, 9cm seat height adjustment, and a rocking function to suit your needs at work or while gaming.<\/span><\/p>\n<p><span style=\"font-size:18px\"><br \/>Reverse-up Armrests &#038; 360\u00b0 Mobility: Padded armrests reverse up for closer desk access, while smooth-rolling casters and 360\u00b0 rotation offer flexibility and easy movement.<\/span><\/p>\n<p><span style=\"font-size:18px\"><br \/>Sturdy &#038; Versatile: Durable frame, stable base, and reliable wheels ensure daily safety in both professional offices and home workspaces.<\/span><\/p>\n<p><span style=\"font-size:18px\"><br \/>Easy Assembly &#038; All-purpose Style: With clear instructions and included tools, setup is quick; the sleek design fits seamlessly into any office or home environment.<\/span><\/p>\n<p><\/p>\n<p><span style=\"font-size:18px\"><\/span><img wpfc-lazyload-disable=\"true\" decoding=\"async\" src=\"https:\/\/allhom.com\/wp-content\/uploads\/2026\/04\/Ergonomic-Mesh-Office-Chair-Adjustable-HeightFlip-Up-Armrest-and-Lumbar-Support-360\u00b0-Swivel-Wheels-for-Home-Office-6.webp\" \/><span style=\"font-size:18px\"><\/span><img wpfc-lazyload-disable=\"true\" decoding=\"async\" src=\"https:\/\/allhom.com\/wp-content\/uploads\/2026\/04\/Ergonomic-Mesh-Office-Chair-Adjustable-HeightFlip-Up-Armrest-and-Lumbar-Support-360\u00b0-Swivel-Wheels-for-Home-Office-3.webp\" \/><span style=\"font-size:18px\"><\/span><img wpfc-lazyload-disable=\"true\" decoding=\"async\" src=\"https:\/\/allhom.com\/wp-content\/uploads\/2026\/04\/Ergonomic-Mesh-Office-Chair-Adjustable-HeightFlip-Up-Armrest-and-Lumbar-Support-360\u00b0-Swivel-Wheels-for-Home-Office-7.webp\" \/><span style=\"font-size:18px\"><\/span><img wpfc-lazyload-disable=\"true\" decoding=\"async\" src=\"https:\/\/allhom.com\/wp-content\/uploads\/2026\/04\/Ergonomic-Mesh-Office-Chair-Adjustable-HeightFlip-Up-Armrest-and-Lumbar-Support-360\u00b0-Swivel-Wheels-for-Home-Office-4.webp\" \/><span style=\"font-size:18px\"><\/span><img wpfc-lazyload-disable=\"true\" decoding=\"async\" src=\"https:\/\/allhom.com\/wp-content\/uploads\/2026\/04\/Ergonomic-Mesh-Office-Chair-Adjustable-HeightFlip-Up-Armrest-and-Lumbar-Support-360\u00b0-Swivel-Wheels-for-Home-Office-8.webp\" \/><span style=\"font-size:18px\"><\/span><img wpfc-lazyload-disable=\"true\" decoding=\"async\" src=\"https:\/\/allhom.com\/wp-content\/uploads\/2026\/04\/Ergonomic-Mesh-Office-Chair-Adjustable-HeightFlip-Up-Armrest-and-Lumbar-Support-360\u00b0-Swivel-Wheels-for-Home-Office-9.webp\" \/><span style=\"font-size:18px\"><\/span><img wpfc-lazyload-disable=\"true\" decoding=\"async\" src=\"https:\/\/allhom.com\/wp-content\/uploads\/2026\/04\/Ergonomic-Mesh-Office-Chair-Adjustable-HeightFlip-Up-Armrest-and-Lumbar-Support-360\u00b0-Swivel-Wheels-for-Home-Office-10.webp\" \/><span style=\"font-size:18px\"><\/span><img wpfc-lazyload-disable=\"true\" decoding=\"async\" src=\"https:\/\/allhom.com\/wp-content\/uploads\/2026\/04\/Ergonomic-Mesh-Office-Chair-Adjustable-HeightFlip-Up-Armrest-and-Lumbar-Support-360\u00b0-Swivel-Wheels-for-Home-Office-11.webp\" \/><span style=\"font-size:18px\"><\/span><img wpfc-lazyload-disable=\"true\" decoding=\"async\" src=\"https:\/\/allhom.com\/wp-content\/uploads\/2026\/04\/Ergonomic-Mesh-Office-Chair-Adjustable-HeightFlip-Up-Armrest-and-Lumbar-Support-360\u00b0-Swivel-Wheels-for-Home-Office.webp\" \/><img wpfc-lazyload-disable=\"true\" decoding=\"async\" src=\"https:\/\/allhom.com\/wp-content\/uploads\/2026\/04\/Ergonomic-Mesh-Office-Chair-Adjustable-HeightFlip-Up-Armrest-and-Lumbar-Support-360\u00b0-Swivel-Wheels-for-Home-Office-2.webp\" \/><img wpfc-lazyload-disable=\"true\" decoding=\"async\" src=\"https:\/\/allhom.com\/wp-content\/uploads\/2026\/04\/Ergonomic-Mesh-Office-Chair-Adjustable-HeightFlip-Up-Armrest-and-Lumbar-Support-360\u00b0-Swivel-Wheels-for-Home-Office-1.webp\" \/><img wpfc-lazyload-disable=\"true\" decoding=\"async\" src=\"https:\/\/allhom.com\/wp-content\/uploads\/2026\/04\/Ergonomic-Mesh-Office-Chair-Adjustable-HeightFlip-Up-Armrest-and-Lumbar-Support-360\u00b0-Swivel-Wheels-for-Home-Office-12.webp\" \/><img wpfc-lazyload-disable=\"true\" decoding=\"async\" src=\"https:\/\/allhom.com\/wp-content\/uploads\/2026\/04\/Ergonomic-Mesh-Office-Chair-Adjustable-HeightFlip-Up-Armrest-and-Lumbar-Support-360\u00b0-Swivel-Wheels-for-Home-Office-5.webp\" \/><\/p>","protected":false},"excerpt":{"rendered":"<p>Adjustable height:&nbsp;Yes Ergonomics:&nbsp;Yes High-concerned chemical:&nbsp;None Whether Cushioned:&nbsp;Yes Installation Method:&nbsp;Assembly Is Rotatable:&nbsp;Yes Frame Material:&nbsp;Plastic With Handrails:&nbsp;Yes Backrest Height:&nbsp;<\/p>","protected":false},"featured_media":578339,"comment_status":"open","ping_status":"closed","template":"","meta":[],"etheme_brands":[],"product_brand":[],"product_cat":[21973,22397],"product_tag":[27844],"class_list":{"0":"post-578338","1":"product","2":"type-product","3":"status-publish","4":"has-post-thumbnail","6":"product_cat-furniture","7":"product_cat-office-furniture","8":"product_tag-furniture","10":"first","11":"instock","12":"taxable","13":"shipping-taxable","14":"purchasable","15":"product-type-simple"},"_links":{"self":[{"href":"https:\/\/allhom.com\/pl\/wp-json\/wp\/v2\/product\/578338","targetHints":{"allow":["GET"]}}],"collection":[{"href":"https:\/\/allhom.com\/pl\/wp-json\/wp\/v2\/product"}],"about":[{"href":"https:\/\/allhom.com\/pl\/wp-json\/wp\/v2\/types\/product"}],"replies":[{"embeddable":true,"href":"https:\/\/allhom.com\/pl\/wp-json\/wp\/v2\/comments?post=578338"}],"version-history":[{"count":13,"href":"https:\/\/allhom.com\/pl\/wp-json\/wp\/v2\/product\/578338\/revisions"}],"predecessor-version":[{"id":578694,"href":"https:\/\/allhom.com\/pl\/wp-json\/wp\/v2\/product\/578338\/revisions\/578694"}],"wp:featuredmedia":[{"embeddable":true,"href":"https:\/\/allhom.com\/pl\/wp-json\/wp\/v2\/media\/578339"}],"wp:attachment":[{"href":"https:\/\/allhom.com\/pl\/wp-json\/wp\/v2\/media?parent=578338"}],"wp:term":[{"taxonomy":"brand","embeddable":true,"href":"https:\/\/allhom.com\/pl\/wp-json\/wp\/v2\/etheme_brands?post=578338"},{"taxonomy":"product_brand","embeddable":true,"href":"https:\/\/allhom.com\/pl\/wp-json\/wp\/v2\/product_brand?post=578338"},{"taxonomy":"product_cat","embeddable":true,"href":"https:\/\/allhom.com\/pl\/wp-json\/wp\/v2\/product_cat?post=578338"},{"taxonomy":"product_tag","embeddable":true,"href":"https:\/\/allhom.com\/pl\/wp-json\/wp\/v2\/product_tag?post=578338"}],"curies":[{"name":"wp","href":"https:\/\/api.w.org\/{rel}","templated":true}]}}