{"id":578353,"date":"2026-04-13T23:59:40","date_gmt":"2026-04-13T21:59:40","guid":{"rendered":"https:\/\/allhom.com\/shop\/office-chair-leather-desk-chair-with-foot-rest-pu-home-computer-desk-chairs-with-ergonomic-back-support-soft-and-comfortable\/"},"modified":"2026-04-14T06:07:12","modified_gmt":"2026-04-14T04:07:12","slug":"office-chair-leather-desk-chair-with-foot-rest-pu-home-computer-desk-chairs-with-ergonomic-back-support-soft-and-comfortable","status":"publish","type":"product","link":"https:\/\/allhom.com\/pl\/shop\/office-chair-leather-desk-chair-with-foot-rest-pu-home-computer-desk-chairs-with-ergonomic-back-support-soft-and-comfortable\/","title":{"rendered":"Fotel biurowy, sk\u00f3rzany fotel biurowy z podn\u00f3\u017ckiem, fotele biurowe z poliuretanu do komputera domowego z ergonomicznym oparciem, mi\u0119kkie i wygodne"},"content":{"rendered":"<div class=\"product-specs-list-container\">\n<ul class=\"product-specs-list util-clearfix\">\n<li class=\"product-prop line-limit-length\"><span class=\"property-title\">Substancja chemiczna budz\u0105ca du\u017ce obawy:&nbsp;<\/span><span class=\"property-desc line-limit-length\">Nic<\/span>\n                            <\/li>\n<li class=\"product-prop line-limit-length\"><span class=\"property-title\">Metoda instalacji:&nbsp;<\/span><span class=\"property-desc line-limit-length\">Monta\u017c<\/span>\n                            <\/li>\n<li class=\"product-prop line-limit-length\"><span class=\"property-title\">Pochodzenie:&nbsp;<\/span><span class=\"property-desc line-limit-length\">Chiny kontynentalne<\/span>\n                            <\/li>\n<li class=\"product-prop line-limit-length\"><span class=\"property-title\">Zastosowanie og\u00f3lne:&nbsp;<\/span><span class=\"property-desc line-limit-length\">Meble komercyjne<\/span>\n                            <\/li>\n<li class=\"product-prop line-limit-length\"><span class=\"property-title\">Nazwa marki:&nbsp;<\/span><span class=\"property-desc line-limit-length\">HiMISS<\/span>\n                            <\/li>\n<li class=\"product-prop line-limit-length\"><span class=\"property-title\">Konkretne zastosowanie:&nbsp;<\/span><span class=\"property-desc line-limit-length\">Office Chair<\/span>\n                            <\/li>\n<li class=\"product-prop line-limit-length\"><span class=\"property-title\">Typ:&nbsp;<\/span><span class=\"property-desc line-limit-length\">Meble biurowe<\/span>\n                            <\/li>\n<\/ul><\/div>\n<p><\/p>\n<h1 style=\"font-size:1.25rem;font-weight:700;letter-spacing:normal;line-height:24px;text-align:start;white-space:normal;margin:0px;margin-bottom:0px;margin-top:0px;margin-left:0px;margin-right:0px;padding:0px;padding-bottom:0px;padding-top:0px;padding-left:0px;padding-right:0px\" class=\"a-size-base-plus a-text-bold\" align=\"start\">O tym przedmiocie<\/h1>\n<ul style=\", Arial, sans-serif;font-size:14px;font-weight:400;letter-spacing:normal;text-align:start;white-space:normal;margin:0px 0px 0px 18px;margin-bottom:0px;margin-top:0px;margin-left:18px;margin-right:0px;padding:0px;padding-bottom:0px;padding-top:0px;padding-left:0px;padding-right:0px\" class=\"a-unordered-list a-vertical a-spacing-mini\">\n<li style=\"margin:0px;margin-bottom:0px;margin-top:0px;margin-left:0px;margin-right:0px\" class=\"a-spacing-mini\">\n<p><span class=\"a-list-item\">\u3010Adjustability\u3011The backrest angle can be adjusted from 90\u00b0 to 135\u00b0 to suit your work and leisure needs. It also features a height-adjustable seat and retractable footrest, allowing you to stretch out and relax during rests.<\/span><\/p>\n<\/li>\n<li style=\"margin:0px;margin-bottom:0px;margin-top:0px;margin-left:0px;margin-right:0px\" class=\"a-spacing-mini\">\n<p><span class=\"a-list-item\">\u3010Ergonomic Design\u3011The ergonomically designed neck support, lumbar support, and back contouring provide precise support from top to bottom, effectively distributing pressure and reducing muscle tension and pain associated with prolonged sitting, ensuring comfort every time you sit.<\/span><\/p>\n<\/li>\n<li style=\"margin:0px;margin-bottom:0px;margin-top:0px;margin-left:0px;margin-right:0px\" class=\"a-spacing-mini\">\n<p><span class=\"a-list-item\">\u3010Superior Material\u3011Made of high-quality PU leather, this executive chair&#8217;s seating is exceptionally waterproof and easy to clean. While the metal base provides stability and sturdiness with a maximum load capacity of 350 lb.<\/span><\/p>\n<\/li>\n<li style=\"margin:0px;margin-bottom:0px;margin-top:0px;margin-left:0px;margin-right:0px\" class=\"a-spacing-mini\">\n<p><span class=\"a-list-item\">\u3010Easy Installation and Durability\u3011With detailed instructions and tools included, assembly is straightforward. The sturdy design features five durable castors that rotate 360\u00b0 and glide smoothly across different floors.<\/span><\/p>\n<\/li>\n<li style=\"margin:0px;margin-bottom:0px;margin-top:0px;margin-left:0px;margin-right:0px\" class=\"a-spacing-mini\">\n<p><span class=\"a-list-item\">\u3010Good Service\u3011A step-by-step installation video is available on the product page\u2014get started in no time! Please feel free to contact us with any questions. We offer a 1-year after-sales warranty and are committed to providing excellent after-sales support.<\/span><\/p>\n<\/li>\n<\/ul>\n<p><img wpfc-lazyload-disable=\"true\" decoding=\"async\" src=\"https:\/\/allhom.com\/wp-content\/uploads\/2026\/04\/Office-Chair-Leather-Desk-Chair-with-Foot-Rest-PU-Home-Computer-Desk-Chairs-with-Ergonomic-Back-Support-Soft-and-Comfortable.webp\" \/><img wpfc-lazyload-disable=\"true\" decoding=\"async\" src=\"https:\/\/allhom.com\/wp-content\/uploads\/2026\/04\/Office-Chair-Leather-Desk-Chair-with-Foot-Rest-PU-Home-Computer-Desk-Chairs-with-Ergonomic-Back-Support-Soft-and-Comfortable-1.webp\" \/><img wpfc-lazyload-disable=\"true\" decoding=\"async\" src=\"https:\/\/allhom.com\/wp-content\/uploads\/2026\/04\/Office-Chair-Leather-Desk-Chair-with-Foot-Rest-PU-Home-Computer-Desk-Chairs-with-Ergonomic-Back-Support-Soft-and-Comfortable-2.webp\" \/><img wpfc-lazyload-disable=\"true\" decoding=\"async\" src=\"https:\/\/allhom.com\/wp-content\/uploads\/2026\/04\/Office-Chair-Leather-Desk-Chair-with-Foot-Rest-PU-Home-Computer-Desk-Chairs-with-Ergonomic-Back-Support-Soft-and-Comfortable-3.webp\" \/><img wpfc-lazyload-disable=\"true\" decoding=\"async\" src=\"https:\/\/allhom.com\/wp-content\/uploads\/2026\/04\/Office-Chair-Leather-Desk-Chair-with-Foot-Rest-PU-Home-Computer-Desk-Chairs-with-Ergonomic-Back-Support-Soft-and-Comfortable-6.webp\" \/><img wpfc-lazyload-disable=\"true\" decoding=\"async\" src=\"https:\/\/allhom.com\/wp-content\/uploads\/2026\/04\/Office-Chair-Leather-Desk-Chair-with-Foot-Rest-PU-Home-Computer-Desk-Chairs-with-Ergonomic-Back-Support-Soft-and-Comfortable-4.webp\" \/><img wpfc-lazyload-disable=\"true\" decoding=\"async\" src=\"https:\/\/allhom.com\/wp-content\/uploads\/2026\/04\/Office-Chair-Leather-Desk-Chair-with-Foot-Rest-PU-Home-Computer-Desk-Chairs-with-Ergonomic-Back-Support-Soft-and-Comfortable-5.webp\" \/><img wpfc-lazyload-disable=\"true\" decoding=\"async\" src=\"https:\/\/allhom.com\/wp-content\/uploads\/2026\/04\/Office-Chair-Leather-Desk-Chair-with-Foot-Rest-PU-Home-Computer-Desk-Chairs-with-Ergonomic-Back-Support-Soft-and-Comfortable-7.webp\" \/><\/p>","protected":false},"excerpt":{"rendered":"<p>High-concerned chemical:&nbsp;None Installation Method:&nbsp;Assembly Origin:&nbsp;Mainland China General Use:&nbsp;Commercial Furniture Brand Name:&nbsp;HiMISS Specific Use:&nbsp;Office Chair Type:&nbsp;Office Furniture About this item \u3010Adjustability\u3011The backrest angle can be adjusted from 90\u00b0 to 135\u00b0 to suit your work and leisure needs. It also&#8230;<\/p>","protected":false},"featured_media":578354,"comment_status":"open","ping_status":"closed","template":"","meta":[],"etheme_brands":[],"product_brand":[],"product_cat":[21973,22397],"product_tag":[27844],"class_list":{"0":"post-578353","1":"product","2":"type-product","3":"status-publish","4":"has-post-thumbnail","6":"product_cat-furniture","7":"product_cat-office-furniture","8":"product_tag-furniture","10":"first","11":"instock","12":"taxable","13":"shipping-taxable","14":"purchasable","15":"product-type-variable"},"_links":{"self":[{"href":"https:\/\/allhom.com\/pl\/wp-json\/wp\/v2\/product\/578353","targetHints":{"allow":["GET"]}}],"collection":[{"href":"https:\/\/allhom.com\/pl\/wp-json\/wp\/v2\/product"}],"about":[{"href":"https:\/\/allhom.com\/pl\/wp-json\/wp\/v2\/types\/product"}],"replies":[{"embeddable":true,"href":"https:\/\/allhom.com\/pl\/wp-json\/wp\/v2\/comments?post=578353"}],"version-history":[{"count":8,"href":"https:\/\/allhom.com\/pl\/wp-json\/wp\/v2\/product\/578353\/revisions"}],"predecessor-version":[{"id":578766,"href":"https:\/\/allhom.com\/pl\/wp-json\/wp\/v2\/product\/578353\/revisions\/578766"}],"wp:featuredmedia":[{"embeddable":true,"href":"https:\/\/allhom.com\/pl\/wp-json\/wp\/v2\/media\/578354"}],"wp:attachment":[{"href":"https:\/\/allhom.com\/pl\/wp-json\/wp\/v2\/media?parent=578353"}],"wp:term":[{"taxonomy":"brand","embeddable":true,"href":"https:\/\/allhom.com\/pl\/wp-json\/wp\/v2\/etheme_brands?post=578353"},{"taxonomy":"product_brand","embeddable":true,"href":"https:\/\/allhom.com\/pl\/wp-json\/wp\/v2\/product_brand?post=578353"},{"taxonomy":"product_cat","embeddable":true,"href":"https:\/\/allhom.com\/pl\/wp-json\/wp\/v2\/product_cat?post=578353"},{"taxonomy":"product_tag","embeddable":true,"href":"https:\/\/allhom.com\/pl\/wp-json\/wp\/v2\/product_tag?post=578353"}],"curies":[{"name":"wp","href":"https:\/\/api.w.org\/{rel}","templated":true}]}}