{"id":578360,"date":"2026-04-14T00:04:07","date_gmt":"2026-04-13T22:04:07","guid":{"rendered":"https:\/\/allhom.com\/shop\/newtral-magich-bp-ergonomic-office-chair-with-footrest-and-lumbar-support-4d-armrest-backrest-and-headseat-adjustable\/"},"modified":"2026-04-14T06:07:29","modified_gmt":"2026-04-14T04:07:29","slug":"newtral-magich-bp-ergonomic-office-chair-with-footrest-and-lumbar-support-4d-armrest-backrest-and-headseat-adjustable","status":"publish","type":"product","link":"https:\/\/allhom.com\/pl\/shop\/newtral-magich-bp-ergonomic-office-chair-with-footrest-and-lumbar-support-4d-armrest-backrest-and-headseat-adjustable\/","title":{"rendered":"Fotel biurowy ergonomiczny NEWTRAL MagicH-BP z podn\u00f3\u017ckiem i podparciem l\u0119d\u017awiowym, pod\u0142okietnikiem 4D, regulowanym oparciem i zag\u0142\u00f3wkiem"},"content":{"rendered":"<div class=\"product-specs-list-container\">\n<ul class=\"product-specs-list util-clearfix\">\n<li class=\"product-prop line-limit-length\"><span class=\"property-title\">Adjustable height:&nbsp;<\/span><span class=\"property-desc line-limit-length\">Tak<\/span>\n                            <\/li>\n<li class=\"product-prop line-limit-length\"><span class=\"property-title\">Ergonomics:&nbsp;<\/span><span class=\"property-desc line-limit-length\">Tak<\/span>\n                            <\/li>\n<li class=\"product-prop line-limit-length\"><span class=\"property-title\">Metoda instalacji:&nbsp;<\/span><span class=\"property-desc line-limit-length\">samowystarczalny<\/span>\n                            <\/li>\n<li class=\"product-prop line-limit-length\"><span class=\"property-title\">Is Rotatable:&nbsp;<\/span><span class=\"property-desc line-limit-length\">Tak<\/span>\n                            <\/li>\n<li class=\"product-prop line-limit-length\"><span class=\"property-title\">With Handrails:&nbsp;<\/span><span class=\"property-desc line-limit-length\">Tak<\/span>\n                            <\/li>\n<li class=\"product-prop line-limit-length\"><span class=\"property-title\">Backrest Height:&nbsp;<\/span><span class=\"property-desc line-limit-length\"><125mm->800mm<\/span>\n                            <\/li>\n<li class=\"product-prop line-limit-length\"><span class=\"property-title\">With Rollers:&nbsp;<\/span><span class=\"property-desc line-limit-length\">Tak<\/span>\n                            <\/li>\n<li class=\"product-prop line-limit-length\"><span class=\"property-title\">Pochodzenie:&nbsp;<\/span><span class=\"property-desc line-limit-length\">Chiny kontynentalne<\/span>\n                            <\/li>\n<li class=\"product-prop line-limit-length\"><span class=\"property-title\">Zastosowanie og\u00f3lne:&nbsp;<\/span><span class=\"property-desc line-limit-length\">Meble komercyjne<\/span>\n                            <\/li>\n<li class=\"product-prop line-limit-length\"><span class=\"property-title\">Nazwa marki:&nbsp;<\/span><span class=\"property-desc line-limit-length\">XJ-HOME<\/span>\n                            <\/li>\n<li class=\"product-prop line-limit-length\"><span class=\"property-title\">Konkretne zastosowanie:&nbsp;<\/span><span class=\"property-desc line-limit-length\">Office Chair<\/span>\n                            <\/li>\n<li class=\"product-prop line-limit-length\"><span class=\"property-title\">Typ:&nbsp;<\/span><span class=\"property-desc line-limit-length\">Meble biurowe<\/span>\n                            <\/li>\n<li class=\"product-prop line-limit-length\"><span class=\"property-title\">Tworzywo:&nbsp;<\/span><span class=\"property-desc line-limit-length\">Tkanina<\/span>\n                            <\/li>\n<\/ul><\/div>\n<p style=\", Roboto, Arial, Helvetica, sans-serif, SimSun;font-size:14px;font-weight:400;letter-spacing:normal;line-height:inherit;text-align:left;white-space:normal;margin:0px;margin-bottom:0px;margin-top:0px;margin-left:0px;margin-right:0px;padding:0px;padding-bottom:0px;padding-top:0px;padding-left:0px;padding-right:0px\" align=\"left\"><strong><span style=\"font-size:20px;font-family:tahoma, geneva, sans-serif\">NEWTRAL MagicH-BP Ergonomic Office Chair with Footrest<\/span><\/strong><\/p>\n<div style=\", Roboto, Arial, Helvetica, sans-serif, SimSun;font-size:14px;font-weight:400;letter-spacing:normal;text-align:left;white-space:normal;margin:0px;margin-bottom:0px;margin-top:0px;margin-left:0px;margin-right:0px;padding:0px;padding-bottom:0px;padding-top:0px;padding-left:0px;padding-right:0px\" align=\"left\"><span style=\"font-family:tahoma, geneva, sans-serif\"><\/p>\n<p><\/span><\/div>\n<h3 style=\", Roboto, Arial, Helvetica, sans-serif, SimSun;letter-spacing:normal;text-align:left;white-space:normal\" align=\"left\"><strong><span style=\"font-family:tahoma, geneva, sans-serif\">1. Auto-Following Backrest<\/span><\/strong><\/h3>\n<p style=\", Roboto, Arial, Helvetica, sans-serif, SimSun;font-size:14px;font-weight:400;letter-spacing:normal;line-height:inherit;text-align:left;white-space:normal;margin:0px;margin-bottom:0px;margin-top:0px;margin-left:0px;margin-right:0px;padding:0px;padding-bottom:0px;padding-top:0px;padding-left:0px;padding-right:0px\" align=\"left\"><span style=\"font-family:tahoma, geneva, sans-serif\">NEWTRAL MagicH-BP Ergonomic Chair automatically adjusts to your back movements and offers you constant support, also promoting a natural S-curve for your spine when locked.<\/span><\/p>\n<p><\/p>\n<h3 style=\", Roboto, Arial, Helvetica, sans-serif, SimSun;letter-spacing:normal;text-align:left;white-space:normal\" align=\"left\"><strong><span style=\"font-family:tahoma, geneva, sans-serif\">2. Ultimate Comfort &#038; Adujstable<\/span><\/strong><\/h3>\n<p style=\", Roboto, Arial, Helvetica, sans-serif, SimSun;font-size:14px;font-weight:400;letter-spacing:normal;line-height:inherit;text-align:left;white-space:normal;margin:0px;margin-bottom:0px;margin-top:0px;margin-left:0px;margin-right:0px;padding:0px;padding-bottom:0px;padding-top:0px;padding-left:0px;padding-right:0px\" align=\"left\"><span style=\"font-family:tahoma, geneva, sans-serif\">It features a foldable footrest and lockable across 4 key positions ranging from 96\u00b0-136\u00b0 tilt, keeping you at ease continuously.<\/span><\/p>\n<p style=\", Roboto, Arial, Helvetica, sans-serif, SimSun;font-size:14px;font-weight:400;letter-spacing:normal;line-height:inherit;text-align:left;white-space:normal;margin:0px;margin-bottom:0px;margin-top:0px;margin-left:0px;margin-right:0px;padding:0px;padding-bottom:0px;padding-top:0px;padding-left:0px;padding-right:0px\" align=\"left\"><span style=\"font-family:tahoma, geneva, sans-serif\">With 4D armrests, a divided-stress-zone high-density sponge cushion, and an adjustable seat for height and depth comfort for long-time sitting. Suitable for people 5&#8217;3&#8243; to 6&#8217;3&#8243; tall.<\/span><\/p>\n<p><\/p>\n<table style=\"border-collapse:collapse;font-size:14px;text-align:start;width:1000px\" class=\"jbEidtTable\" border=\"1\" cellpadding=\"5\" cellspacing=\"0\" align=\"start\">\n<tbody>\n<tr>\n<td style=\"font-size:14px;text-align:left;height:92px\" align=\"left\">\n<p style=\"line-height:inherit;text-align:left;margin:0px;margin-bottom:0px;margin-top:0px;margin-left:0px;margin-right:0px;padding:0px;padding-bottom:0px;padding-top:0px;padding-left:0px;padding-right:0px\" align=\"left\"><span style=\"font-size:16px;font-family:tahoma, geneva, sans-serif\">Og\u00f3lny<\/span><\/p>\n<\/td>\n<td style=\"font-size:14px;text-align:left;height:92px\" align=\"left\">\n<p style=\"line-height:inherit;text-align:left;margin:0px;margin-bottom:0px;margin-top:0px;margin-left:0px;margin-right:0px;padding:0px;padding-bottom:0px;padding-top:0px;padding-left:0px;padding-right:0px\" align=\"left\"><span style=\"font-size:16px;font-family:tahoma, geneva, sans-serif\">Brand: NEWTRAL<br \/>Type: Ergonomic Chair<br \/>Model: MagicH-BP<br \/>Kolor: czarny<\/span><\/p>\n<\/td>\n<\/tr>\n<tr>\n<td style=\"font-size:14px;text-align:left;height:22px\" align=\"left\">\n<p style=\"line-height:inherit;text-align:left;margin:0px;margin-bottom:0px;margin-top:0px;margin-left:0px;margin-right:0px;padding:0px;padding-bottom:0px;padding-top:0px;padding-left:0px;padding-right:0px\" align=\"left\"><span style=\"font-size:16px;font-family:tahoma, geneva, sans-serif\">Specyfikacja<\/span><\/p>\n<\/td>\n<td style=\"font-size:14px;text-align:left;height:22px\" align=\"left\">\n<p style=\"line-height:inherit;text-align:left;margin:0px;margin-bottom:0px;margin-top:0px;margin-left:0px;margin-right:0px;padding:0px;padding-bottom:0px;padding-top:0px;padding-left:0px;padding-right:0px\" align=\"left\"><span style=\"font-size:16px;font-family:tahoma, geneva, sans-serif\">Backrest: Mesh, Patented Auto-following Mechanism<br \/>Fully Neck Support with Auto-following Mechanism: No<br \/>Footrest: Yes<br \/>Lower Back Support Strength Adjustment: Yes<br \/>Lower Back Support 4 Positions to Lock: Yes<br \/>Rebound Sponge Cushion Seat: Yes<br \/>Divided Stress Zone Cushion Seat: Yes<br \/>Head Rest Adjustment: 13CM Height<br \/>30 Degree Angle<br \/>Recline Adjustment: 96\u00b0\/116\u00b0\/126\u00b0\/136\u00b0<br \/>Back Rest Independent<br \/>Height Adjustment: 6CM<br \/>Seat Depth Adjustment: 34CM to 48CM<br \/>Seat Cover Fabric: Water Proof, Anti-Static<br \/>Seat Width: 51.8CM<br \/>Seat Height: 44CM to 52.5CM<\/span><\/p>\n<\/td>\n<\/tr>\n<tr>\n<td style=\"font-size:14px;text-align:left;height:67px\" align=\"left\">\n<p style=\"line-height:inherit;text-align:left;margin:0px;margin-bottom:0px;margin-top:0px;margin-left:0px;margin-right:0px;padding:0px;padding-bottom:0px;padding-top:0px;padding-left:0px;padding-right:0px\" align=\"left\"><span style=\"font-size:16px;font-family:tahoma, geneva, sans-serif\">Waga i rozmiar<\/span><\/p>\n<\/td>\n<td style=\"font-size:14px;text-align:left;height:67px\" align=\"left\">\n<p style=\"line-height:inherit;text-align:left;margin:0px;margin-bottom:0px;margin-top:0px;margin-left:0px;margin-right:0px;padding:0px;padding-bottom:0px;padding-top:0px;padding-left:0px;padding-right:0px\" align=\"left\"><span style=\"font-size:16px;font-family:tahoma, geneva, sans-serif\">Product Weight: 23kg<br \/>Package Weight: 25.5kg<br \/>Package Size(L x W x H): 54*51*46cm<\/span><\/p>\n<\/td>\n<\/tr>\n<\/tbody>\n<\/table>\n<div style=\", Roboto, Arial, Helvetica, sans-serif, SimSun;font-size:14px;font-weight:400;letter-spacing:normal;text-align:left;white-space:normal;margin:0px;margin-bottom:0px;margin-top:0px;margin-left:0px;margin-right:0px;padding:0px;padding-bottom:0px;padding-top:0px;padding-left:0px;padding-right:0px\" align=\"left\"><span style=\"font-family:tahoma, geneva, sans-serif\"><br \/><\/span><\/div>\n<p style=\", Roboto, Arial, Helvetica, sans-serif, SimSun;font-size:14px;font-weight:400;letter-spacing:normal;line-height:inherit;text-align:left;white-space:normal;margin:0px;margin-bottom:0px;margin-top:0px;margin-left:0px;margin-right:0px;padding:0px;padding-bottom:0px;padding-top:0px;padding-left:0px;padding-right:0px\" align=\"left\"><img wpfc-lazyload-disable=\"true\" decoding=\"async\" src=\"https:\/\/allhom.com\/wp-content\/uploads\/2026\/04\/NEWTRAL-MagicH-BP-Ergonomic-Office-Chair-with-Footrest-and-Lumbar-Support-4D-Armrest-Backrest-and-Headseat-Adjustable-6.webp\" \/><img wpfc-lazyload-disable=\"true\" decoding=\"async\" src=\"https:\/\/allhom.com\/wp-content\/uploads\/2026\/04\/NEWTRAL-MagicH-BP-Ergonomic-Office-Chair-with-Footrest-and-Lumbar-Support-4D-Armrest-Backrest-and-Headseat-Adjustable-11.webp\" \/><img wpfc-lazyload-disable=\"true\" decoding=\"async\" src=\"https:\/\/allhom.com\/wp-content\/uploads\/2026\/04\/NEWTRAL-MagicH-BP-Ergonomic-Office-Chair-with-Footrest-and-Lumbar-Support-4D-Armrest-Backrest-and-Headseat-Adjustable-7.webp\" \/><img wpfc-lazyload-disable=\"true\" decoding=\"async\" src=\"https:\/\/allhom.com\/wp-content\/uploads\/2026\/04\/NEWTRAL-MagicH-BP-Ergonomic-Office-Chair-with-Footrest-and-Lumbar-Support-4D-Armrest-Backrest-and-Headseat-Adjustable-8.webp\" \/><img wpfc-lazyload-disable=\"true\" decoding=\"async\" src=\"https:\/\/allhom.com\/wp-content\/uploads\/2026\/04\/NEWTRAL-MagicH-BP-Ergonomic-Office-Chair-with-Footrest-and-Lumbar-Support-4D-Armrest-Backrest-and-Headseat-Adjustable-12.webp\" \/><img wpfc-lazyload-disable=\"true\" decoding=\"async\" src=\"https:\/\/allhom.com\/wp-content\/uploads\/2026\/04\/NEWTRAL-MagicH-BP-Ergonomic-Office-Chair-with-Footrest-and-Lumbar-Support-4D-Armrest-Backrest-and-Headseat-Adjustable-9.webp\" \/><img wpfc-lazyload-disable=\"true\" decoding=\"async\" src=\"https:\/\/allhom.com\/wp-content\/uploads\/2026\/04\/NEWTRAL-MagicH-BP-Ergonomic-Office-Chair-with-Footrest-and-Lumbar-Support-4D-Armrest-Backrest-and-Headseat-Adjustable-10.webp\" \/><\/p>","protected":false},"excerpt":{"rendered":"<p>Adjustable height:&nbsp;Yes Ergonomics:&nbsp;Yes Installation Method:&nbsp;self-contained Is Rotatable:&nbsp;Yes With Handrails:&nbsp;Yes Backrest Height:&nbsp;800mm With Rollers:&nbsp;Yes Origin:&nbsp;Mainland China General Use:&nbsp;Commercial Furniture Brand Name:&nbsp;XJ-HOME Specific Use:&nbsp;Office Chair Type:&nbsp;Office Furniture Material:&nbsp;Fabric NEWTRAL MagicH-BP Ergonomic Office Chair with Footrest 1. Auto-Following Backrest NEWTRAL MagicH-BP&#8230;<\/p>","protected":false},"featured_media":578361,"comment_status":"open","ping_status":"closed","template":"","meta":[],"etheme_brands":[],"product_brand":[],"product_cat":[21973,22397],"product_tag":[27844],"class_list":{"0":"post-578360","1":"product","2":"type-product","3":"status-publish","4":"has-post-thumbnail","6":"product_cat-furniture","7":"product_cat-office-furniture","8":"product_tag-furniture","10":"first","11":"instock","12":"taxable","13":"shipping-taxable","14":"purchasable","15":"product-type-variable"},"_links":{"self":[{"href":"https:\/\/allhom.com\/pl\/wp-json\/wp\/v2\/product\/578360","targetHints":{"allow":["GET"]}}],"collection":[{"href":"https:\/\/allhom.com\/pl\/wp-json\/wp\/v2\/product"}],"about":[{"href":"https:\/\/allhom.com\/pl\/wp-json\/wp\/v2\/types\/product"}],"replies":[{"embeddable":true,"href":"https:\/\/allhom.com\/pl\/wp-json\/wp\/v2\/comments?post=578360"}],"version-history":[{"count":7,"href":"https:\/\/allhom.com\/pl\/wp-json\/wp\/v2\/product\/578360\/revisions"}],"predecessor-version":[{"id":579451,"href":"https:\/\/allhom.com\/pl\/wp-json\/wp\/v2\/product\/578360\/revisions\/579451"}],"wp:featuredmedia":[{"embeddable":true,"href":"https:\/\/allhom.com\/pl\/wp-json\/wp\/v2\/media\/578361"}],"wp:attachment":[{"href":"https:\/\/allhom.com\/pl\/wp-json\/wp\/v2\/media?parent=578360"}],"wp:term":[{"taxonomy":"brand","embeddable":true,"href":"https:\/\/allhom.com\/pl\/wp-json\/wp\/v2\/etheme_brands?post=578360"},{"taxonomy":"product_brand","embeddable":true,"href":"https:\/\/allhom.com\/pl\/wp-json\/wp\/v2\/product_brand?post=578360"},{"taxonomy":"product_cat","embeddable":true,"href":"https:\/\/allhom.com\/pl\/wp-json\/wp\/v2\/product_cat?post=578360"},{"taxonomy":"product_tag","embeddable":true,"href":"https:\/\/allhom.com\/pl\/wp-json\/wp\/v2\/product_tag?post=578360"}],"curies":[{"name":"wp","href":"https:\/\/api.w.org\/{rel}","templated":true}]}}