{"id":578363,"date":"2026-04-14T00:04:49","date_gmt":"2026-04-13T22:04:49","guid":{"rendered":"https:\/\/allhom.com\/shop\/ergonomic-office-chair-180kg-400lbs-high-back-pu-leather-desk-chair-with-adjustable-headrest-spring-cushion-seat\/"},"modified":"2026-04-14T06:07:45","modified_gmt":"2026-04-14T04:07:45","slug":"ergonomic-office-chair-180kg-400lbs-high-back-pu-leather-desk-chair-with-adjustable-headrest-spring-cushion-seat","status":"publish","type":"product","link":"https:\/\/allhom.com\/pl\/shop\/ergonomic-office-chair-180kg-400lbs-high-back-pu-leather-desk-chair-with-adjustable-headrest-spring-cushion-seat\/","title":{"rendered":"Ergonomiczny fotel biurowy 180 kg\/400 funt\u00f3w | Fotel biurowy z wysokim oparciem ze sk\u00f3ry PU i regulowanym zag\u0142\u00f3wkiem | Siedzisko z poduszk\u0105 spr\u0119\u017cynow\u0105"},"content":{"rendered":"<div class=\"product-specs-list-container\">\n<ul class=\"product-specs-list util-clearfix\">\n<li class=\"product-prop line-limit-length\"><span class=\"property-title\">Adjustable height:&nbsp;<\/span><span class=\"property-desc line-limit-length\">Tak<\/span>\n                            <\/li>\n<li class=\"product-prop line-limit-length\"><span class=\"property-title\">Substancja chemiczna budz\u0105ca du\u017ce obawy:&nbsp;<\/span><span class=\"property-desc line-limit-length\">Nic<\/span>\n                            <\/li>\n<li class=\"product-prop line-limit-length\"><span class=\"property-title\">Whether Cushioned:&nbsp;<\/span><span class=\"property-desc line-limit-length\">NIE<\/span>\n                            <\/li>\n<li class=\"product-prop line-limit-length\"><span class=\"property-title\">Metoda instalacji:&nbsp;<\/span><span class=\"property-desc line-limit-length\">Monta\u017c<\/span>\n                            <\/li>\n<li class=\"product-prop line-limit-length\"><span class=\"property-title\">Is Rotatable:&nbsp;<\/span><span class=\"property-desc line-limit-length\">Tak<\/span>\n                            <\/li>\n<li class=\"product-prop line-limit-length\"><span class=\"property-title\">Frame Material:&nbsp;<\/span><span class=\"property-desc line-limit-length\">Metal<\/span>\n                            <\/li>\n<li class=\"product-prop line-limit-length\"><span class=\"property-title\">Pochodzenie:&nbsp;<\/span><span class=\"property-desc line-limit-length\">Chiny kontynentalne<\/span>\n                            <\/li>\n<li class=\"product-prop line-limit-length\"><span class=\"property-title\">Zastosowanie og\u00f3lne:&nbsp;<\/span><span class=\"property-desc line-limit-length\">Meble komercyjne<\/span>\n                            <\/li>\n<li class=\"product-prop line-limit-length\"><span class=\"property-title\">Nazwa marki:&nbsp;<\/span><span class=\"property-desc line-limit-length\">HiMISS<\/span>\n                            <\/li>\n<li class=\"product-prop line-limit-length\"><span class=\"property-title\">Konkretne zastosowanie:&nbsp;<\/span><span class=\"property-desc line-limit-length\">Office Chair<\/span>\n                            <\/li>\n<li class=\"product-prop line-limit-length\"><span class=\"property-title\">Typ:&nbsp;<\/span><span class=\"property-desc line-limit-length\">Meble biurowe<\/span>\n                            <\/li>\n<\/ul><\/div>\n<h1 style=\"font-size:1.25rem;font-weight:700;letter-spacing:normal;line-height:24px;text-align:start;white-space:normal;margin:0px;margin-bottom:0px;margin-top:0px;margin-left:0px;margin-right:0px;padding:0px;padding-bottom:0px;padding-top:0px;padding-left:0px;padding-right:0px\" class=\"a-size-base-plus a-text-bold\" align=\"start\">O tym przedmiocie<\/h1>\n<ul style=\", Arial, sans-serif;font-size:14px;font-weight:400;letter-spacing:normal;text-align:start;white-space:normal;margin:0px 0px 0px 18px;margin-bottom:0px;margin-top:0px;margin-left:18px;margin-right:0px;padding:0px;padding-bottom:0px;padding-top:0px;padding-left:0px;padding-right:0px\" class=\"a-unordered-list a-vertical a-spacing-mini\">\n<li style=\"margin:0px;margin-bottom:0px;margin-top:0px;margin-left:0px;margin-right:0px\" class=\"a-spacing-mini\">\n<p><span class=\"a-list-item\" style=\"color:var(--__dChNmAmGoMXsw4B,#0f1111)\">400LBS Heavy-Duty Construction: This executive chair features a reinforced metal base and a certified heavy-duty gas lift, reliably supporting up to 180kg (400lbs). The wide seat is uniquely designed with a responsive spring cushion core, layered with high-density foam, to prevent sagging.<\/span><\/p>\n<\/li>\n<li style=\"margin:0px;margin-bottom:0px;margin-top:0px;margin-left:0px;margin-right:0px\" class=\"a-spacing-mini\"><\/li>\n<li style=\"margin:0px;margin-bottom:0px;margin-top:0px;margin-left:0px;margin-right:0px\" class=\"a-spacing-mini\">\n<p><span class=\"a-list-item\" style=\"color:var(--__dChNmAmGoMXsw4B,#0f1111)\">Adjustable Headrest &#038; Lumbar: The adjustable headrest cradles your neck, while the integrated lumbar support conforms to your spine\u2019s natural curve. Combined with the premium PU leather upholstery and padded armrests, it effectively reduces back and shoulder strain during work or gaming.<\/span><\/p>\n<\/li>\n<li style=\"margin:0px;margin-bottom:0px;margin-top:0px;margin-left:0px;margin-right:0px\" class=\"a-spacing-mini\"><\/li>\n<li style=\"margin:0px;margin-bottom:0px;margin-top:0px;margin-left:0px;margin-right:0px\" class=\"a-spacing-mini\">\n<p><span class=\"a-list-item\" style=\"color:var(--__dChNmAmGoMXsw4B,#0f1111)\">Multifunctional Adjustable Office Chair: This office chair features three height settings, a backrest adjustable from 90 to 135 degrees, and a secure tilt lock. It also includes 90\u00b0 folding armrests and 360\u00b0 swivel and smooth-slip casters for easy movement on carpets and hard floors.<\/span><\/p>\n<\/li>\n<li style=\"margin:0px;margin-bottom:0px;margin-top:0px;margin-left:0px;margin-right:0px\" class=\"a-spacing-mini\"><\/li>\n<li style=\"margin:0px;margin-bottom:0px;margin-top:0px;margin-left:0px;margin-right:0px\" class=\"a-spacing-mini\">\n<p><span class=\"a-list-item\" style=\"color:var(--__dChNmAmGoMXsw4B,#0f1111)\">Reinforced Executive Design: Constructed with mark-resistant faux leather, 5-star metal base, and SGS-certified gas lift, this chair is made for home and office use, offering both practicality and a professional executive look.<\/span><\/p>\n<\/li>\n<li style=\"margin:0px;margin-bottom:0px;margin-top:0px;margin-left:0px;margin-right:0px\" class=\"a-spacing-mini\"><\/li>\n<li style=\"margin:0px;margin-bottom:0px;margin-top:0px;margin-left:0px;margin-right:0px\" class=\"a-spacing-mini\">\n<p><span class=\"a-list-item\" style=\"color:var(--__dChNmAmGoMXsw4B,#0f1111)\">Straightforward Assembly: We ensure a hassle-free setup. The chair arrives with clear instructions and all necessary tools, typically assembling in under 20 minutes.<\/span><\/p>\n<\/li>\n<\/ul>\n<p><\/p>\n<p><span class=\"a-list-item\" style=\"color:var(--__dChNmAmGoMXsw4B,#0f1111)\"><\/span><img wpfc-lazyload-disable=\"true\" decoding=\"async\" src=\"https:\/\/allhom.com\/wp-content\/uploads\/2026\/04\/Ergonomic-Office-Chair-180kg400lbs-High-Back-PU-Leather-Desk-Chair-with-Adjustable-Headrest-Spring-Cushion-Seat-1.webp\" \/><span class=\"a-list-item\" style=\"color:var(--__dChNmAmGoMXsw4B,#0f1111)\"><\/span><img wpfc-lazyload-disable=\"true\" decoding=\"async\" src=\"https:\/\/allhom.com\/wp-content\/uploads\/2026\/04\/Ergonomic-Office-Chair-180kg400lbs-High-Back-PU-Leather-Desk-Chair-with-Adjustable-Headrest-Spring-Cushion-Seat-2.webp\" \/><span class=\"a-list-item\" style=\"color:var(--__dChNmAmGoMXsw4B,#0f1111)\"><\/span><img wpfc-lazyload-disable=\"true\" decoding=\"async\" src=\"https:\/\/allhom.com\/wp-content\/uploads\/2026\/04\/Ergonomic-Office-Chair-180kg400lbs-High-Back-PU-Leather-Desk-Chair-with-Adjustable-Headrest-Spring-Cushion-Seat-6.webp\" \/><span class=\"a-list-item\" style=\"color:var(--__dChNmAmGoMXsw4B,#0f1111)\"><\/span><img wpfc-lazyload-disable=\"true\" decoding=\"async\" src=\"https:\/\/allhom.com\/wp-content\/uploads\/2026\/04\/Ergonomic-Office-Chair-180kg400lbs-High-Back-PU-Leather-Desk-Chair-with-Adjustable-Headrest-Spring-Cushion-Seat-7.webp\" \/><span class=\"a-list-item\" style=\"color:var(--__dChNmAmGoMXsw4B,#0f1111)\"><\/span><img wpfc-lazyload-disable=\"true\" decoding=\"async\" src=\"https:\/\/allhom.com\/wp-content\/uploads\/2026\/04\/Ergonomic-Office-Chair-180kg400lbs-High-Back-PU-Leather-Desk-Chair-with-Adjustable-Headrest-Spring-Cushion-Seat-8.webp\" \/><span class=\"a-list-item\" style=\"color:var(--__dChNmAmGoMXsw4B,#0f1111)\"><\/span><img wpfc-lazyload-disable=\"true\" decoding=\"async\" src=\"https:\/\/allhom.com\/wp-content\/uploads\/2026\/04\/Ergonomic-Office-Chair-180kg400lbs-High-Back-PU-Leather-Desk-Chair-with-Adjustable-Headrest-Spring-Cushion-Seat-9.webp\" \/><span class=\"a-list-item\" style=\"color:var(--__dChNmAmGoMXsw4B,#0f1111)\"><\/span><img wpfc-lazyload-disable=\"true\" decoding=\"async\" src=\"https:\/\/allhom.com\/wp-content\/uploads\/2026\/04\/Ergonomic-Office-Chair-180kg400lbs-High-Back-PU-Leather-Desk-Chair-with-Adjustable-Headrest-Spring-Cushion-Seat-3.webp\" \/><span class=\"a-list-item\" style=\"color:var(--__dChNmAmGoMXsw4B,#0f1111)\"><\/span><img wpfc-lazyload-disable=\"true\" decoding=\"async\" src=\"https:\/\/allhom.com\/wp-content\/uploads\/2026\/04\/Ergonomic-Office-Chair-180kg400lbs-High-Back-PU-Leather-Desk-Chair-with-Adjustable-Headrest-Spring-Cushion-Seat-10.webp\" \/><span class=\"a-list-item\" style=\"color:var(--__dChNmAmGoMXsw4B,#0f1111)\"><\/span><img wpfc-lazyload-disable=\"true\" decoding=\"async\" src=\"https:\/\/allhom.com\/wp-content\/uploads\/2026\/04\/Ergonomic-Office-Chair-180kg400lbs-High-Back-PU-Leather-Desk-Chair-with-Adjustable-Headrest-Spring-Cushion-Seat.webp\" \/><span class=\"a-list-item\" style=\"color:var(--__dChNmAmGoMXsw4B,#0f1111)\"><\/span><img wpfc-lazyload-disable=\"true\" decoding=\"async\" src=\"https:\/\/allhom.com\/wp-content\/uploads\/2026\/04\/Ergonomic-Office-Chair-180kg400lbs-High-Back-PU-Leather-Desk-Chair-with-Adjustable-Headrest-Spring-Cushion-Seat-11.webp\" \/><span class=\"a-list-item\" style=\"color:var(--__dChNmAmGoMXsw4B,#0f1111)\"><\/span><img wpfc-lazyload-disable=\"true\" decoding=\"async\" src=\"https:\/\/allhom.com\/wp-content\/uploads\/2026\/04\/Ergonomic-Office-Chair-180kg400lbs-High-Back-PU-Leather-Desk-Chair-with-Adjustable-Headrest-Spring-Cushion-Seat-12.webp\" \/><span class=\"a-list-item\" style=\"color:var(--__dChNmAmGoMXsw4B,#0f1111)\"><\/span><img wpfc-lazyload-disable=\"true\" decoding=\"async\" src=\"https:\/\/allhom.com\/wp-content\/uploads\/2026\/04\/Ergonomic-Office-Chair-180kg400lbs-High-Back-PU-Leather-Desk-Chair-with-Adjustable-Headrest-Spring-Cushion-Seat-4.webp\" \/><span class=\"a-list-item\" style=\"color:var(--__dChNmAmGoMXsw4B,#0f1111)\"><\/span><img wpfc-lazyload-disable=\"true\" decoding=\"async\" src=\"https:\/\/allhom.com\/wp-content\/uploads\/2026\/04\/Ergonomic-Office-Chair-180kg400lbs-High-Back-PU-Leather-Desk-Chair-with-Adjustable-Headrest-Spring-Cushion-Seat-13.webp\" \/><span class=\"a-list-item\" style=\"color:var(--__dChNmAmGoMXsw4B,#0f1111)\"><\/span><img wpfc-lazyload-disable=\"true\" decoding=\"async\" src=\"https:\/\/allhom.com\/wp-content\/uploads\/2026\/04\/Ergonomic-Office-Chair-180kg400lbs-High-Back-PU-Leather-Desk-Chair-with-Adjustable-Headrest-Spring-Cushion-Seat-5.webp\" \/><span class=\"a-list-item\" style=\"color:var(--__dChNmAmGoMXsw4B,#0f1111)\"><\/span><img wpfc-lazyload-disable=\"true\" decoding=\"async\" src=\"https:\/\/allhom.com\/wp-content\/uploads\/2026\/04\/Ergonomic-Office-Chair-180kg400lbs-High-Back-PU-Leather-Desk-Chair-with-Adjustable-Headrest-Spring-Cushion-Seat-14.webp\" \/><span class=\"a-list-item\" style=\"color:var(--__dChNmAmGoMXsw4B,#0f1111)\"><\/span><img wpfc-lazyload-disable=\"true\" decoding=\"async\" src=\"https:\/\/allhom.com\/wp-content\/uploads\/2026\/04\/Ergonomic-Office-Chair-180kg400lbs-High-Back-PU-Leather-Desk-Chair-with-Adjustable-Headrest-Spring-Cushion-Seat-15.webp\" \/><span class=\"a-list-item\" style=\"color:var(--__dChNmAmGoMXsw4B,#0f1111)\"><\/span><\/p>\n<p><\/p>","protected":false},"excerpt":{"rendered":"<p>Adjustable height:&nbsp;Yes High-concerned chemical:&nbsp;None Whether Cushioned:&nbsp;No Installation Method:&nbsp;Assembly Is Rotatable:&nbsp;Yes Frame Material:&nbsp;Metal Origin:&nbsp;Mainland China General Use:&nbsp;Commercial Furniture Brand Name:&nbsp;HiMISS Specific Use:&nbsp;Office Chair Type:&nbsp;Office Furniture About this item 400LBS Heavy-Duty Construction: This executive chair features a reinforced metal base&#8230;<\/p>","protected":false},"featured_media":578364,"comment_status":"open","ping_status":"closed","template":"","meta":[],"etheme_brands":[],"product_brand":[],"product_cat":[21973,22397],"product_tag":[27844],"class_list":{"0":"post-578363","1":"product","2":"type-product","3":"status-publish","4":"has-post-thumbnail","6":"product_cat-furniture","7":"product_cat-office-furniture","8":"product_tag-furniture","10":"first","11":"instock","12":"taxable","13":"shipping-taxable","14":"purchasable","15":"product-type-variable"},"_links":{"self":[{"href":"https:\/\/allhom.com\/pl\/wp-json\/wp\/v2\/product\/578363","targetHints":{"allow":["GET"]}}],"collection":[{"href":"https:\/\/allhom.com\/pl\/wp-json\/wp\/v2\/product"}],"about":[{"href":"https:\/\/allhom.com\/pl\/wp-json\/wp\/v2\/types\/product"}],"replies":[{"embeddable":true,"href":"https:\/\/allhom.com\/pl\/wp-json\/wp\/v2\/comments?post=578363"}],"version-history":[{"count":16,"href":"https:\/\/allhom.com\/pl\/wp-json\/wp\/v2\/product\/578363\/revisions"}],"predecessor-version":[{"id":579453,"href":"https:\/\/allhom.com\/pl\/wp-json\/wp\/v2\/product\/578363\/revisions\/579453"}],"wp:featuredmedia":[{"embeddable":true,"href":"https:\/\/allhom.com\/pl\/wp-json\/wp\/v2\/media\/578364"}],"wp:attachment":[{"href":"https:\/\/allhom.com\/pl\/wp-json\/wp\/v2\/media?parent=578363"}],"wp:term":[{"taxonomy":"brand","embeddable":true,"href":"https:\/\/allhom.com\/pl\/wp-json\/wp\/v2\/etheme_brands?post=578363"},{"taxonomy":"product_brand","embeddable":true,"href":"https:\/\/allhom.com\/pl\/wp-json\/wp\/v2\/product_brand?post=578363"},{"taxonomy":"product_cat","embeddable":true,"href":"https:\/\/allhom.com\/pl\/wp-json\/wp\/v2\/product_cat?post=578363"},{"taxonomy":"product_tag","embeddable":true,"href":"https:\/\/allhom.com\/pl\/wp-json\/wp\/v2\/product_tag?post=578363"}],"curies":[{"name":"wp","href":"https:\/\/api.w.org\/{rel}","templated":true}]}}