{"id":578388,"date":"2026-04-14T00:10:09","date_gmt":"2026-04-13T22:10:09","guid":{"rendered":"https:\/\/allhom.com\/shop\/modern-swivel-barrel-accent-chair-360-velvet-upholstered-armchair-with-striped-backrest-plush-padding-for-office\/"},"modified":"2026-04-14T02:21:49","modified_gmt":"2026-04-14T00:21:49","slug":"modern-swivel-barrel-accent-chair-360-velvet-upholstered-armchair-with-striped-backrest-plush-padding-for-office","status":"publish","type":"product","link":"https:\/\/allhom.com\/pl\/shop\/modern-swivel-barrel-accent-chair-360-velvet-upholstered-armchair-with-striped-backrest-plush-padding-for-office\/","title":{"rendered":"Nowoczesny obrotowy fotel bary\u0142kowy, tapicerowany aksamitem 360\u00b0, z oparciem w paski i pluszow\u0105 wy\u015bci\u00f3\u0142k\u0105 do biura"},"content":{"rendered":"<div class=\"product-specs-list-container\">\n<ul class=\"product-specs-list util-clearfix\">\n<li class=\"product-prop line-limit-length\"><span class=\"property-title\">Substancja chemiczna budz\u0105ca du\u017ce obawy:&nbsp;<\/span><span class=\"property-desc line-limit-length\">Nic<\/span>\n                            <\/li>\n<li class=\"product-prop line-limit-length\"><span class=\"property-title\">Metoda instalacji:&nbsp;<\/span><span class=\"property-desc line-limit-length\">Monta\u017c<\/span>\n                            <\/li>\n<li class=\"product-prop line-limit-length\"><span class=\"property-title\">Height Adjustable:&nbsp;<\/span><span class=\"property-desc line-limit-length\">NIE<\/span>\n                            <\/li>\n<li class=\"product-prop line-limit-length\"><span class=\"property-title\">Zastosowanie og\u00f3lne:&nbsp;<\/span><span class=\"property-desc line-limit-length\">Meble komercyjne<\/span>\n                            <\/li>\n<li class=\"product-prop line-limit-length\"><span class=\"property-title\">Pochodzenie:&nbsp;<\/span><span class=\"property-desc line-limit-length\">Chiny kontynentalne<\/span>\n                            <\/li>\n<li class=\"product-prop line-limit-length\"><span class=\"property-title\">Konkretne zastosowanie:&nbsp;<\/span><span class=\"property-desc line-limit-length\">Conference Chair<\/span>\n                            <\/li>\n<li class=\"product-prop line-limit-length\"><span class=\"property-title\">Typ:&nbsp;<\/span><span class=\"property-desc line-limit-length\">Meble biurowe<\/span>\n                            <\/li>\n<\/ul><\/div>\n<p><img wpfc-lazyload-disable=\"true\" decoding=\"async\" src=\"https:\/\/allhom.com\/wp-content\/uploads\/2026\/04\/Modern-Swivel-Barrel-Accent-Chair-360\u00b0-Velvet-Upholstered-Armchair-with-Striped-Backrest-Plush-Padding-for-Office-5.webp\" \/><img wpfc-lazyload-disable=\"true\" decoding=\"async\" src=\"https:\/\/allhom.com\/wp-content\/uploads\/2026\/04\/Modern-Swivel-Barrel-Accent-Chair-360\u00b0-Velvet-Upholstered-Armchair-with-Striped-Backrest-Plush-Padding-for-Office-6.webp\" \/><img wpfc-lazyload-disable=\"true\" decoding=\"async\" src=\"https:\/\/allhom.com\/wp-content\/uploads\/2026\/04\/Modern-Swivel-Barrel-Accent-Chair-360\u00b0-Velvet-Upholstered-Armchair-with-Striped-Backrest-Plush-Padding-for-Office-2.webp\" \/><img wpfc-lazyload-disable=\"true\" decoding=\"async\" src=\"https:\/\/allhom.com\/wp-content\/uploads\/2026\/04\/Modern-Swivel-Barrel-Accent-Chair-360\u00b0-Velvet-Upholstered-Armchair-with-Striped-Backrest-Plush-Padding-for-Office-3.webp\" \/><img wpfc-lazyload-disable=\"true\" decoding=\"async\" src=\"https:\/\/allhom.com\/wp-content\/uploads\/2026\/04\/Modern-Swivel-Barrel-Accent-Chair-360\u00b0-Velvet-Upholstered-Armchair-with-Striped-Backrest-Plush-Padding-for-Office-4.webp\" \/><img wpfc-lazyload-disable=\"true\" decoding=\"async\" src=\"https:\/\/allhom.com\/wp-content\/uploads\/2026\/04\/Modern-Swivel-Barrel-Accent-Chair-360\u00b0-Velvet-Upholstered-Armchair-with-Striped-Backrest-Plush-Padding-for-Office-7.webp\" \/><img wpfc-lazyload-disable=\"true\" decoding=\"async\" src=\"https:\/\/allhom.com\/wp-content\/uploads\/2026\/04\/Modern-Swivel-Barrel-Accent-Chair-360\u00b0-Velvet-Upholstered-Armchair-with-Striped-Backrest-Plush-Padding-for-Office-8.webp\" \/><img wpfc-lazyload-disable=\"true\" decoding=\"async\" src=\"https:\/\/allhom.com\/wp-content\/uploads\/2026\/04\/Modern-Swivel-Barrel-Accent-Chair-360\u00b0-Velvet-Upholstered-Armchair-with-Striped-Backrest-Plush-Padding-for-Office.webp\" \/><img wpfc-lazyload-disable=\"true\" decoding=\"async\" src=\"https:\/\/allhom.com\/wp-content\/uploads\/2026\/04\/Modern-Swivel-Barrel-Accent-Chair-360\u00b0-Velvet-Upholstered-Armchair-with-Striped-Backrest-Plush-Padding-for-Office-9.webp\" \/><img wpfc-lazyload-disable=\"true\" decoding=\"async\" src=\"https:\/\/allhom.com\/wp-content\/uploads\/2026\/04\/Modern-Swivel-Barrel-Accent-Chair-360\u00b0-Velvet-Upholstered-Armchair-with-Striped-Backrest-Plush-Padding-for-Office-1.webp\" \/><img wpfc-lazyload-disable=\"true\" decoding=\"async\" src=\"https:\/\/allhom.com\/wp-content\/uploads\/2026\/04\/Modern-Swivel-Barrel-Accent-Chair-360\u00b0-Velvet-Upholstered-Armchair-with-Striped-Backrest-Plush-Padding-for-Office-10.webp\" \/><img wpfc-lazyload-disable=\"true\" decoding=\"async\" src=\"https:\/\/allhom.com\/wp-content\/uploads\/2026\/04\/Modern-Swivel-Barrel-Accent-Chair-360\u00b0-Velvet-Upholstered-Armchair-with-Striped-Backrest-Plush-Padding-for-Office-11.webp\" \/><\/p>","protected":false},"excerpt":{"rendered":"<p>Hign-concerned Chemical:&nbsp;None Installation Method:&nbsp;Assembly Height Adjustable:&nbsp;No General Use:&nbsp;Commercial Furniture Origin:&nbsp;Mainland China Specific Use:&nbsp;Conference Chair Type:&nbsp;Office Furniture<\/p>","protected":false},"featured_media":578389,"comment_status":"open","ping_status":"closed","template":"","meta":[],"etheme_brands":[],"product_brand":[],"product_cat":[21973,22397],"product_tag":[27844],"class_list":{"0":"post-578388","1":"product","2":"type-product","3":"status-publish","4":"has-post-thumbnail","6":"product_cat-furniture","7":"product_cat-office-furniture","8":"product_tag-furniture","10":"first","11":"instock","12":"taxable","13":"shipping-taxable","14":"purchasable","15":"product-type-variable"},"_links":{"self":[{"href":"https:\/\/allhom.com\/pl\/wp-json\/wp\/v2\/product\/578388","targetHints":{"allow":["GET"]}}],"collection":[{"href":"https:\/\/allhom.com\/pl\/wp-json\/wp\/v2\/product"}],"about":[{"href":"https:\/\/allhom.com\/pl\/wp-json\/wp\/v2\/types\/product"}],"replies":[{"embeddable":true,"href":"https:\/\/allhom.com\/pl\/wp-json\/wp\/v2\/comments?post=578388"}],"version-history":[{"count":12,"href":"https:\/\/allhom.com\/pl\/wp-json\/wp\/v2\/product\/578388\/revisions"}],"predecessor-version":[{"id":578931,"href":"https:\/\/allhom.com\/pl\/wp-json\/wp\/v2\/product\/578388\/revisions\/578931"}],"wp:featuredmedia":[{"embeddable":true,"href":"https:\/\/allhom.com\/pl\/wp-json\/wp\/v2\/media\/578389"}],"wp:attachment":[{"href":"https:\/\/allhom.com\/pl\/wp-json\/wp\/v2\/media?parent=578388"}],"wp:term":[{"taxonomy":"brand","embeddable":true,"href":"https:\/\/allhom.com\/pl\/wp-json\/wp\/v2\/etheme_brands?post=578388"},{"taxonomy":"product_brand","embeddable":true,"href":"https:\/\/allhom.com\/pl\/wp-json\/wp\/v2\/product_brand?post=578388"},{"taxonomy":"product_cat","embeddable":true,"href":"https:\/\/allhom.com\/pl\/wp-json\/wp\/v2\/product_cat?post=578388"},{"taxonomy":"product_tag","embeddable":true,"href":"https:\/\/allhom.com\/pl\/wp-json\/wp\/v2\/product_tag?post=578388"}],"curies":[{"name":"wp","href":"https:\/\/api.w.org\/{rel}","templated":true}]}}