{"id":578446,"date":"2026-04-14T00:32:10","date_gmt":"2026-04-13T22:32:10","guid":{"rendered":"https:\/\/allhom.com\/shop\/ergonomic-gaming-chair-with-led-massage-comfortable-desk-chair-perfect-for-players-lc10-with-footrest-150kg\/"},"modified":"2026-04-14T03:21:30","modified_gmt":"2026-04-14T01:21:30","slug":"ergonomic-gaming-chair-with-led-massage-comfortable-desk-chair-perfect-for-players-lc10-with-footrest-150kg","status":"publish","type":"product","link":"https:\/\/allhom.com\/pl\/shop\/ergonomic-gaming-chair-with-led-massage-comfortable-desk-chair-perfect-for-players-lc10-with-footrest-150kg\/","title":{"rendered":"Ergonomiczny fotel gamingowy z masa\u017cem LED, wygodny fotel biurowy, idealny dla graczy - LC10 z podn\u00f3\u017ckiem, 150 kg"},"content":{"rendered":"<div class=\"product-specs-list-container\">\n<ul class=\"product-specs-list util-clearfix\">\n<li class=\"product-prop line-limit-length\"><span class=\"property-title\">Adjustable height:&nbsp;<\/span><span class=\"property-desc line-limit-length\">Tak<\/span>\n                            <\/li>\n<li class=\"product-prop line-limit-length\"><span class=\"property-title\">Whether Cushioned:&nbsp;<\/span><span class=\"property-desc line-limit-length\">Tak<\/span>\n                            <\/li>\n<li class=\"product-prop line-limit-length\"><span class=\"property-title\">Metoda instalacji:&nbsp;<\/span><span class=\"property-desc line-limit-length\">samowystarczalny<\/span>\n                            <\/li>\n<li class=\"product-prop line-limit-length\"><span class=\"property-title\">Is Rotatable:&nbsp;<\/span><span class=\"property-desc line-limit-length\">Tak<\/span>\n                            <\/li>\n<li class=\"product-prop line-limit-length\"><span class=\"property-title\">Materia\u0142 ramy:&nbsp;<\/span><span class=\"property-desc line-limit-length\">Metal<\/span>\n                            <\/li>\n<li class=\"product-prop line-limit-length\"><span class=\"property-title\">Pochodzenie:&nbsp;<\/span><span class=\"property-desc line-limit-length\">Chiny kontynentalne<\/span>\n                            <\/li>\n<li class=\"product-prop line-limit-length\"><span class=\"property-title\">Zastosowanie og\u00f3lne:&nbsp;<\/span><span class=\"property-desc line-limit-length\">Meble komercyjne<\/span>\n                            <\/li>\n<li class=\"product-prop line-limit-length\"><span class=\"property-title\">Konkretne zastosowanie:&nbsp;<\/span><span class=\"property-desc line-limit-length\">Office Chair<\/span>\n                            <\/li>\n<li class=\"product-prop line-limit-length\"><span class=\"property-title\">Typ:&nbsp;<\/span><span class=\"property-desc line-limit-length\">Meble biurowe<\/span>\n                            <\/li>\n<\/ul><\/div>\n<div class=\"detailmodule_html\">\n<div class=\"detail-desc-decorate-richtext\">\n<p>Ergonomiczny fotel gamingowy z masa\u017cem LED, wygodny fotel biurowy, idealny dla graczy - LC10 z podn\u00f3\u017ckiem, 150 kg<\/p>\n<p><strong>Ergonomic Gaming Chair with LED, Massage and Footrest<\/strong>Is the perfect solution for any avid player who appreciates<strong>Unparalleled comfort<\/strong>During long game sessions. Thanks<strong>Modern design<\/strong>And advanced features, this chair will bring new quality to your gaming station.<\/p>\n<p>Here are the main advantages of this chair:<\/p>\n<ul>\n<li>\n<p><strong>Ergonomic support<\/strong>: The contoured seat and back help maintain proper body posture, reducing fatigue even during long hours of playing.<\/p>\n<\/li>\n<li>\n<p><strong>Built-in massage chair<\/strong>: A specially designed cushion with massage function relieves muscle tension, giving you a feeling of relaxation when you need it most.<\/p>\n<\/li>\n<li>\n<p><strong>LED Backlight<\/strong>: The impressive multi-colored backlight gives a futuristic look and allows you to create a unique atmosphere during the Games.<\/p>\n<\/li>\n<li>\n<p><strong>The function of rocking and adjustment<\/strong>: The cradle mechanism allows for smooth adjustment of the back angle and rocking, thus ensuring comfort during short breaks.<\/p>\n<\/li>\n<li>\n<p><strong>Footrest<\/strong>: An extra element that provides even more comfort and relaxation opportunities, ideal for players who need a break in the action.<\/p>\n<\/li>\n<li>\n<p><strong>Durability and stability<\/strong>: High quality materials and<strong>Maximum load up to 150 kg<\/strong>Guarantee long-term use.<\/p>\n<\/li>\n<\/ul>\n<p><strong>Gaming Chair LC10<\/strong>Is not only a piece of furniture, but also an extremely functional support for your lifestyle. Whether you are playing on the computer or doing office work, this armchair will certainly meet your expectations. Invest in your convenience and enjoy every moment you spend playing!<\/p>\n<\/div>\n<\/div>","protected":false},"excerpt":{"rendered":"<p>Adjustable height:&nbsp;Yes Whether Cushioned:&nbsp;Yes Installation Method:&nbsp;self-contained Is Rotatable:&nbsp;Yes Frame Material:&nbsp;Metal Origin:&nbsp;Mainland China General Use:&nbsp;Commercial Furniture Specific Use:&nbsp;Office Chair Type:&nbsp;Office Furniture Ergonomic Gaming Chair with LED Massage, Comfortable Desk Chair, Perfect for Players-LC10 with Footrest 150kg Ergonomic Gaming Chair&#8230;<\/p>","protected":false},"featured_media":578447,"comment_status":"open","ping_status":"closed","template":"","meta":[],"etheme_brands":[],"product_brand":[],"product_cat":[21973,22397],"product_tag":[27844],"class_list":{"0":"post-578446","1":"product","2":"type-product","3":"status-publish","4":"has-post-thumbnail","6":"product_cat-furniture","7":"product_cat-office-furniture","8":"product_tag-furniture","10":"first","11":"instock","12":"taxable","13":"shipping-taxable","14":"purchasable","15":"product-type-variable"},"_links":{"self":[{"href":"https:\/\/allhom.com\/pl\/wp-json\/wp\/v2\/product\/578446","targetHints":{"allow":["GET"]}}],"collection":[{"href":"https:\/\/allhom.com\/pl\/wp-json\/wp\/v2\/product"}],"about":[{"href":"https:\/\/allhom.com\/pl\/wp-json\/wp\/v2\/types\/product"}],"replies":[{"embeddable":true,"href":"https:\/\/allhom.com\/pl\/wp-json\/wp\/v2\/comments?post=578446"}],"version-history":[{"count":0,"href":"https:\/\/allhom.com\/pl\/wp-json\/wp\/v2\/product\/578446\/revisions"}],"wp:featuredmedia":[{"embeddable":true,"href":"https:\/\/allhom.com\/pl\/wp-json\/wp\/v2\/media\/578447"}],"wp:attachment":[{"href":"https:\/\/allhom.com\/pl\/wp-json\/wp\/v2\/media?parent=578446"}],"wp:term":[{"taxonomy":"brand","embeddable":true,"href":"https:\/\/allhom.com\/pl\/wp-json\/wp\/v2\/etheme_brands?post=578446"},{"taxonomy":"product_brand","embeddable":true,"href":"https:\/\/allhom.com\/pl\/wp-json\/wp\/v2\/product_brand?post=578446"},{"taxonomy":"product_cat","embeddable":true,"href":"https:\/\/allhom.com\/pl\/wp-json\/wp\/v2\/product_cat?post=578446"},{"taxonomy":"product_tag","embeddable":true,"href":"https:\/\/allhom.com\/pl\/wp-json\/wp\/v2\/product_tag?post=578446"}],"curies":[{"name":"wp","href":"https:\/\/api.w.org\/{rel}","templated":true}]}}