{"id":579489,"date":"2026-04-14T06:53:38","date_gmt":"2026-04-14T04:53:38","guid":{"rendered":"https:\/\/allhom.com\/shop\/7-piece-outdoor-dining-set-for-6-with-tempered-glass-table-perfect-for-backyard-garden-meals\/"},"modified":"2026-04-14T07:21:04","modified_gmt":"2026-04-14T05:21:04","slug":"7-piece-outdoor-dining-set-for-6-with-tempered-glass-table-perfect-for-backyard-garden-meals","status":"publish","type":"product","link":"https:\/\/allhom.com\/pl\/shop\/7-piece-outdoor-dining-set-for-6-with-tempered-glass-table-perfect-for-backyard-garden-meals\/","title":{"rendered":"7-elementowy zestaw mebli ogrodowych dla 6 os\u00f3b ze sto\u0142em ze szk\u0142a hartowanego, idealny do posi\u0142k\u00f3w w ogrodzie."},"content":{"rendered":"<div class=\"product-specs-list-container\">\n<ul class=\"product-specs-list util-clearfix\">\n<li class=\"product-prop line-limit-length\"><span class=\"property-title\">Materia\u0142 ramy:&nbsp;<\/span><span class=\"property-desc line-limit-length\">Nic<\/span>\n                            <\/li>\n<li class=\"product-prop line-limit-length\"><span class=\"property-title\">Substancja chemiczna budz\u0105ca du\u017ce obawy:&nbsp;<\/span><span class=\"property-desc line-limit-length\">Nic<\/span>\n                            <\/li>\n<li class=\"product-prop line-limit-length\"><span class=\"property-title\">Metoda instalacji:&nbsp;<\/span><span class=\"property-desc line-limit-length\">Monta\u017c<\/span>\n                            <\/li>\n<li class=\"product-prop line-limit-length\"><span class=\"property-title\">Pochodzenie:&nbsp;<\/span><span class=\"property-desc line-limit-length\">De(origin)<\/span>\n                            <\/li>\n<li class=\"product-prop line-limit-length\"><span class=\"property-title\">Tworzywo:&nbsp;<\/span><span class=\"property-desc line-limit-length\">Metal<\/span>\n                            <\/li>\n<\/ul><\/div>\n<div class=\"detailmodule_html\">\n<div class=\"detail-desc-decorate-richtext\">\n<p class=\"word-break white-space mt-10\" style=\"text-align:left;color:#434649;font-size:13px;font-weight:normal\">1. Spacious and Comfortable: This set includes a square table (117&#215;117 cm), four chairs, and two footstools, comfortably accommodating up to six people, making it perfect for outdoor gatherings.<br \/>\n2. Durable and Weather-Resistant: This table and chair set features a sturdy and long-lasting iron frame that withstands various weather conditions. Additionally, it is sun-resistant and waterproof.<br \/>\n3. Elegant Design: The table top is made of black toughened glass, which is heat-resistant and beautiful, providing a stylish and elegant feel.<br \/>\n4. High-Quality Material: The backrest and armrests of the chair are woven with ropes to create a beautiful pattern that offers an elegant look and flexibility.<br \/>\n5. Comfortable Cushion: The seat cushion is made of water-repellent polyester fabric and filled with foam to provide a comfortable seating experience. The seat cushions are 8.5 cm thick, and the backrest is 8.5 cm, both removable for easy cleaning.<\/p>\n<p><img wpfc-lazyload-disable=\"true\" loading=\"lazy\" decoding=\"async\" height=\"2000\" src=\"https:\/\/allhom.com\/wp-content\/uploads\/2026\/04\/7-piece-outdoor-dining-set-for-6-with-tempered-glass-table-perfect-for-backyard-garden-meals.webp\" style=\"width: 100%;height: auto;vertical-align: middle\" width=\"2000\"><img wpfc-lazyload-disable=\"true\" loading=\"lazy\" decoding=\"async\" height=\"2000\" src=\"https:\/\/allhom.com\/wp-content\/uploads\/2026\/04\/7-piece-outdoor-dining-set-for-6-with-tempered-glass-table-perfect-for-backyard-garden-meals-1.webp\" style=\"width: 100%;height: auto;vertical-align: middle\" width=\"2000\"><img wpfc-lazyload-disable=\"true\" loading=\"lazy\" decoding=\"async\" height=\"2000\" src=\"https:\/\/allhom.com\/wp-content\/uploads\/2026\/04\/7-piece-outdoor-dining-set-for-6-with-tempered-glass-table-perfect-for-backyard-garden-meals-2.webp\" style=\"width: 100%;height: auto;vertical-align: middle\" width=\"2000\"><img wpfc-lazyload-disable=\"true\" loading=\"lazy\" decoding=\"async\" height=\"2000\" src=\"https:\/\/allhom.com\/wp-content\/uploads\/2026\/04\/7-piece-outdoor-dining-set-for-6-with-tempered-glass-table-perfect-for-backyard-garden-meals-3.webp\" style=\"width: 100%;height: auto;vertical-align: middle\" width=\"2000\"><img wpfc-lazyload-disable=\"true\" loading=\"lazy\" decoding=\"async\" height=\"2000\" src=\"https:\/\/allhom.com\/wp-content\/uploads\/2026\/04\/7-piece-outdoor-dining-set-for-6-with-tempered-glass-table-perfect-for-backyard-garden-meals-4.webp\" style=\"width: 100%;height: auto;vertical-align: middle\" width=\"2000\"><img wpfc-lazyload-disable=\"true\" loading=\"lazy\" decoding=\"async\" height=\"2000\" src=\"https:\/\/allhom.com\/wp-content\/uploads\/2026\/04\/7-piece-outdoor-dining-set-for-6-with-tempered-glass-table-perfect-for-backyard-garden-meals-5.webp\" style=\"width: 100%;height: auto;vertical-align: middle\" width=\"2000\"><img wpfc-lazyload-disable=\"true\" loading=\"lazy\" decoding=\"async\" height=\"2000\" src=\"https:\/\/allhom.com\/wp-content\/uploads\/2026\/04\/7-piece-outdoor-dining-set-for-6-with-tempered-glass-table-perfect-for-backyard-garden-meals-6.webp\" style=\"width: 100%;height: auto;vertical-align: middle\" width=\"2000\"><img wpfc-lazyload-disable=\"true\" loading=\"lazy\" decoding=\"async\" height=\"2000\" src=\"https:\/\/allhom.com\/wp-content\/uploads\/2026\/04\/7-piece-outdoor-dining-set-for-6-with-tempered-glass-table-perfect-for-backyard-garden-meals-7.webp\" style=\"width: 100%;height: auto;vertical-align: middle\" width=\"2000\"><img wpfc-lazyload-disable=\"true\" loading=\"lazy\" decoding=\"async\" height=\"2000\" src=\"https:\/\/allhom.com\/wp-content\/uploads\/2026\/04\/7-piece-outdoor-dining-set-for-6-with-tempered-glass-table-perfect-for-backyard-garden-meals-8.webp\" style=\"width: 100%;height: auto;vertical-align: middle\" width=\"2000\"><img wpfc-lazyload-disable=\"true\" loading=\"lazy\" decoding=\"async\" height=\"2000\" src=\"https:\/\/allhom.com\/wp-content\/uploads\/2026\/04\/7-piece-outdoor-dining-set-for-6-with-tempered-glass-table-perfect-for-backyard-garden-meals-9.webp\" style=\"width: 100%;height: auto;vertical-align: middle\" width=\"2000\"><img wpfc-lazyload-disable=\"true\" loading=\"lazy\" decoding=\"async\" height=\"2000\" src=\"https:\/\/allhom.com\/wp-content\/uploads\/2026\/04\/7-piece-outdoor-dining-set-for-6-with-tempered-glass-table-perfect-for-backyard-garden-meals-10.webp\" style=\"width: 100%;height: auto;vertical-align: middle\" width=\"2000\"><img wpfc-lazyload-disable=\"true\" loading=\"lazy\" decoding=\"async\" height=\"2000\" src=\"https:\/\/allhom.com\/wp-content\/uploads\/2026\/04\/7-piece-outdoor-dining-set-for-6-with-tempered-glass-table-perfect-for-backyard-garden-meals-11.webp\" style=\"width: 100%;height: auto;vertical-align: middle\" width=\"2000\"><img wpfc-lazyload-disable=\"true\" loading=\"lazy\" decoding=\"async\" height=\"2000\" src=\"https:\/\/allhom.com\/wp-content\/uploads\/2026\/04\/7-piece-outdoor-dining-set-for-6-with-tempered-glass-table-perfect-for-backyard-garden-meals-12.webp\" style=\"width: 100%;height: auto;vertical-align: middle\" width=\"2000\"><img wpfc-lazyload-disable=\"true\" loading=\"lazy\" decoding=\"async\" height=\"2000\" src=\"https:\/\/allhom.com\/wp-content\/uploads\/2026\/04\/7-piece-outdoor-dining-set-for-6-with-tempered-glass-table-perfect-for-backyard-garden-meals-13.webp\" style=\"width: 100%;height: auto;vertical-align: middle\" width=\"2000\"><img wpfc-lazyload-disable=\"true\" loading=\"lazy\" decoding=\"async\" height=\"2000\" src=\"https:\/\/allhom.com\/wp-content\/uploads\/2026\/04\/7-piece-outdoor-dining-set-for-6-with-tempered-glass-table-perfect-for-backyard-garden-meals-14.webp\" style=\"width: 100%;height: auto;vertical-align: middle\" width=\"2000\"><img wpfc-lazyload-disable=\"true\" loading=\"lazy\" decoding=\"async\" height=\"2000\" src=\"https:\/\/allhom.com\/wp-content\/uploads\/2026\/04\/7-piece-outdoor-dining-set-for-6-with-tempered-glass-table-perfect-for-backyard-garden-meals-15.webp\" style=\"width: 100%;height: auto;vertical-align: middle\" width=\"2000\"><img wpfc-lazyload-disable=\"true\" loading=\"lazy\" decoding=\"async\" height=\"2000\" src=\"https:\/\/allhom.com\/wp-content\/uploads\/2026\/04\/7-piece-outdoor-dining-set-for-6-with-tempered-glass-table-perfect-for-backyard-garden-meals-16.webp\" style=\"width: 100%;height: auto;vertical-align: middle\" width=\"2000\"><img wpfc-lazyload-disable=\"true\" loading=\"lazy\" decoding=\"async\" height=\"2000\" src=\"https:\/\/allhom.com\/wp-content\/uploads\/2026\/04\/7-piece-outdoor-dining-set-for-6-with-tempered-glass-table-perfect-for-backyard-garden-meals-17.webp\" style=\"width: 100%;height: auto;vertical-align: middle\" width=\"2000\"><img wpfc-lazyload-disable=\"true\" loading=\"lazy\" decoding=\"async\" height=\"2000\" src=\"https:\/\/allhom.com\/wp-content\/uploads\/2026\/04\/7-piece-outdoor-dining-set-for-6-with-tempered-glass-table-perfect-for-backyard-garden-meals-18.webp\" style=\"width: 100%;height: auto;vertical-align: middle\" width=\"2000\"><img wpfc-lazyload-disable=\"true\" loading=\"lazy\" decoding=\"async\" height=\"2000\" src=\"https:\/\/allhom.com\/wp-content\/uploads\/2026\/04\/7-piece-outdoor-dining-set-for-6-with-tempered-glass-table-perfect-for-backyard-garden-meals-19.webp\" style=\"width: 100%;height: auto;vertical-align: middle\" width=\"2000\"><img wpfc-lazyload-disable=\"true\" loading=\"lazy\" decoding=\"async\" height=\"2000\" src=\"https:\/\/allhom.com\/wp-content\/uploads\/2026\/04\/7-piece-outdoor-dining-set-for-6-with-tempered-glass-table-perfect-for-backyard-garden-meals-20.webp\" style=\"width: 100%;height: auto;vertical-align: middle\" width=\"2000\"><img wpfc-lazyload-disable=\"true\" loading=\"lazy\" decoding=\"async\" height=\"2000\" src=\"https:\/\/allhom.com\/wp-content\/uploads\/2026\/04\/7-piece-outdoor-dining-set-for-6-with-tempered-glass-table-perfect-for-backyard-garden-meals-21.webp\" style=\"width: 100%;height: auto;vertical-align: middle\" width=\"2000\"><img wpfc-lazyload-disable=\"true\" loading=\"lazy\" decoding=\"async\" height=\"2000\" src=\"https:\/\/allhom.com\/wp-content\/uploads\/2026\/04\/7-piece-outdoor-dining-set-for-6-with-tempered-glass-table-perfect-for-backyard-garden-meals-22.webp\" style=\"width: 100%;height: auto;vertical-align: middle\" width=\"2000\"><img wpfc-lazyload-disable=\"true\" loading=\"lazy\" decoding=\"async\" height=\"2000\" src=\"https:\/\/allhom.com\/wp-content\/uploads\/2026\/04\/7-piece-outdoor-dining-set-for-6-with-tempered-glass-table-perfect-for-backyard-garden-meals-23.webp\" style=\"width: 100%;height: auto;vertical-align: middle\" width=\"2000\"><img wpfc-lazyload-disable=\"true\" loading=\"lazy\" decoding=\"async\" height=\"2000\" src=\"https:\/\/allhom.com\/wp-content\/uploads\/2026\/04\/7-piece-outdoor-dining-set-for-6-with-tempered-glass-table-perfect-for-backyard-garden-meals-24.webp\" style=\"width: 100%;height: auto;vertical-align: middle\" width=\"2000\"><img wpfc-lazyload-disable=\"true\" loading=\"lazy\" decoding=\"async\" height=\"2000\" src=\"https:\/\/allhom.com\/wp-content\/uploads\/2026\/04\/7-piece-outdoor-dining-set-for-6-with-tempered-glass-table-perfect-for-backyard-garden-meals-25.webp\" style=\"width: 100%;height: auto;vertical-align: middle\" width=\"2000\"><\/div>\n<\/div>","protected":false},"excerpt":{"rendered":"<p>Frame Material:&nbsp;None High-concerned chemical:&nbsp;None Installation Method:&nbsp;Assembly Origin:&nbsp;De(origin) Material:&nbsp;Metal 1. Spacious and Comfortable: This set includes a square table (117&#215;117 cm), four chairs, and two footstools, comfortably accommodating up to six people, making it perfect for outdoor gatherings. 2&#8230;.<\/p>","protected":false},"featured_media":579490,"comment_status":"open","ping_status":"closed","template":"","meta":[],"etheme_brands":[],"product_brand":[],"product_cat":[21973,27719],"product_tag":[27844],"class_list":{"0":"post-579489","1":"product","2":"type-product","3":"status-publish","4":"has-post-thumbnail","6":"product_cat-furniture","7":"product_cat-outdoor-furniture","8":"product_tag-furniture","10":"first","11":"instock","12":"taxable","13":"shipping-taxable","14":"purchasable","15":"product-type-variable"},"_links":{"self":[{"href":"https:\/\/allhom.com\/pl\/wp-json\/wp\/v2\/product\/579489","targetHints":{"allow":["GET"]}}],"collection":[{"href":"https:\/\/allhom.com\/pl\/wp-json\/wp\/v2\/product"}],"about":[{"href":"https:\/\/allhom.com\/pl\/wp-json\/wp\/v2\/types\/product"}],"replies":[{"embeddable":true,"href":"https:\/\/allhom.com\/pl\/wp-json\/wp\/v2\/comments?post=579489"}],"version-history":[{"count":0,"href":"https:\/\/allhom.com\/pl\/wp-json\/wp\/v2\/product\/579489\/revisions"}],"wp:featuredmedia":[{"embeddable":true,"href":"https:\/\/allhom.com\/pl\/wp-json\/wp\/v2\/media\/579490"}],"wp:attachment":[{"href":"https:\/\/allhom.com\/pl\/wp-json\/wp\/v2\/media?parent=579489"}],"wp:term":[{"taxonomy":"brand","embeddable":true,"href":"https:\/\/allhom.com\/pl\/wp-json\/wp\/v2\/etheme_brands?post=579489"},{"taxonomy":"product_brand","embeddable":true,"href":"https:\/\/allhom.com\/pl\/wp-json\/wp\/v2\/product_brand?post=579489"},{"taxonomy":"product_cat","embeddable":true,"href":"https:\/\/allhom.com\/pl\/wp-json\/wp\/v2\/product_cat?post=579489"},{"taxonomy":"product_tag","embeddable":true,"href":"https:\/\/allhom.com\/pl\/wp-json\/wp\/v2\/product_tag?post=579489"}],"curies":[{"name":"wp","href":"https:\/\/api.w.org\/{rel}","templated":true}]}}