{"id":579949,"date":"2026-04-14T16:37:18","date_gmt":"2026-04-14T14:37:18","guid":{"rendered":"https:\/\/allhom.com\/shop\/camping-mat-waterproof-tarp-thicken-picnic-durable-beach-pad-multifunctional-tent-footprint-sun-canopy-ground-sheet-for-hiking\/"},"modified":"2026-04-14T18:25:17","modified_gmt":"2026-04-14T16:25:17","slug":"camping-mat-waterproof-tarp-thicken-picnic-durable-beach-pad-multifunctional-tent-footprint-sun-canopy-ground-sheet-for-hiking","status":"publish","type":"product","link":"https:\/\/allhom.com\/pl\/shop\/camping-mat-waterproof-tarp-thicken-picnic-durable-beach-pad-multifunctional-tent-footprint-sun-canopy-ground-sheet-for-hiking\/","title":{"rendered":"Mata kempingowa wodoodporna plandeka zag\u0119\u015bci\u0107 piknik trwa\u0142y pla\u017cowy podk\u0142ad wielofunkcyjny namiot \u015blad nas\u0142oneczniony arkusz pod\u0142o\u017ca do w\u0119dr\u00f3wek"},"content":{"rendered":"<div class=\"product-specs-list-container\">\n<ul class=\"product-specs-list util-clearfix\">\n<li class=\"product-prop line-limit-length\"><span class=\"property-title\">Substancja chemiczna budz\u0105ca du\u017ce obawy:&nbsp;<\/span><span class=\"property-desc line-limit-length\">Nic<\/span>\n                            <\/li>\n<li class=\"product-prop line-limit-length\"><span class=\"property-title\">Pochodzenie:&nbsp;<\/span><span class=\"property-desc line-limit-length\">Chiny kontynentalne<\/span>\n                            <\/li>\n<li class=\"product-prop line-limit-length\"><span class=\"property-title\">Cover Area:&nbsp;<\/span><span class=\"property-desc line-limit-length\">\u22645M\u00b2<\/span>\n                            <\/li>\n<\/ul><\/div>\n<div class=\"detailmodule_html\">\n<div class=\"detail-desc-decorate-richtext\">\n<div class=\"\">\n<div class=\"\">\n<div style=\"font-family:Arial, Helvetica, sans-serif;font-size:12px;line-height:150%\">\n<p style=\"font-size:24px;font-weight:bold;line-height:30px;margin-bottom:6px\"><img wpfc-lazyload-disable=\"true\" loading=\"lazy\" decoding=\"async\" data-id=\"ckeditor_img80\" height=\"95\" src=\"https:\/\/allhom.com\/wp-content\/uploads\/2026\/04\/Camping-Mat-Waterproof-Tarp-Thicken-Picnic-Durable-Beach-Pad-Multifunctional-Tent-Footprint-Sun-Canopy-Ground-Sheet-for-Hiking-6.webp?width=1000&#038;height=95&#038;hash=1095\" width=\"1000\"><\/p>\n<p>Place the tarp under your tent to prevent against dampness. Or make it as a sun canopy by fixing it through the grommet. A must have for any outdoor activities.<\/p>\n<p><strong>Cechy:<\/strong><br \/>\nMade of 210D Oxford cloth with unique waterproof processing, protects you and your belongings against dampness.<br \/>\nCan also be used as a sun \/ rain canopy by fixing the mat through the metal grommet.<br \/>\nCome with a drawstring bag, folding into compact size for convenient carry.<br \/>\nGreat for camping, beach, picnic, tent,etc.<\/p>\n<p><strong>Dane techniczne:<\/strong><br \/>\nMaterial: &nbsp;Oxford cloth<br \/>\nColor:Gray<br \/>\nWaterproof: PU2000mm<br \/>\nSize: S \/ M \/ L \/ XL \/ XXL ( optional )<br \/>\nS (for one person)<br \/>\nSize: 90 * 210 cm \/ 35.4 * 82.7 in<br \/>\nWeight: 220 g \/ 7.8 oz<br \/>\nPackage Size: 20 * 8 * 4 cm \/ 7.9 * 3.1 * 1.6 in<br \/>\nM (for two person)<br \/>\nSize: 140 * 210 cm \/ 55.1 * 82.7 in<br \/>\nWeight: 280 g \/ 9.9 oz<br \/>\nPackage Size: 20 * 10 * 5 cm \/ 7.9 * 3.9 * 2.0 in<br \/>\nL (for three person)<br \/>\nSize: 180 * 210 cm \/ 70.9 * 82.7 in<br \/>\nWeight: 380 g \/ 13.4 oz<br \/>\nPackage Size: 21 * 13 * 6 cm \/&nbsp;8.3 * 5.1 * 2.4 in<br \/>\nXL (for four person)<br \/>\nSize: 210 * 210 cm \/ 82.7 * 82.7 in<br \/>\nWeight: 420 g \/ 14.8 oz<br \/>\nPackage Size: 22 * 12 * 6 cm \/ 8.7 * 4.7 * 2.4 in<br \/>\nXXL (for five person)<br \/>\nSize: 240 * 210 cm \/ 94.5 * 82.7 in<br \/>\nWeight: 480 g \/ 16.9 oz<br \/>\nPackage Size: 22 * 12 * 6 cm \/ 8.7 * 4.7 * 2.4 in<\/p>\n<p><strong>Package List:&nbsp;<\/strong><br \/>\n1 * Camping Tent Tarp<br \/>\n1 * Pouch<\/p>\n<p>&nbsp;<\/p>\n<p>Notatka:<br \/>\n1. The real color of the item may be slightly different from the pictures shown on website caused by many factors such as brightness of your monitor and light brightness.<br \/>\n2. Please allow slight manual measurement deviation for the data.<\/p>\n<p style=\"margin-bottom:6px;margin-top:6px\"><img wpfc-lazyload-disable=\"true\" loading=\"lazy\" decoding=\"async\" data-id=\"ckeditor_img81\" height=\"87\" src=\"https:\/\/allhom.com\/wp-content\/uploads\/2026\/04\/Camping-Mat-Waterproof-Tarp-Thicken-Picnic-Durable-Beach-Pad-Multifunctional-Tent-Footprint-Sun-Canopy-Ground-Sheet-for-Hiking-7.webp?width=1000&#038;height=87&#038;hash=1087\" width=\"1000\"><\/p>\n<p><img wpfc-lazyload-disable=\"true\" decoding=\"async\" data-id=\"ckeditor_img82\" src=\"https:\/\/allhom.com\/wp-content\/uploads\/2026\/04\/Camping-Mat-Waterproof-Tarp-Thicken-Picnic-Durable-Beach-Pad-Multifunctional-Tent-Footprint-Sun-Canopy-Ground-Sheet-for-Hiking.webp\"><br \/>\n<img wpfc-lazyload-disable=\"true\" decoding=\"async\" data-id=\"ckeditor_img83\" src=\"https:\/\/allhom.com\/wp-content\/uploads\/2026\/04\/Camping-Mat-Waterproof-Tarp-Thicken-Picnic-Durable-Beach-Pad-Multifunctional-Tent-Footprint-Sun-Canopy-Ground-Sheet-for-Hiking-1.webp\"><br \/>\n<img wpfc-lazyload-disable=\"true\" decoding=\"async\" data-id=\"ckeditor_img84\" src=\"https:\/\/allhom.com\/wp-content\/uploads\/2026\/04\/Camping-Mat-Waterproof-Tarp-Thicken-Picnic-Durable-Beach-Pad-Multifunctional-Tent-Footprint-Sun-Canopy-Ground-Sheet-for-Hiking-2.webp\"><br \/>\n<img wpfc-lazyload-disable=\"true\" decoding=\"async\" data-id=\"ckeditor_img85\" src=\"https:\/\/allhom.com\/wp-content\/uploads\/2026\/04\/Camping-Mat-Waterproof-Tarp-Thicken-Picnic-Durable-Beach-Pad-Multifunctional-Tent-Footprint-Sun-Canopy-Ground-Sheet-for-Hiking-3.webp\"><br \/>\n<img wpfc-lazyload-disable=\"true\" decoding=\"async\" data-id=\"ckeditor_img86\" src=\"https:\/\/allhom.com\/wp-content\/uploads\/2026\/04\/Camping-Mat-Waterproof-Tarp-Thicken-Picnic-Durable-Beach-Pad-Multifunctional-Tent-Footprint-Sun-Canopy-Ground-Sheet-for-Hiking-4.webp\"><br \/>\n<img wpfc-lazyload-disable=\"true\" decoding=\"async\" data-id=\"ckeditor_img87\" src=\"https:\/\/allhom.com\/wp-content\/uploads\/2026\/04\/Camping-Mat-Waterproof-Tarp-Thicken-Picnic-Durable-Beach-Pad-Multifunctional-Tent-Footprint-Sun-Canopy-Ground-Sheet-for-Hiking-5.webp\"><br \/>\n<img wpfc-lazyload-disable=\"true\" decoding=\"async\" data-id=\"ckeditor_img88\" src=\"https:\/\/allhom.com\/wp-content\/uploads\/2026\/04\/Camping-Mat-Waterproof-Tarp-Thicken-Picnic-Durable-Beach-Pad-Multifunctional-Tent-Footprint-Sun-Canopy-Ground-Sheet-for-Hiking-8.webp?width=1000&#038;height=1000&#038;hash=2000\"><br \/>\n<img wpfc-lazyload-disable=\"true\" decoding=\"async\" data-id=\"ckeditor_img89\" src=\"https:\/\/allhom.com\/wp-content\/uploads\/2026\/04\/Camping-Mat-Waterproof-Tarp-Thicken-Picnic-Durable-Beach-Pad-Multifunctional-Tent-Footprint-Sun-Canopy-Ground-Sheet-for-Hiking-9.webp?width=1000&#038;height=1000&#038;hash=2000\"><br \/>\n<img wpfc-lazyload-disable=\"true\" decoding=\"async\" data-id=\"ckeditor_img90\" src=\"https:\/\/allhom.com\/wp-content\/uploads\/2026\/04\/Camping-Mat-Waterproof-Tarp-Thicken-Picnic-Durable-Beach-Pad-Multifunctional-Tent-Footprint-Sun-Canopy-Ground-Sheet-for-Hiking-10.webp?width=1000&#038;height=1000&#038;hash=2000\"><br \/>\n<img wpfc-lazyload-disable=\"true\" decoding=\"async\" data-id=\"ckeditor_img91\" src=\"https:\/\/allhom.com\/wp-content\/uploads\/2026\/04\/Camping-Mat-Waterproof-Tarp-Thicken-Picnic-Durable-Beach-Pad-Multifunctional-Tent-Footprint-Sun-Canopy-Ground-Sheet-for-Hiking-11.webp?width=1000&#038;height=1000&#038;hash=2000\"><br \/>\n<img wpfc-lazyload-disable=\"true\" decoding=\"async\" data-id=\"ckeditor_img92\" src=\"https:\/\/allhom.com\/wp-content\/uploads\/2026\/04\/Camping-Mat-Waterproof-Tarp-Thicken-Picnic-Durable-Beach-Pad-Multifunctional-Tent-Footprint-Sun-Canopy-Ground-Sheet-for-Hiking-12.webp?width=1601&#038;height=1601&#038;hash=3202\"><br \/>\n<img wpfc-lazyload-disable=\"true\" decoding=\"async\" data-id=\"ckeditor_img93\" src=\"https:\/\/allhom.com\/wp-content\/uploads\/2026\/04\/Camping-Mat-Waterproof-Tarp-Thicken-Picnic-Durable-Beach-Pad-Multifunctional-Tent-Footprint-Sun-Canopy-Ground-Sheet-for-Hiking-13.webp?width=1000&#038;height=1000&#038;hash=2000\"><br \/>\n<img wpfc-lazyload-disable=\"true\" decoding=\"async\" data-id=\"ckeditor_img94\" src=\"https:\/\/allhom.com\/wp-content\/uploads\/2026\/04\/Camping-Mat-Waterproof-Tarp-Thicken-Picnic-Durable-Beach-Pad-Multifunctional-Tent-Footprint-Sun-Canopy-Ground-Sheet-for-Hiking-14.webp?width=1000&#038;height=1000&#038;hash=2000\"><\/p>\n<\/div>\n<\/div>\n<\/div>\n<\/div>\n<\/div>","protected":false},"excerpt":{"rendered":"<p>High-concerned chemical:&nbsp;None Origin:&nbsp;Mainland China Cover Area:&nbsp;\u22645M\u00b2 Place the tarp under your tent to prevent against dampness. Or make it as a sun canopy by fixing it through the grommet. A must have for any outdoor activities. Features: Made&#8230;<\/p>","protected":false},"featured_media":579950,"comment_status":"open","ping_status":"closed","template":"","meta":[],"etheme_brands":[],"product_brand":[],"product_cat":[21973,27719],"product_tag":[27844],"class_list":{"0":"post-579949","1":"product","2":"type-product","3":"status-publish","4":"has-post-thumbnail","6":"product_cat-furniture","7":"product_cat-outdoor-furniture","8":"product_tag-furniture","10":"first","11":"instock","12":"taxable","13":"shipping-taxable","14":"purchasable","15":"product-type-variable"},"_links":{"self":[{"href":"https:\/\/allhom.com\/pl\/wp-json\/wp\/v2\/product\/579949","targetHints":{"allow":["GET"]}}],"collection":[{"href":"https:\/\/allhom.com\/pl\/wp-json\/wp\/v2\/product"}],"about":[{"href":"https:\/\/allhom.com\/pl\/wp-json\/wp\/v2\/types\/product"}],"replies":[{"embeddable":true,"href":"https:\/\/allhom.com\/pl\/wp-json\/wp\/v2\/comments?post=579949"}],"version-history":[{"count":15,"href":"https:\/\/allhom.com\/pl\/wp-json\/wp\/v2\/product\/579949\/revisions"}],"predecessor-version":[{"id":580665,"href":"https:\/\/allhom.com\/pl\/wp-json\/wp\/v2\/product\/579949\/revisions\/580665"}],"wp:featuredmedia":[{"embeddable":true,"href":"https:\/\/allhom.com\/pl\/wp-json\/wp\/v2\/media\/579950"}],"wp:attachment":[{"href":"https:\/\/allhom.com\/pl\/wp-json\/wp\/v2\/media?parent=579949"}],"wp:term":[{"taxonomy":"brand","embeddable":true,"href":"https:\/\/allhom.com\/pl\/wp-json\/wp\/v2\/etheme_brands?post=579949"},{"taxonomy":"product_brand","embeddable":true,"href":"https:\/\/allhom.com\/pl\/wp-json\/wp\/v2\/product_brand?post=579949"},{"taxonomy":"product_cat","embeddable":true,"href":"https:\/\/allhom.com\/pl\/wp-json\/wp\/v2\/product_cat?post=579949"},{"taxonomy":"product_tag","embeddable":true,"href":"https:\/\/allhom.com\/pl\/wp-json\/wp\/v2\/product_tag?post=579949"}],"curies":[{"name":"wp","href":"https:\/\/api.w.org\/{rel}","templated":true}]}}