{"id":579981,"date":"2026-04-14T16:46:47","date_gmt":"2026-04-14T14:46:47","guid":{"rendered":"https:\/\/allhom.com\/shop\/outsunny-folk-sun-lounger-outdoor-4-level-adjustable-back-relining-chair-flesh-steel-reliner-chair-for-campin\/"},"modified":"2026-04-14T18:37:05","modified_gmt":"2026-04-14T16:37:05","slug":"outsunny-folk-sun-lounger-outdoor-4-level-adjustable-back-relining-chair-flesh-steel-reliner-chair-for-campin","status":"publish","type":"product","link":"https:\/\/allhom.com\/pl\/shop\/outsunny-folk-sun-lounger-outdoor-4-level-adjustable-back-relining-chair-flesh-steel-reliner-chair-for-campin\/","title":{"rendered":"Outsunny Folk le\u017cak na zewn\u0105trz 4 poziom regulowany oparcie krzes\u0142o z podszewk\u0105 z ciel\u0119cia stalowe krzes\u0142o ReLiner dla Campin"},"content":{"rendered":"<div class=\"product-specs-list-container\">\n<ul class=\"product-specs-list util-clearfix\">\n<li class=\"product-prop line-limit-length\"><span class=\"property-title\">Whether Cushioned:&nbsp;<\/span><span class=\"property-desc line-limit-length\">Tak<\/span>\n                            <\/li>\n<li class=\"product-prop line-limit-length\"><span class=\"property-title\">Frame Material:&nbsp;<\/span><span class=\"property-desc line-limit-length\">Metal<\/span>\n                            <\/li>\n<li class=\"product-prop line-limit-length\"><span class=\"property-title\">Metoda instalacji:&nbsp;<\/span><span class=\"property-desc line-limit-length\">samowystarczalny<\/span>\n                            <\/li>\n<li class=\"product-prop line-limit-length\"><span class=\"property-title\">Zastosowanie og\u00f3lne:&nbsp;<\/span><span class=\"property-desc line-limit-length\">Meble ogrodowe<\/span>\n                            <\/li>\n<li class=\"product-prop line-limit-length\"><span class=\"property-title\">Konkretne zastosowanie:&nbsp;<\/span><span class=\"property-desc line-limit-length\">Beach Chair<\/span>\n                            <\/li>\n<\/ul><\/div>\n<div class=\"detailmodule_html\">\n<div class=\"detail-desc-decorate-richtext\"><\/p>\n<h2 style=\"font-family:MiSans;font-size:20px;font-weight:500;letter-spacing:0.02em;line-height:26px;text-align:start;white-space:normal;margin:0px 0px 20px;margin-bottom:20px;margin-top:0px;margin-left:0px;margin-right:0px;padding:20px 0px 0px;padding-bottom:0px;padding-top:20px;padding-left:0px;padding-right:0px\" class=\"product-info-h2 border-t border-black-300 pt-5 mb-5\" align=\"start\">Cechy<\/h2>\n<div style=\"font-family:MiSans;font-size:16px;font-weight:400;letter-spacing:0.32px;text-align:start;white-space:normal;margin:0px;margin-bottom:0px;margin-top:0px;margin-left:0px;margin-right:0px;padding:0px;padding-bottom:0px;padding-top:0px;padding-left:0px;padding-right:0px\" class=\"features-list\" align=\"start\">\n<ul style=\"font-family:var(--text-family);letter-spacing:0.02em;margin:0px;margin-bottom:0px;margin-top:0px;margin-left:0px;margin-right:0px;padding:0px;padding-bottom:0px;padding-top:0px;padding-left:0px;padding-right:0px\" class=\"features-list-ul\">\n<li style=\"font-family:var(--text-family);font-size:14px;letter-spacing:0.02em;line-height:21px;color:var(--black-500);margin:0px 0px 20px;margin-bottom:20px;margin-top:0px;margin-left:0px;margin-right:0px;padding:0px 0px 0px 18px;padding-bottom:0px;padding-top:0px;padding-left:18px;padding-right:0px;position:relative\" class=\"text-black-500 text-content mb-5\">\n<p>Practical Garden Lounge: The outdoor folk sun lounger is a ideal companion on a cool night, a leisurely afternoon or a decompressing holiday.<\/p>\n<\/li>\n<li style=\"font-family:var(--text-family);font-size:14px;letter-spacing:0.02em;line-height:21px;color:var(--black-500);margin:0px 0px 20px;margin-bottom:20px;margin-top:0px;margin-left:0px;margin-right:0px;padding:0px 0px 0px 18px;padding-bottom:0px;padding-top:0px;padding-left:18px;padding-right:0px;position:relative\" class=\"text-black-500 text-content mb-5\">\n<p>Adjustable back: The garden sun lounger back is 4-level adjustable and can meet your different need, like reading a book or have a nap.<\/p>\n<\/li>\n<li style=\"font-family:var(--text-family);font-size:14px;letter-spacing:0.02em;line-height:21px;color:var(--black-500);margin:0px 0px 20px;margin-bottom:20px;margin-top:0px;margin-left:0px;margin-right:0px;padding:0px 0px 0px 18px;padding-bottom:0px;padding-top:0px;padding-left:18px;padding-right:0px;position:relative\" class=\"text-black-500 text-content mb-5\">\n<p>Stable and cozy: This portable sun lounger is made of powder coated steel frame a stable standing and the 100% plastic fabric with a double elastic rope suspension system provides a comfortable yet strong support.<\/p>\n<\/li>\n<li style=\"font-family:var(--text-family);font-size:14px;letter-spacing:0.02em;line-height:21px;color:var(--black-500);margin:0px 0px 20px;margin-bottom:20px;margin-top:0px;margin-left:0px;margin-right:0px;padding:0px 0px 0px 18px;padding-bottom:0px;padding-top:0px;padding-left:18px;padding-right:0px;position:relative\" class=\"text-black-500 text-content mb-5\">\n<p>Foldable design: With the triflat design, the sun loungers for garden are space-saving when you store in the corner or put them in the trunk when traveling.<\/p>\n<\/li>\n<li style=\"font-family:var(--text-family);font-size:14px;letter-spacing:0.02em;line-height:21px;color:var(--black-500);margin:0px 0px 20px;margin-bottom:20px;margin-top:0px;margin-left:0px;margin-right:0px;padding:0px 0px 0px 18px;padding-bottom:0px;padding-top:0px;padding-left:18px;padding-right:0px;position:relative\" class=\"text-black-500 text-content mb-5\">\n<p>Dimensions:  nSize: 189L x 58W X 30Hcm, Folted  nDimension: 74L x 14W X 60Hcm.<\/p>\n<\/li>\n<\/ul>\n<\/div>\n<p><\/div>\n<\/div>","protected":false},"excerpt":{"rendered":"<p>Whether Cushioned:&nbsp;Yes Frame Material:&nbsp;Metal Installation Method:&nbsp;self-contained General Use:&nbsp;Outdoor Furniture Specific Use:&nbsp;Beach Chair Features Practical Garden Lounge: The outdoor folk sun lounger is a ideal companion on a cool night, a leisurely afternoon or a decompressing holiday. Adjustable back:&#8230;<\/p>","protected":false},"featured_media":579982,"comment_status":"open","ping_status":"closed","template":"","meta":[],"etheme_brands":[],"product_brand":[],"product_cat":[21973,27719],"product_tag":[27844],"class_list":{"0":"post-579981","1":"product","2":"type-product","3":"status-publish","4":"has-post-thumbnail","6":"product_cat-furniture","7":"product_cat-outdoor-furniture","8":"product_tag-furniture","10":"first","11":"instock","12":"taxable","13":"shipping-taxable","14":"purchasable","15":"product-type-variable"},"_links":{"self":[{"href":"https:\/\/allhom.com\/pl\/wp-json\/wp\/v2\/product\/579981","targetHints":{"allow":["GET"]}}],"collection":[{"href":"https:\/\/allhom.com\/pl\/wp-json\/wp\/v2\/product"}],"about":[{"href":"https:\/\/allhom.com\/pl\/wp-json\/wp\/v2\/types\/product"}],"replies":[{"embeddable":true,"href":"https:\/\/allhom.com\/pl\/wp-json\/wp\/v2\/comments?post=579981"}],"version-history":[{"count":0,"href":"https:\/\/allhom.com\/pl\/wp-json\/wp\/v2\/product\/579981\/revisions"}],"wp:featuredmedia":[{"embeddable":true,"href":"https:\/\/allhom.com\/pl\/wp-json\/wp\/v2\/media\/579982"}],"wp:attachment":[{"href":"https:\/\/allhom.com\/pl\/wp-json\/wp\/v2\/media?parent=579981"}],"wp:term":[{"taxonomy":"brand","embeddable":true,"href":"https:\/\/allhom.com\/pl\/wp-json\/wp\/v2\/etheme_brands?post=579981"},{"taxonomy":"product_brand","embeddable":true,"href":"https:\/\/allhom.com\/pl\/wp-json\/wp\/v2\/product_brand?post=579981"},{"taxonomy":"product_cat","embeddable":true,"href":"https:\/\/allhom.com\/pl\/wp-json\/wp\/v2\/product_cat?post=579981"},{"taxonomy":"product_tag","embeddable":true,"href":"https:\/\/allhom.com\/pl\/wp-json\/wp\/v2\/product_tag?post=579981"}],"curies":[{"name":"wp","href":"https:\/\/api.w.org\/{rel}","templated":true}]}}