{"id":583111,"date":"2026-04-17T11:34:09","date_gmt":"2026-04-17T09:34:09","guid":{"rendered":"https:\/\/allhom.com\/shop\/cybertake-s1-pro-portable-outdoor-air-conditioner-without-battery-bluetooth-remote-control-six-intelligent-modes-noise-%e2%89%a4-55db\/"},"modified":"2026-04-17T11:34:14","modified_gmt":"2026-04-17T09:34:14","slug":"cybertake-s1-pro-portable-outdoor-air-conditioner-without-battery-bluetooth-remote-control-six-intelligent-modes-noise-%e2%89%a4-55db","status":"publish","type":"product","link":"https:\/\/allhom.com\/pl\/shop\/cybertake-s1-pro-portable-outdoor-air-conditioner-without-battery-bluetooth-remote-control-six-intelligent-modes-noise-%e2%89%a4-55db\/","title":{"rendered":"CYBERTAKE S1 Pro Portable Outdoor Air Conditioner (without Battery) Bluetooth Remote Control Six Intelligent Modes Noise \u2264 55dB"},"content":{"rendered":"<div class=\"product-specs-list-container\">\n<ul class=\"product-specs-list util-clearfix\">\n<li class=\"product-prop line-limit-length\"><span class=\"property-title\">\u0179r\u00f3d\u0142o zasilania:&nbsp;<\/span><span class=\"property-desc line-limit-length\">Bateria<\/span>\n                            <\/li>\n<li class=\"product-prop line-limit-length\"><span class=\"property-title\">Nazwa marki:&nbsp;<\/span><span class=\"property-desc line-limit-length\">JIMMY<\/span>\n                            <\/li>\n<li class=\"product-prop line-limit-length\"><span class=\"property-title\">Pochodzenie:&nbsp;<\/span><span class=\"property-desc line-limit-length\">PL(Pochodzenie)<\/span>\n                            <\/li>\n<\/ul><\/div>\n<div class=\"detailmodule_html\">\n<div class=\"detail-desc-decorate-richtext\">\n<p style=\"line-height:inherit;margin:0px;margin-bottom:0px;margin-top:0px;margin-left:0px;margin-right:0px;padding:0px;padding-bottom:0px;padding-top:0px;padding-left:0px;padding-right:0px\"><span style=\"font-size:medium\"><strong><span style=\"font-size:24px\"><span style=\", times, serif\">&gt;&gt;Highlights<\/span><\/span><\/strong><\/span><\/p>\n<div id=\"nav-description\" style=\", Roboto, Arial, Helvetica, sans-serif, SimSun;font-size:14px;font-weight:400;letter-spacing:normal;text-align:start;white-space:normal;margin:-156px 0px 0px;margin-bottom:0px;margin-top:-156px;margin-left:0px;margin-right:0px;padding:156px 0px 0px;padding-bottom:0px;padding-top:156px;padding-left:0px;padding-right:0px\" class=\"description--wrap--LscZ0He\" align=\"start\">\n<div style=\"margin:0px;margin-bottom:0px;margin-top:0px;margin-left:0px;margin-right:0px;padding:0px;padding-bottom:0px;padding-top:0px;padding-left:0px;padding-right:0px;position:relative\" class=\"extend--wrap--yXwoDbO\">\n<div style=\"margin:0px;margin-bottom:0px;margin-top:0px;margin-left:0px;margin-right:0px;padding:0px;padding-bottom:0px;padding-top:0px;padding-left:0px;padding-right:0px;overflow:hidden;position:relative\" class=\"extend--content--VuIQZia\">\n<div style=\"margin:0px;margin-bottom:0px;margin-top:0px;margin-left:0px;margin-right:0px;padding:0px;padding-bottom:0px;padding-top:0px;padding-left:0px;padding-right:0px\">\n<div id=\"product-description\" style=\"margin:0px;margin-bottom:0px;margin-top:0px;margin-left:0px;margin-right:0px;padding:0px;padding-bottom:0px;padding-top:0px;padding-left:0px;padding-right:0px;max-width:944px;overflow:hidden;position:relative\" class=\"description--product-description--Mjtql28\">\n<div style=\"margin:0px;margin-bottom:0px;margin-top:0px;margin-left:0px;margin-right:0px;padding:0px;padding-bottom:0px;padding-top:0px;padding-left:0px;padding-right:0px\" class=\"description--origin-part--rWy05pE\">\n<div><\/div>\n<p style=\"line-height:inherit;margin:0px;margin-bottom:0px;margin-top:0px;margin-left:0px;margin-right:0px;padding:0px;padding-bottom:0px;padding-top:0px;padding-left:0px;padding-right:0px\"><span style=\"font-size:18px;, times, serif\">Intelligent variable frequency ultra-fast heating, ECO mode saves energy and electricity.<br \/>Suitcase size, lightweight and portable, suitable for outdoor use in various scenarios.<br \/>12V\/24V\/48V\/110\/220V, supports 480W full power drive under multiple voltages.<br \/>Durable and earthquake-resistant structure, no hear of bad weather.<br \/>Automatic drainage-free design, it is still recommended to connect the drainage pipe in severe humid environments.<\/span><\/p>\n<div><\/div>\n<p style=\"line-height:inherit;margin:0px;margin-bottom:0px;margin-top:0px;margin-left:0px;margin-right:0px;padding:0px;padding-bottom:0px;padding-top:0px;padding-left:0px;padding-right:0px\"><span style=\"font-size:14px;, Roboto, Arial, Helvetica, sans-serif, SimSun\"><strong><span style=\"font-size:24px\"><span style=\", times, serif\">&gt;&gt;Specification<\/span><\/span><\/strong><\/span><\/p>\n<div><\/div>\n<table style=\"border-collapse:collapse\" class=\"jbEidtTable\" border=\"1\" cellpadding=\"5\" cellspacing=\"0\">\n<tbody>\n<tr>\n<td style=\"text-align:left;width:172px\" align=\"left\">\n<p style=\"line-height:inherit;margin:0px;margin-bottom:0px;margin-top:0px;margin-left:0px;margin-right:0px;padding:0px;padding-bottom:0px;padding-top:0px;padding-left:0px;padding-right:0px\"><span style=\"font-size:18px;, times, serif\"><strong>Og\u00f3lny<\/strong><\/span><\/p>\n<\/td>\n<td style=\"text-align:left;width:624px\" align=\"left\">\n<p style=\"line-height:inherit;margin:0px;margin-bottom:0px;margin-top:0px;margin-left:0px;margin-right:0px;padding:0px;padding-bottom:0px;padding-top:0px;padding-left:0px;padding-right:0px\"><span style=\"font-size:18px;, times, serif\">Brand: CYBERTAKE<br \/>Type: Portable Air Conditizer<br \/>Model: S1 Pro<\/span><\/p>\n<\/td>\n<\/tr>\n<tr>\n<td style=\"text-align:left;width:172px\" align=\"left\">\n<p style=\"line-height:inherit;margin:0px;margin-bottom:0px;margin-top:0px;margin-left:0px;margin-right:0px;padding:0px;padding-bottom:0px;padding-top:0px;padding-left:0px;padding-right:0px\"><span style=\"font-size:18px;, times, serif\"><strong>Specyfikacja<\/strong><\/span><\/p>\n<\/td>\n<td style=\"text-align:left;width:624px\" align=\"left\">\n<p style=\"line-height:inherit;margin:0px;margin-bottom:0px;margin-top:0px;margin-left:0px;margin-right:0px;padding:0px;padding-bottom:0px;padding-top:0px;padding-left:0px;padding-right:0px\"><span style=\"font-size:18px;, times, serif\">Drainage-free: Support<br \/>Input voltage: AC110V-240V ~ 50\/60Hz<br \/>Input power: 480W<br \/>Cooling capacity: Panasonic compressor 3300BTU\/H 960W<br \/>Cooling setting temperature: 16 &deg;C-28 &deg;C<br \/>Circulating air volume: 160-240m\u00b3\/H<br \/>Noise value: &le; 55dB(A)<br \/>Working mode: AUTO, MAX fast cooling, ECO energy saving, ECO + Sleep, dehumidification, Air Supply<\/span><\/p>\n<\/td>\n<\/tr>\n<tr>\n<td style=\"text-align:left;width:172px\" align=\"left\">\n<p style=\"line-height:inherit;margin:0px;margin-bottom:0px;margin-top:0px;margin-left:0px;margin-right:0px;padding:0px;padding-bottom:0px;padding-top:0px;padding-left:0px;padding-right:0px\"><span style=\"font-size:18px;, times, serif\"><strong>Weight &amp; Size<\/strong><\/span><\/p>\n<\/td>\n<td style=\"text-align:left;width:624px\" align=\"left\">\n<p style=\"line-height:inherit;margin:0px;margin-bottom:0px;margin-top:0px;margin-left:0px;margin-right:0px;padding:0px;padding-bottom:0px;padding-top:0px;padding-left:0px;padding-right:0px\"><span style=\"font-size:18px;, times, serif\">Product Weight: 9.6kg<br \/>Package Weight: 15kg<br \/>Product Size(L X W X H): 46x24x33cm<br \/>Package Size(L X W X H): 63&#215;35.5&#215;37.5cm<\/span><\/p>\n<\/td>\n<\/tr>\n<\/tbody>\n<\/table>\n<div><\/div>\n<p style=\"line-height:inherit;margin:0px;margin-bottom:0px;margin-top:0px;margin-left:0px;margin-right:0px;padding:0px;padding-bottom:0px;padding-top:0px;padding-left:0px;padding-right:0px\"><span style=\"font-size:14px;, Roboto, Arial, Helvetica, sans-serif, SimSun\"><strong><span style=\"font-size:24px;, times, serif\">&gt;&gt;Product Pictures and Descriptions<\/span><\/strong><\/span><\/p>\n<div><\/div>\n<p style=\"line-height:inherit;margin:0px;margin-bottom:0px;margin-top:0px;margin-left:0px;margin-right:0px;padding:0px;padding-bottom:0px;padding-top:0px;padding-left:0px;padding-right:0px\"><img decoding=\"async\" style=\"border:0px;margin:0px;margin-bottom:0px;margin-top:0px;margin-left:0px;margin-right:0px;padding:0px;padding-bottom:0px;padding-top:0px;padding-left:0px;padding-right:0px;max-width:100%\" src=\"https:\/\/ae01.alicdn.com\/kf\/S883d434079d449d6b6348a946f08bd20X.jpg\" \/><img decoding=\"async\" style=\"border:0px;margin:0px;margin-bottom:0px;margin-top:0px;margin-left:0px;margin-right:0px;padding:0px;padding-bottom:0px;padding-top:0px;padding-left:0px;padding-right:0px;max-width:100%\" src=\"https:\/\/ae01.alicdn.com\/kf\/S01790d11b0c145e6ac419b25b707b25ev.jpg\" \/><img decoding=\"async\" style=\"border:0px;margin:0px;margin-bottom:0px;margin-top:0px;margin-left:0px;margin-right:0px;padding:0px;padding-bottom:0px;padding-top:0px;padding-left:0px;padding-right:0px;max-width:100%\" src=\"https:\/\/ae01.alicdn.com\/kf\/Sf60fbbb2c0d447d994dd1c1031cf70a9W.jpg\" \/><img decoding=\"async\" style=\"border:0px;margin:0px;margin-bottom:0px;margin-top:0px;margin-left:0px;margin-right:0px;padding:0px;padding-bottom:0px;padding-top:0px;padding-left:0px;padding-right:0px;max-width:100%\" src=\"https:\/\/ae01.alicdn.com\/kf\/Sa2c78a89a79a4a9cbfb2544461015c83p.jpg\" \/><img decoding=\"async\" style=\"border:0px;margin:0px;margin-bottom:0px;margin-top:0px;margin-left:0px;margin-right:0px;padding:0px;padding-bottom:0px;padding-top:0px;padding-left:0px;padding-right:0px;max-width:100%\" src=\"https:\/\/ae01.alicdn.com\/kf\/S6b8129c70376426c86d11d5504c2e471y.jpg\" \/><img decoding=\"async\" style=\"border:0px;margin:0px;margin-bottom:0px;margin-top:0px;margin-left:0px;margin-right:0px;padding:0px;padding-bottom:0px;padding-top:0px;padding-left:0px;padding-right:0px;max-width:100%\" src=\"https:\/\/ae01.alicdn.com\/kf\/S9eb3db81cf854553b3e226bd255368c0q.jpg\" \/><img decoding=\"async\" style=\"border:0px;margin:0px;margin-bottom:0px;margin-top:0px;margin-left:0px;margin-right:0px;padding:0px;padding-bottom:0px;padding-top:0px;padding-left:0px;padding-right:0px;max-width:100%\" src=\"https:\/\/ae01.alicdn.com\/kf\/S254e9a45e8fe43d7ba57690343090d1eO.jpg\" \/><img decoding=\"async\" style=\"border:0px;margin:0px;margin-bottom:0px;margin-top:0px;margin-left:0px;margin-right:0px;padding:0px;padding-bottom:0px;padding-top:0px;padding-left:0px;padding-right:0px;max-width:100%\" src=\"https:\/\/ae01.alicdn.com\/kf\/S236e692d557645e897e3056e9b715c53P.jpg\" \/><img decoding=\"async\" style=\"border:0px;margin:0px;margin-bottom:0px;margin-top:0px;margin-left:0px;margin-right:0px;padding:0px;padding-bottom:0px;padding-top:0px;padding-left:0px;padding-right:0px;max-width:100%\" src=\"https:\/\/ae01.alicdn.com\/kf\/S552f59de4ef64de690df774ef7850175F.jpg\" \/><img decoding=\"async\" style=\"border:0px;margin:0px;margin-bottom:0px;margin-top:0px;margin-left:0px;margin-right:0px;padding:0px;padding-bottom:0px;padding-top:0px;padding-left:0px;padding-right:0px;max-width:100%\" src=\"https:\/\/ae01.alicdn.com\/kf\/Saf9e16204f7146fa8b4d75d81dd7b76bb.jpg\" \/><img decoding=\"async\" style=\"border:0px;margin:0px;margin-bottom:0px;margin-top:0px;margin-left:0px;margin-right:0px;padding:0px;padding-bottom:0px;padding-top:0px;padding-left:0px;padding-right:0px;max-width:100%\" src=\"https:\/\/ae01.alicdn.com\/kf\/S7cc8451a462e43ea877234b0c0a6d9a7X.jpg\" \/><img decoding=\"async\" style=\"border:0px;margin:0px;margin-bottom:0px;margin-top:0px;margin-left:0px;margin-right:0px;padding:0px;padding-bottom:0px;padding-top:0px;padding-left:0px;padding-right:0px;max-width:100%\" src=\"https:\/\/ae01.alicdn.com\/kf\/S9123c03c3ef64185b253ecbe402204cah.jpg\" \/><img decoding=\"async\" style=\"border:0px;margin:0px;margin-bottom:0px;margin-top:0px;margin-left:0px;margin-right:0px;padding:0px;padding-bottom:0px;padding-top:0px;padding-left:0px;padding-right:0px;max-width:100%\" src=\"https:\/\/ae01.alicdn.com\/kf\/Sdcf4c9c2f787440380ba8554255c2ec9L.jpg\" \/><img decoding=\"async\" style=\"border:0px;margin:0px;margin-bottom:0px;margin-top:0px;margin-left:0px;margin-right:0px;padding:0px;padding-bottom:0px;padding-top:0px;padding-left:0px;padding-right:0px;max-width:100%\" src=\"https:\/\/ae01.alicdn.com\/kf\/Sa26813ac74804da5a52899c898186751N.jpg\" \/><img decoding=\"async\" style=\"border:0px;margin:0px;margin-bottom:0px;margin-top:0px;margin-left:0px;margin-right:0px;padding:0px;padding-bottom:0px;padding-top:0px;padding-left:0px;padding-right:0px;max-width:100%\" src=\"https:\/\/ae01.alicdn.com\/kf\/S4197bd550d5748549365121237dcf749S.jpg\" \/><img decoding=\"async\" style=\"border:0px;margin:0px;margin-bottom:0px;margin-top:0px;margin-left:0px;margin-right:0px;padding:0px;padding-bottom:0px;padding-top:0px;padding-left:0px;padding-right:0px;max-width:100%\" src=\"https:\/\/ae01.alicdn.com\/kf\/Sae36fff47b654cf09eaf3b825206c2c3O.jpg\" \/><img decoding=\"async\" style=\"border:0px;margin:0px;margin-bottom:0px;margin-top:0px;margin-left:0px;margin-right:0px;padding:0px;padding-bottom:0px;padding-top:0px;padding-left:0px;padding-right:0px;max-width:100%\" src=\"https:\/\/ae01.alicdn.com\/kf\/S40b4fda418af42a69c1667aee72d3611j.jpg\" \/><img decoding=\"async\" style=\"border:0px;margin:0px;margin-bottom:0px;margin-top:0px;margin-left:0px;margin-right:0px;padding:0px;padding-bottom:0px;padding-top:0px;padding-left:0px;padding-right:0px;max-width:100%\" src=\"https:\/\/ae01.alicdn.com\/kf\/S4e307404ba36492f9e89709f004bbd2c7.jpg\" \/><img decoding=\"async\" style=\"border:0px;margin:0px;margin-bottom:0px;margin-top:0px;margin-left:0px;margin-right:0px;padding:0px;padding-bottom:0px;padding-top:0px;padding-left:0px;padding-right:0px;max-width:100%\" src=\"https:\/\/ae01.alicdn.com\/kf\/Sfd625e6f517a44a89ae193af94bdc6b35.jpg\" \/><img decoding=\"async\" style=\"border:0px;margin:0px;margin-bottom:0px;margin-top:0px;margin-left:0px;margin-right:0px;padding:0px;padding-bottom:0px;padding-top:0px;padding-left:0px;padding-right:0px;max-width:100%\" src=\"https:\/\/ae01.alicdn.com\/kf\/S6ae5d59cd8114d58bfdbd81da16c199d7.jpg\" \/><img decoding=\"async\" style=\"border:0px;margin:0px;margin-bottom:0px;margin-top:0px;margin-left:0px;margin-right:0px;padding:0px;padding-bottom:0px;padding-top:0px;padding-left:0px;padding-right:0px;max-width:100%\" src=\"https:\/\/ae01.alicdn.com\/kf\/S4b40bfbaea704c42a62664665ca56d5fR.jpg\" \/><img decoding=\"async\" style=\"border:0px;margin:0px;margin-bottom:0px;margin-top:0px;margin-left:0px;margin-right:0px;padding:0px;padding-bottom:0px;padding-top:0px;padding-left:0px;padding-right:0px;max-width:100%\" src=\"https:\/\/ae01.alicdn.com\/kf\/Sf41065460d8a40c5b11cda2e2eb219c7T.jpg\" \/><\/p>\n<\/div>\n<\/div>\n<\/div>\n<\/div>\n<\/div>\n<\/div>\n<div style=\", Roboto, Arial, Helvetica, sans-serif, SimSun;font-size:14px;font-weight:400;letter-spacing:normal;text-align:start;white-space:normal;margin:0px;margin-bottom:0px;margin-top:0px;margin-left:0px;margin-right:0px;padding:0px;padding-bottom:0px;padding-top:0px;padding-left:0px;padding-right:0px\" class=\"split-line--wrap--dVhU29K\" align=\"start\"><\/div>\n<p><\/div>\n<\/div>","protected":false},"excerpt":{"rendered":"<p>Power Source:&nbsp;Battery Brand Name:&nbsp;JIMMY Origin:&nbsp;PL(Origin) &gt;&gt;Highlights Intelligent variable frequency ultra-fast heating, ECO mode saves energy and electricity.Suitcase size, lightweight and portable, suitable for outdoor use in various scenarios.12V\/24V\/48V\/110\/220V, supports 480W full power drive under multiple voltages.Durable and earthquake-resistant&#8230;<\/p>","protected":false},"featured_media":583112,"comment_status":"open","ping_status":"closed","template":"","meta":[],"etheme_brands":[],"product_brand":[],"product_cat":[28023,28025],"product_tag":[28022],"class_list":{"0":"post-583111","1":"product","2":"type-product","3":"status-publish","4":"has-post-thumbnail","6":"product_cat-home-appliances","7":"product_cat-household-appliances","8":"product_tag-appliances","10":"first","11":"instock","12":"taxable","13":"shipping-taxable","14":"purchasable","15":"product-type-variable"},"_links":{"self":[{"href":"https:\/\/allhom.com\/pl\/wp-json\/wp\/v2\/product\/583111","targetHints":{"allow":["GET"]}}],"collection":[{"href":"https:\/\/allhom.com\/pl\/wp-json\/wp\/v2\/product"}],"about":[{"href":"https:\/\/allhom.com\/pl\/wp-json\/wp\/v2\/types\/product"}],"replies":[{"embeddable":true,"href":"https:\/\/allhom.com\/pl\/wp-json\/wp\/v2\/comments?post=583111"}],"version-history":[{"count":0,"href":"https:\/\/allhom.com\/pl\/wp-json\/wp\/v2\/product\/583111\/revisions"}],"wp:featuredmedia":[{"embeddable":true,"href":"https:\/\/allhom.com\/pl\/wp-json\/wp\/v2\/media\/583112"}],"wp:attachment":[{"href":"https:\/\/allhom.com\/pl\/wp-json\/wp\/v2\/media?parent=583111"}],"wp:term":[{"taxonomy":"brand","embeddable":true,"href":"https:\/\/allhom.com\/pl\/wp-json\/wp\/v2\/etheme_brands?post=583111"},{"taxonomy":"product_brand","embeddable":true,"href":"https:\/\/allhom.com\/pl\/wp-json\/wp\/v2\/product_brand?post=583111"},{"taxonomy":"product_cat","embeddable":true,"href":"https:\/\/allhom.com\/pl\/wp-json\/wp\/v2\/product_cat?post=583111"},{"taxonomy":"product_tag","embeddable":true,"href":"https:\/\/allhom.com\/pl\/wp-json\/wp\/v2\/product_tag?post=583111"}],"curies":[{"name":"wp","href":"https:\/\/api.w.org\/{rel}","templated":true}]}}